{"id":85,"date":"2021-06-15T14:39:59","date_gmt":"2021-06-15T17:39:59","guid":{"rendered":"https:\/\/177.74.2.66\/terapiaocupacional\/?page_id=85"},"modified":"2021-07-02T11:11:17","modified_gmt":"2021-07-02T14:11:17","slug":"conheca-a-profissao-2","status":"publish","type":"page","link":"https:\/\/paginas.uepa.br\/terapiaocupacional\/index.php\/conheca-a-profissao-2\/","title":{"rendered":"Sobre a Profiss\u00e3o"},"content":{"rendered":"\n<div class=\"wp-block-cover has-background-dim-30 has-background-dim\"><img loading=\"lazy\" decoding=\"async\" width=\"2000\" height=\"2000\" class=\"wp-block-cover__image-background wp-image-304\" alt=\"\" src=\"https:\/\/paginas.uepa.br\/terapiaocupacional\/wp-content\/uploads\/2021\/07\/Brasao_TO-1.jpg\" style=\"object-position:52% 52%\" data-object-fit=\"cover\" data-object-position=\"52% 52%\" srcset=\"https:\/\/paginas.uepa.br\/terapiaocupacional\/wp-content\/uploads\/2021\/07\/Brasao_TO-1.jpg 2000w, https:\/\/paginas.uepa.br\/terapiaocupacional\/wp-content\/uploads\/2021\/07\/Brasao_TO-1-300x300.jpg 300w, https:\/\/paginas.uepa.br\/terapiaocupacional\/wp-content\/uploads\/2021\/07\/Brasao_TO-1-1024x1024.jpg 1024w, https:\/\/paginas.uepa.br\/terapiaocupacional\/wp-content\/uploads\/2021\/07\/Brasao_TO-1-150x150.jpg 150w, https:\/\/paginas.uepa.br\/terapiaocupacional\/wp-content\/uploads\/2021\/07\/Brasao_TO-1-768x768.jpg 768w, https:\/\/paginas.uepa.br\/terapiaocupacional\/wp-content\/uploads\/2021\/07\/Brasao_TO-1-1536x1536.jpg 1536w\" sizes=\"(max-width: 2000px) 100vw, 2000px\" \/><div class=\"wp-block-cover__inner-container is-layout-flow wp-block-cover-is-layout-flow\">\n<p class=\"has-text-align-center has-large-font-size\">TERAPIA OCUPACIONAL<\/p>\n<\/div><\/div>\n\n\n\n<div class=\"wp-block-columns is-layout-flex wp-container-core-columns-is-layout-1 wp-block-columns-is-layout-flex\">\n<div class=\"wp-block-column is-layout-flow wp-block-column-is-layout-flow\">\n<p><\/p>\n\n\n\n<p class=\"texto-justificado\">De acordo com o Conselho Federal de Fisioterapia e Terapia Ocupacional (COFFITO), a Terapia Ocupacional \u00e9 uma profiss\u00e3o de ensino superior voltada para o estudo das altera\u00e7\u00f5es cognitivas, sensoriais, psicomotoras, afetivas e perceptivas, decorrentes ou n\u00e3o de dist\u00farbios gen\u00e9ticos, acometimentos traum\u00e1ticos e\/ou doen\u00e7as adquiridas. Para isso, os terapeutas ocupacionais utilizam a atividade humana como base para o desenvolvimento de projetos terap\u00eauticos espec\u00edficos, seja na aten\u00e7\u00e3o prim\u00e1ria, de m\u00e9dia ou alta complexidade.<\/p>\n<\/div>\n\n\n\n<div class=\"wp-block-column is-layout-flow wp-block-column-is-layout-flow\">\n<p><\/p>\n\n\n\n<p class=\"texto-justificado\">Nessa perspectiva, o terapeuta ocupacional desenvolve sua atua\u00e7\u00e3o a partir de sua forma\u00e7\u00e3o nas \u00e1reas de sa\u00fade e sociais. Assim, sua interven\u00e7\u00e3o pretende avaliar o indiv\u00edduo, buscando identificar poss\u00edveis disfun\u00e7\u00f5es, considerando a idade, sua forma\u00e7\u00e3o pessoal e seu contexto familiar e social. Dessa forma, o terapeuta ocupacional presta assist\u00eancia ao ser humano, tanto no plano individual como coletivo, contribuindo para a promo\u00e7\u00e3o de sa\u00fade, preven\u00e7\u00e3o de agravos, tratamento, recupera\u00e7\u00e3o e reabilita\u00e7\u00e3o da sa\u00fade. <\/p>\n<\/div>\n<\/div>\n\n\n\n<p class=\"texto-justificado\">De acordo com a World Federation of Occupational Therapists (WFOT) o terapeuta ocupacional trabalha com a ocupa\u00e7\u00e3o humana, a qual pode-se ser compreendida como as atividades cotidianas que as pessoas realizam como indiv\u00edduos, nas fam\u00edlias e nas comunidades. Nesse sentido, as ocupa\u00e7\u00f5es incluem as atividades que as pessoas precisam, querem e devem fazer, como educa\u00e7\u00e3o e trabalho, por exemplo. O processo de terapia ocupacional \u00e9 baseado em avalia\u00e7\u00f5es iniciais e repetidas. O terapeuta ocupacional junto com a pessoa com quem est\u00e1 trabalhando enfoca as habilidades individuais e ambientais e os problemas relacionados \u00e0s atividades da vida di\u00e1ria da pessoa<\/p>\n\n\n\n<p>Diante disso, o terapeuta ocupacional pode atuar nos seguintes campos: <\/p>\n\n\n\n<ul><li>Contexto Hospitalar;<\/li><li>Unidade de Terapia Intensiva; <\/li><li>Aten\u00e7\u00e3o Prim\u00e1ria de Sa\u00fade (N\u00facleo Ampliado em Sa\u00fade da Fam\u00edlia e Unidade B\u00e1sica de Sa\u00fade);<\/li><li>Sa\u00fade Mental;<\/li><li>Aten\u00e7\u00e3o Ambulatorial (Centros Especializados em Reabilita\u00e7\u00e3o);<\/li><li>Tecnologias em Sa\u00fade e Tecnologia Assistiva;<\/li><li>Sa\u00fade do Trabalhador; <\/li><\/ul>\n","protected":false},"excerpt":{"rendered":"<p>De acordo com o Conselho Federal de Fisioterapia e Terapia Ocupacional (COFFITO), a Terapia Ocupacional \u00e9 uma profiss\u00e3o de ensino superior voltada para o estudo das altera\u00e7\u00f5es cognitivas, sensoriais, psicomotoras, afetivas e perceptivas, decorrentes ou n\u00e3o de dist\u00farbios gen\u00e9ticos, acometimentos traum\u00e1ticos e\/ou doen\u00e7as adquiridas. Para isso, os terapeutas ocupacionais utilizam a atividade humana como base &hellip;<\/p>\n<p class=\"read-more\"> <a class=\"\" href=\"https:\/\/paginas.uepa.br\/terapiaocupacional\/index.php\/conheca-a-profissao-2\/\"> <span class=\"screen-reader-text\">Sobre a Profiss\u00e3o<\/span> Leia mais &raquo;<\/a><\/p>\n","protected":false},"author":1,"featured_media":0,"parent":0,"menu_order":0,"comment_status":"closed","ping_status":"closed","template":"","meta":{"_uag_custom_page_level_css":"","site-sidebar-layout":"default","site-content-layout":"default","ast-site-content-layout":"","site-content-style":"default","site-sidebar-style":"default","ast-global-header-display":"","ast-banner-title-visibility":"","ast-main-header-display":"","ast-hfb-above-header-display":"","ast-hfb-below-header-display":"","ast-hfb-mobile-header-display":"","site-post-title":"","ast-breadcrumbs-content":"","ast-featured-img":"","footer-sml-layout":"","theme-transparent-header-meta":"default","adv-header-id-meta":"","stick-header-meta":"","header-above-stick-meta":"","header-main-stick-meta":"","header-below-stick-meta":"","astra-migrate-meta-layouts":"","ast-page-background-enabled":"default","ast-page-background-meta":{"desktop":{"background-color":"","background-image":"","background-repeat":"repeat","background-position":"center center","background-size":"auto","background-attachment":"scroll","background-type":"","background-media":"","overlay-type":"","overlay-color":"","overlay-gradient":""},"tablet":{"background-color":"","background-image":"","background-repeat":"repeat","background-position":"center center","background-size":"auto","background-attachment":"scroll","background-type":"","background-media":"","overlay-type":"","overlay-color":"","overlay-gradient":""},"mobile":{"background-color":"","background-image":"","background-repeat":"repeat","background-position":"center center","background-size":"auto","background-attachment":"scroll","background-type":"","background-media":"","overlay-type":"","overlay-color":"","overlay-gradient":""}},"ast-content-background-meta":{"desktop":{"background-color":"var(--ast-global-color-5)","background-image":"","background-repeat":"repeat","background-position":"center center","background-size":"auto","background-attachment":"scroll","background-type":"","background-media":"","overlay-type":"","overlay-color":"","overlay-gradient":""},"tablet":{"background-color":"var(--ast-global-color-5)","background-image":"","background-repeat":"repeat","background-position":"center center","background-size":"auto","background-attachment":"scroll","background-type":"","background-media":"","overlay-type":"","overlay-color":"","overlay-gradient":""},"mobile":{"background-color":"var(--ast-global-color-5)","background-image":"","background-repeat":"repeat","background-position":"center center","background-size":"auto","background-attachment":"scroll","background-type":"","background-media":"","overlay-type":"","overlay-color":"","overlay-gradient":""}},"footnotes":""},"uagb_featured_image_src":{"full":false,"thumbnail":false,"medium":false,"medium_large":false,"large":false,"1536x1536":false,"2048x2048":false},"uagb_author_info":{"display_name":"admin@uepa.br","author_link":"https:\/\/paginas.uepa.br\/terapiaocupacional\/index.php\/author\/adminuepa-br\/"},"uagb_comment_info":0,"uagb_excerpt":"De acordo com o Conselho Federal de Fisioterapia e Terapia Ocupacional (COFFITO), a Terapia Ocupacional \u00e9 uma profiss\u00e3o de ensino superior voltada para o estudo das altera\u00e7\u00f5es cognitivas, sensoriais, psicomotoras, afetivas e perceptivas, decorrentes ou n\u00e3o de dist\u00farbios gen\u00e9ticos, acometimentos traum\u00e1ticos e\/ou doen\u00e7as adquiridas. Para isso, os terapeutas ocupacionais utilizam a atividade humana como base&hellip;","_links":{"self":[{"href":"https:\/\/paginas.uepa.br\/terapiaocupacional\/index.php\/wp-json\/wp\/v2\/pages\/85"}],"collection":[{"href":"https:\/\/paginas.uepa.br\/terapiaocupacional\/index.php\/wp-json\/wp\/v2\/pages"}],"about":[{"href":"https:\/\/paginas.uepa.br\/terapiaocupacional\/index.php\/wp-json\/wp\/v2\/types\/page"}],"author":[{"embeddable":true,"href":"https:\/\/paginas.uepa.br\/terapiaocupacional\/index.php\/wp-json\/wp\/v2\/users\/1"}],"replies":[{"embeddable":true,"href":"https:\/\/paginas.uepa.br\/terapiaocupacional\/index.php\/wp-json\/wp\/v2\/comments?post=85"}],"version-history":[{"count":5,"href":"https:\/\/paginas.uepa.br\/terapiaocupacional\/index.php\/wp-json\/wp\/v2\/pages\/85\/revisions"}],"predecessor-version":[{"id":357,"href":"https:\/\/paginas.uepa.br\/terapiaocupacional\/index.php\/wp-json\/wp\/v2\/pages\/85\/revisions\/357"}],"wp:attachment":[{"href":"https:\/\/paginas.uepa.br\/terapiaocupacional\/index.php\/wp-json\/wp\/v2\/media?parent=85"}],"curies":[{"name":"wp","href":"https:\/\/api.w.org\/{rel}","templated":true}]}}