{"id":419,"date":"2021-11-30T10:33:36","date_gmt":"2021-11-30T13:33:36","guid":{"rendered":"https:\/\/paginas.uepa.br\/terapiaocupacional\/?page_id=419"},"modified":"2022-08-03T12:00:27","modified_gmt":"2022-08-03T15:00:27","slug":"nupeto","status":"publish","type":"page","link":"https:\/\/paginas.uepa.br\/terapiaocupacional\/index.php\/nupeto\/","title":{"rendered":"NUPETO"},"content":{"rendered":"\n<div class=\"wp-block-columns is-layout-flex wp-container-core-columns-is-layout-1 wp-block-columns-is-layout-flex\">\n<div class=\"wp-block-column is-layout-flow wp-block-column-is-layout-flow\">\n<figure class=\"wp-block-image size-large\"><img loading=\"lazy\" decoding=\"async\" width=\"1024\" height=\"576\" src=\"https:\/\/paginas.uepa.br\/terapiaocupacional\/wp-content\/uploads\/2021\/11\/NUPETO-1024x576.png\" alt=\"\" class=\"wp-image-420\" srcset=\"https:\/\/paginas.uepa.br\/terapiaocupacional\/wp-content\/uploads\/2021\/11\/NUPETO-1024x576.png 1024w, https:\/\/paginas.uepa.br\/terapiaocupacional\/wp-content\/uploads\/2021\/11\/NUPETO-300x169.png 300w, https:\/\/paginas.uepa.br\/terapiaocupacional\/wp-content\/uploads\/2021\/11\/NUPETO-768x432.png 768w, https:\/\/paginas.uepa.br\/terapiaocupacional\/wp-content\/uploads\/2021\/11\/NUPETO-1536x864.png 1536w, https:\/\/paginas.uepa.br\/terapiaocupacional\/wp-content\/uploads\/2021\/11\/NUPETO.png 1920w\" sizes=\"(max-width: 1024px) 100vw, 1024px\" \/><\/figure>\n<\/div>\n<\/div>\n\n\n\n<div class=\"wp-block-columns is-layout-flex wp-container-core-columns-is-layout-2 wp-block-columns-is-layout-flex\">\n<div class=\"wp-block-column is-layout-flow wp-block-column-is-layout-flow\">\n<p id=\"Texto-justificado\">O NUPETO \u00e9 o N\u00facleo de Pesquisa, Extens\u00e3o e P\u00f3s-Gradua\u00e7\u00e3o do Curso de Terapia Ocupacional. Ele integra o N\u00facleo de Ensino, Pesquisa, Extens\u00e3o e P\u00f3s-gradua\u00e7\u00e3o da Sa\u00fade (NUPPEPS), que tem a finalidade de implementar pol\u00edticas de desenvolvimento e assessoramento das atividades de pesquisa, extens\u00e3o e p\u00f3s-gradua\u00e7\u00e3o universit\u00e1ria.<\/p>\n\n\n\n<p>O Art. 4\u00b0 da Res. 316\/2016 &#8211; CONCEN, de 30 de maio de 2016, lista os objetivos do NUPPEPS:<\/p>\n\n\n\n<p>\ud83d\udcccCoordenar a produ\u00e7\u00e3o de conhecimento cient\u00edfico e tecnol\u00f3gico em conson\u00e2ncia com o desenvolvimento socioecon\u00f4mico pol\u00edtico-cultural da sociedade e do Estado;<\/p>\n\n\n\n<p>\ud83d\udcccEstimular a organiza\u00e7\u00e3o e a implementa\u00e7\u00e3o de Programas de Pesquisa e Extens\u00e3o que favore\u00e7am a comunidade acad\u00eamica quanto ao pensamento cr\u00edtico-reflexivo sobre a profiss\u00e3o, forma\u00e7\u00e3o e organiza\u00e7\u00e3o curricular;<\/p>\n\n\n\n<p>\ud83d\udcccRealizar\/Elaborar, \u00e0 partir da necessidade da comunidade acad\u00eamica, cursos e eventos cient\u00edficos que visem a complementa\u00e7\u00e3o da sua forma\u00e7\u00e3o;<\/p>\n\n\n\n<p>\ud83d\udcccIdentificar, criar e valorizar linhas de pesquisa e extens\u00e3o, com enfoque interdisciplinar, privilegiando promo\u00e7\u00e3o e assist\u00eancia \u00e0 sa\u00fade no \u00e2mbito individual e coletivo;<\/p>\n\n\n\n<p>\ud83d\udcccEstabelecer parcerias com Secretarias de Sa\u00fade Estadual, Municial e sociedade civil organizada, consolidando pr\u00e1tica de interven\u00e7\u00e3o social que privilegie a produ\u00e7\u00e3o do saber transformador e a forma\u00e7\u00e3o de profissionais &#8211; cidad\u00e3os comprometidos com a melhoria da qualidade de vida e sa\u00fade da popula\u00e7\u00e3o;<\/p>\n\n\n\n<p>\ud83d\udcccAssessorar a elabora\u00e7\u00e3o de Projetos e Programas de Pesquisa e Extens\u00e3o, estimulando e apoiando as suas realiza\u00e7\u00f5es;<\/p>\n\n\n\n<p>\ud83d\udcccPromover continuamente espa\u00e7os para socializa\u00e7\u00e3o dos resultados de pesquisa de docentes e discentes;<\/p>\n\n\n\n<p>\ud83d\udccc Interagir com os segmentos do Curso participando de reuni\u00f5es, discuss\u00f5es acad\u00eamicas e t\u00e9cnico-cient\u00edficas, colaborando para a sua melhoria;<\/p>\n\n\n\n<p>\ud83d\udcccFornecer orienta\u00e7\u00f5es t\u00e9cnico-cient\u00edficas e toda a comunidade acad\u00eamica, quanto \u00e0 elabora\u00e7\u00e3o de trabalhos cient\u00edficos e formas de socializa\u00e7\u00e3o das publica\u00e7\u00f5es.<\/p>\n<\/div>\n\n\n\n<div class=\"wp-block-column is-layout-flow wp-block-column-is-layout-flow\">\n<p id=\"Texto-justificado\">O NUPETO busca se constituir e ser reconhecido como um \u00f3rg\u00e3o disparador, motivador e instrumentalizador do envolvimento de docentes e discentes do Curso de Terapia Ocupacional da UEPA em a\u00e7\u00f5es que perpassam pelas atividades de pesquisa, extens\u00e3o e p\u00f3s-gradua\u00e7\u00e3o, vislumbrando o crescimento e fortalecimento da Terapia Ocupacional!<\/p>\n\n\n\n<p>A atual logo traduz a nova identidade visual do NUPETO, que faz alus\u00e3o \u00e0 Terapia Ocupacional, por meio de suas iniciais, como frente principal da comunica\u00e7\u00e3o.<\/p>\n\n\n\n<p>Compondo essas iniciais, o T \u00e9 representado por uma placa de sinaliza\u00e7\u00e3o, alusiva ao direcionamento e sinaliza\u00e7\u00e3o de caminhos que o NUPETO almeja produzir a partir de suas a\u00e7\u00f5es. J\u00e1 a letra O \u00e9 representada por um c\u00edrculo composto por v\u00e1rias setas de cores variadas, fazendo alus\u00e3o aos m\u00faltiplos processos envolvidos na extens\u00e3o, na pesquisa e na p\u00f3s-gradua\u00e7\u00e3o, que acabam por formar uma rede complexa e diversa que se encontra em torno de objetivos comuns: o fortalecimento e a valoriza\u00e7\u00e3o da Terapia Ocupacional!<\/p>\n\n\n\n<p><\/p>\n\n\n\n<p id=\"texto-justificado\">A atual gest\u00e3o do NUPETO foi institucionalizada pela Portaria UEPA n\u00b0 315\/2021 e \u00e9 composta por:<\/p>\n\n\n\n<p> \ud83d\udccc Coordenadora geral do NUPETO:<\/p>\n\n\n\n<p>        Profa. Dra. D\u00e9bora Ribeiro da Silva Campos Folha<\/p>\n\n\n\n<p> \ud83d\udccc  Coordenadora de TCC:<\/p>\n\n\n\n<p>         Profa. Dra. Erica de Nazar\u00e9 Mar\u00e7al Elmescany<\/p>\n<\/div>\n<\/div>\n\n\n\n<h2 class=\"wp-block-heading\">Calend\u00e1rio de Qualifica\u00e7\u00e3o e Defesa dos TCCTO 2022:<\/h2>\n\n\n\n<div data-wp-interactive=\"core\/file\" class=\"wp-block-file\"><object data-wp-bind--hidden=\"!state.hasPdfPreview\"  class=\"wp-block-file__embed\" data=\"https:\/\/paginas.uepa.br\/terapiaocupacional\/wp-content\/uploads\/2022\/05\/Calendario-defesa-e-qualificacao-2022-ok.pdf\" type=\"application\/pdf\" style=\"width:100%;height:600px\" aria-label=\"Incorporado de Incorporado de Calendario-defesa-e-qualificacao-2022-ok..\"><\/object><a id=\"wp-block-file--media-7814eefe-c2e1-40d7-86e4-edcb26b96fa6\" href=\"https:\/\/paginas.uepa.br\/terapiaocupacional\/wp-content\/uploads\/2022\/05\/Calendario-defesa-e-qualificacao-2022-ok.pdf\">Calendario-defesa-e-qualificacao-2022-ok<\/a><a href=\"https:\/\/paginas.uepa.br\/terapiaocupacional\/wp-content\/uploads\/2022\/05\/Calendario-defesa-e-qualificacao-2022-ok.pdf\" class=\"wp-block-file__button\" download aria-describedby=\"wp-block-file--media-7814eefe-c2e1-40d7-86e4-edcb26b96fa6\">Baixar<\/a><\/div>\n\n\n\n<h2 class=\"wp-block-heading\">Regimento de TCCTO:<\/h2>\n\n\n\n<div data-wp-interactive=\"core\/file\" class=\"wp-block-file\"><object data-wp-bind--hidden=\"!state.hasPdfPreview\"  class=\"wp-block-file__embed\" data=\"https:\/\/paginas.uepa.br\/terapiaocupacional\/wp-content\/uploads\/2022\/05\/REGIMENTO-TCCTO-2022-aprovado-Colegiado-2022.pdf\" type=\"application\/pdf\" style=\"width:100%;height:600px\" aria-label=\"Incorporado de Incorporado de REGIMENTO-TCCTO-2022-aprovado-Colegiado-2022..\"><\/object><a id=\"wp-block-file--media-e30d3679-77cd-4866-9f67-d19718ff624b\" href=\"https:\/\/paginas.uepa.br\/terapiaocupacional\/wp-content\/uploads\/2022\/05\/REGIMENTO-TCCTO-2022-aprovado-Colegiado-2022.pdf\">REGIMENTO-TCCTO-2022-aprovado-Colegiado-2022<\/a><a href=\"https:\/\/paginas.uepa.br\/terapiaocupacional\/wp-content\/uploads\/2022\/05\/REGIMENTO-TCCTO-2022-aprovado-Colegiado-2022.pdf\" class=\"wp-block-file__button\" download aria-describedby=\"wp-block-file--media-e30d3679-77cd-4866-9f67-d19718ff624b\">Baixar<\/a><\/div>\n\n\n\n<h2 class=\"wp-block-heading\">Modelo de projeto para Qualifica\u00e7\u00e3o de TCCTO:<\/h2>\n\n\n\n<div class=\"wp-block-file\"><a id=\"wp-block-file--media-cff315cf-2d7f-463a-a251-c0bc66b4405f\" href=\"https:\/\/paginas.uepa.br\/terapiaocupacional\/wp-content\/uploads\/2022\/05\/ESTRUTURA-MODELO-DE-PROJETO-TCCTO.docx\">ESTRUTURA-MODELO-DE-PROJETO-TCCTO<\/a><a href=\"https:\/\/paginas.uepa.br\/terapiaocupacional\/wp-content\/uploads\/2022\/05\/ESTRUTURA-MODELO-DE-PROJETO-TCCTO.docx\" class=\"wp-block-file__button\" download aria-describedby=\"wp-block-file--media-cff315cf-2d7f-463a-a251-c0bc66b4405f\">Baixar<\/a><\/div>\n\n\n\n<h2 class=\"wp-block-heading\">Ficha de frequ\u00eancia de orienta\u00e7\u00e3o de TCCTO:<\/h2>\n\n\n\n<div class=\"wp-block-file\"><a id=\"wp-block-file--media-3097e79a-6196-473b-899b-8aeae59d0544\" href=\"https:\/\/paginas.uepa.br\/terapiaocupacional\/wp-content\/uploads\/2022\/05\/FICHA-DE-FREQUENCIA-DE-ORIENTACAO.docx\">FICHA-DE-FREQUENCIA-DE-ORIENTACAO<\/a><a href=\"https:\/\/paginas.uepa.br\/terapiaocupacional\/wp-content\/uploads\/2022\/05\/FICHA-DE-FREQUENCIA-DE-ORIENTACAO.docx\" class=\"wp-block-file__button\" download aria-describedby=\"wp-block-file--media-3097e79a-6196-473b-899b-8aeae59d0544\">Baixar<\/a><\/div>\n\n\n\n<h2 class=\"wp-block-heading\">Ficha de indica\u00e7\u00e3o de banca examinadora: <\/h2>\n\n\n\n<div class=\"wp-block-file\"><a id=\"wp-block-file--media-692c9245-e957-4b68-9cd4-5f5e2fd64f35\" href=\"https:\/\/paginas.uepa.br\/terapiaocupacional\/wp-content\/uploads\/2022\/05\/FICHA-DE-INDICACAO-DE-BANCA-EXAMINADORA.docx\">FICHA-DE-INDICACAO-DE-BANCA-EXAMINADORA<\/a><a href=\"https:\/\/paginas.uepa.br\/terapiaocupacional\/wp-content\/uploads\/2022\/05\/FICHA-DE-INDICACAO-DE-BANCA-EXAMINADORA.docx\" class=\"wp-block-file__button\" download aria-describedby=\"wp-block-file--media-692c9245-e957-4b68-9cd4-5f5e2fd64f35\">Baixar<\/a><\/div>\n\n\n\n<h2 class=\"wp-block-heading\">Termo de compromisso de orienta\u00e7\u00e3o:<\/h2>\n\n\n\n<div class=\"wp-block-file\"><a id=\"wp-block-file--media-a08cf2d3-6d77-4086-81f9-0968e2293fe4\" href=\"https:\/\/paginas.uepa.br\/terapiaocupacional\/wp-content\/uploads\/2022\/05\/TERMO-DE-COMPROMISSO-DO-ORIENTADOR.docx\">TERMO-DE-COMPROMISSO-DO-ORIENTADOR<\/a><a href=\"https:\/\/paginas.uepa.br\/terapiaocupacional\/wp-content\/uploads\/2022\/05\/TERMO-DE-COMPROMISSO-DO-ORIENTADOR.docx\" class=\"wp-block-file__button\" download aria-describedby=\"wp-block-file--media-a08cf2d3-6d77-4086-81f9-0968e2293fe4\">Baixar<\/a><\/div>\n\n\n\n<h2 class=\"wp-block-heading\">Termo de concord\u00e2ncia de orienta\u00e7\u00e3o volunt\u00e1ria:<\/h2>\n\n\n\n<div class=\"wp-block-file\"><a id=\"wp-block-file--media-285f2ef0-55d6-42be-a215-3fe4adf27ea0\" href=\"https:\/\/paginas.uepa.br\/terapiaocupacional\/wp-content\/uploads\/2022\/05\/TERMO-DE-CONCORDANCIA-DE-ORIENTADOR-VOLUNTARIO.docx\">TERMO-DE-CONCORDANCIA-DE-ORIENTADOR-VOLUNTARIO<\/a><a href=\"https:\/\/paginas.uepa.br\/terapiaocupacional\/wp-content\/uploads\/2022\/05\/TERMO-DE-CONCORDANCIA-DE-ORIENTADOR-VOLUNTARIO.docx\" class=\"wp-block-file__button\" download aria-describedby=\"wp-block-file--media-285f2ef0-55d6-42be-a215-3fe4adf27ea0\">Baixar<\/a><\/div>\n\n\n\n<h2 class=\"wp-block-heading\">Parecer de concord\u00e2ncia do orientador:<\/h2>\n\n\n\n<div class=\"wp-block-file\"><a id=\"wp-block-file--media-444a6a35-b033-4070-99bb-91e2112f41c5\" href=\"https:\/\/paginas.uepa.br\/terapiaocupacional\/wp-content\/uploads\/2022\/05\/PARECER-DE-CONCORDANCIA-DE-DEFESA.docx\">PARECER-DE-CONCORDANCIA-DE-DEFESA<\/a><a href=\"https:\/\/paginas.uepa.br\/terapiaocupacional\/wp-content\/uploads\/2022\/05\/PARECER-DE-CONCORDANCIA-DE-DEFESA.docx\" class=\"wp-block-file__button\" download aria-describedby=\"wp-block-file--media-444a6a35-b033-4070-99bb-91e2112f41c5\">Baixar<\/a><\/div>\n\n\n\n<h2 class=\"wp-block-heading\">Ficha de avalia\u00e7\u00e3o da qualifica\u00e7\u00e3o:<\/h2>\n\n\n\n<div class=\"wp-block-file\"><a id=\"wp-block-file--media-ffddc90e-5988-4699-ad85-691a8af9bb98\" href=\"https:\/\/paginas.uepa.br\/terapiaocupacional\/wp-content\/uploads\/2022\/05\/FICHA-DE-AVALIACAO-DA-QUALIFICACAO-DE-TCCTO.docx\">FICHA-DE-AVALIACAO-DA-QUALIFICACAO-DE-TCCTO<\/a><a href=\"https:\/\/paginas.uepa.br\/terapiaocupacional\/wp-content\/uploads\/2022\/05\/FICHA-DE-AVALIACAO-DA-QUALIFICACAO-DE-TCCTO.docx\" class=\"wp-block-file__button\" download aria-describedby=\"wp-block-file--media-ffddc90e-5988-4699-ad85-691a8af9bb98\">Baixar<\/a><\/div>\n\n\n\n<h2 class=\"wp-block-heading\">Ficha de avalia\u00e7\u00e3o preliminar do artigo:<\/h2>\n\n\n\n<div class=\"wp-block-file\"><a id=\"wp-block-file--media-d72a8d60-0ced-4491-a45a-32f5108c31e8\" href=\"https:\/\/paginas.uepa.br\/terapiaocupacional\/wp-content\/uploads\/2022\/05\/FICHA-DE-AVALIACAO-PRELIMINAR-DO-ARTIGO-2022.docx\">FICHA-DE-AVALIACAO-PRELIMINAR-DO-ARTIGO-2022<\/a><a href=\"https:\/\/paginas.uepa.br\/terapiaocupacional\/wp-content\/uploads\/2022\/05\/FICHA-DE-AVALIACAO-PRELIMINAR-DO-ARTIGO-2022.docx\" class=\"wp-block-file__button\" download aria-describedby=\"wp-block-file--media-d72a8d60-0ced-4491-a45a-32f5108c31e8\">Baixar<\/a><\/div>\n\n\n\n<h2 class=\"wp-block-heading\">Ficha de avalia\u00e7\u00e3o do TCCTO:<\/h2>\n\n\n\n<div class=\"wp-block-file\"><a id=\"wp-block-file--media-03a75941-e876-45d7-a6b9-a03bbf3ed621\" href=\"https:\/\/paginas.uepa.br\/terapiaocupacional\/wp-content\/uploads\/2022\/05\/FICHA-DE-AVALIACAO-DE-TCCTO.docx\">FICHA-DE-AVALIACAO-DE-TCCTO<\/a><a href=\"https:\/\/paginas.uepa.br\/terapiaocupacional\/wp-content\/uploads\/2022\/05\/FICHA-DE-AVALIACAO-DE-TCCTO.docx\" class=\"wp-block-file__button\" download aria-describedby=\"wp-block-file--media-03a75941-e876-45d7-a6b9-a03bbf3ed621\">Baixar<\/a><\/div>\n","protected":false},"excerpt":{"rendered":"<p>O NUPETO \u00e9 o N\u00facleo de Pesquisa, Extens\u00e3o e P\u00f3s-Gradua\u00e7\u00e3o do Curso de Terapia Ocupacional. Ele integra o N\u00facleo de Ensino, Pesquisa, Extens\u00e3o e P\u00f3s-gradua\u00e7\u00e3o da Sa\u00fade (NUPPEPS), que tem a finalidade de implementar pol\u00edticas de desenvolvimento e assessoramento das atividades de pesquisa, extens\u00e3o e p\u00f3s-gradua\u00e7\u00e3o universit\u00e1ria. O Art. 4\u00b0 da Res. 316\/2016 &#8211; CONCEN, &hellip;<\/p>\n<p class=\"read-more\"> <a class=\"\" href=\"https:\/\/paginas.uepa.br\/terapiaocupacional\/index.php\/nupeto\/\"> <span class=\"screen-reader-text\">NUPETO<\/span> Leia mais &raquo;<\/a><\/p>\n","protected":false},"author":2,"featured_media":0,"parent":0,"menu_order":0,"comment_status":"closed","ping_status":"closed","template":"","meta":{"_uag_custom_page_level_css":"","site-sidebar-layout":"default","site-content-layout":"default","ast-site-content-layout":"","site-content-style":"default","site-sidebar-style":"default","ast-global-header-display":"","ast-banner-title-visibility":"","ast-main-header-display":"","ast-hfb-above-header-display":"","ast-hfb-below-header-display":"","ast-hfb-mobile-header-display":"","site-post-title":"","ast-breadcrumbs-content":"","ast-featured-img":"","footer-sml-layout":"","theme-transparent-header-meta":"default","adv-header-id-meta":"","stick-header-meta":"","header-above-stick-meta":"","header-main-stick-meta":"","header-below-stick-meta":"","astra-migrate-meta-layouts":"","ast-page-background-enabled":"default","ast-page-background-meta":{"desktop":{"background-color":"","background-image":"","background-repeat":"repeat","background-position":"center center","background-size":"auto","background-attachment":"scroll","background-type":"","background-media":"","overlay-type":"","overlay-color":"","overlay-gradient":""},"tablet":{"background-color":"","background-image":"","background-repeat":"repeat","background-position":"center center","background-size":"auto","background-attachment":"scroll","background-type":"","background-media":"","overlay-type":"","overlay-color":"","overlay-gradient":""},"mobile":{"background-color":"","background-image":"","background-repeat":"repeat","background-position":"center center","background-size":"auto","background-attachment":"scroll","background-type":"","background-media":"","overlay-type":"","overlay-color":"","overlay-gradient":""}},"ast-content-background-meta":{"desktop":{"background-color":"var(--ast-global-color-5)","background-image":"","background-repeat":"repeat","background-position":"center center","background-size":"auto","background-attachment":"scroll","background-type":"","background-media":"","overlay-type":"","overlay-color":"","overlay-gradient":""},"tablet":{"background-color":"var(--ast-global-color-5)","background-image":"","background-repeat":"repeat","background-position":"center center","background-size":"auto","background-attachment":"scroll","background-type":"","background-media":"","overlay-type":"","overlay-color":"","overlay-gradient":""},"mobile":{"background-color":"var(--ast-global-color-5)","background-image":"","background-repeat":"repeat","background-position":"center center","background-size":"auto","background-attachment":"scroll","background-type":"","background-media":"","overlay-type":"","overlay-color":"","overlay-gradient":""}},"footnotes":""},"uagb_featured_image_src":{"full":false,"thumbnail":false,"medium":false,"medium_large":false,"large":false,"1536x1536":false,"2048x2048":false},"uagb_author_info":{"display_name":"Lucivaldo Oliveira","author_link":"https:\/\/paginas.uepa.br\/terapiaocupacional\/index.php\/author\/lucivaldo_oliveira\/"},"uagb_comment_info":0,"uagb_excerpt":"O NUPETO \u00e9 o N\u00facleo de Pesquisa, Extens\u00e3o e P\u00f3s-Gradua\u00e7\u00e3o do Curso de Terapia Ocupacional. Ele integra o N\u00facleo de Ensino, Pesquisa, Extens\u00e3o e P\u00f3s-gradua\u00e7\u00e3o da Sa\u00fade (NUPPEPS), que tem a finalidade de implementar pol\u00edticas de desenvolvimento e assessoramento das atividades de pesquisa, extens\u00e3o e p\u00f3s-gradua\u00e7\u00e3o universit\u00e1ria. O Art. 4\u00b0 da Res. 316\/2016 &#8211; CONCEN,&hellip;","_links":{"self":[{"href":"https:\/\/paginas.uepa.br\/terapiaocupacional\/index.php\/wp-json\/wp\/v2\/pages\/419"}],"collection":[{"href":"https:\/\/paginas.uepa.br\/terapiaocupacional\/index.php\/wp-json\/wp\/v2\/pages"}],"about":[{"href":"https:\/\/paginas.uepa.br\/terapiaocupacional\/index.php\/wp-json\/wp\/v2\/types\/page"}],"author":[{"embeddable":true,"href":"https:\/\/paginas.uepa.br\/terapiaocupacional\/index.php\/wp-json\/wp\/v2\/users\/2"}],"replies":[{"embeddable":true,"href":"https:\/\/paginas.uepa.br\/terapiaocupacional\/index.php\/wp-json\/wp\/v2\/comments?post=419"}],"version-history":[{"count":3,"href":"https:\/\/paginas.uepa.br\/terapiaocupacional\/index.php\/wp-json\/wp\/v2\/pages\/419\/revisions"}],"predecessor-version":[{"id":450,"href":"https:\/\/paginas.uepa.br\/terapiaocupacional\/index.php\/wp-json\/wp\/v2\/pages\/419\/revisions\/450"}],"wp:attachment":[{"href":"https:\/\/paginas.uepa.br\/terapiaocupacional\/index.php\/wp-json\/wp\/v2\/media?parent=419"}],"curies":[{"name":"wp","href":"https:\/\/api.w.org\/{rel}","templated":true}]}}