{"id":30,"date":"2021-06-14T11:16:58","date_gmt":"2021-06-14T14:16:58","guid":{"rendered":"https:\/\/177.74.2.66\/terapiaocupacional\/?page_id=30"},"modified":"2021-07-02T11:23:52","modified_gmt":"2021-07-02T14:23:52","slug":"centro-academico","status":"publish","type":"page","link":"https:\/\/paginas.uepa.br\/terapiaocupacional\/index.php\/representacao-estudantil\/centro-academico\/","title":{"rendered":"CENTRO ACAD\u00caMICO (CATO)"},"content":{"rendered":"\n<div class=\"wp-block-cover has-background-dim\"><img loading=\"lazy\" decoding=\"async\" width=\"570\" height=\"330\" class=\"wp-block-cover__image-background wp-image-294\" alt=\"\" src=\"https:\/\/paginas.uepa.br\/terapiaocupacional\/wp-content\/uploads\/2021\/07\/O-Movimento-estudantil-contra-a-neopelegagem-da-JDEM-e-da-direita-570x330-1.jpg\" data-object-fit=\"cover\" srcset=\"https:\/\/paginas.uepa.br\/terapiaocupacional\/wp-content\/uploads\/2021\/07\/O-Movimento-estudantil-contra-a-neopelegagem-da-JDEM-e-da-direita-570x330-1.jpg 570w, https:\/\/paginas.uepa.br\/terapiaocupacional\/wp-content\/uploads\/2021\/07\/O-Movimento-estudantil-contra-a-neopelegagem-da-JDEM-e-da-direita-570x330-1-300x174.jpg 300w\" sizes=\"(max-width: 570px) 100vw, 570px\" \/><div class=\"wp-block-cover__inner-container is-layout-flow wp-block-cover-is-layout-flow\">\n<p class=\"has-text-align-center has-large-font-size\">REPRESENTA\u00c7\u00c3O ESTUDANTIL NA UNIVERSIDADE<\/p>\n<\/div><\/div>\n\n\n\n<div class=\"wp-block-columns is-layout-flex wp-container-core-columns-is-layout-1 wp-block-columns-is-layout-flex\">\n<div class=\"wp-block-column is-layout-flow wp-block-column-is-layout-flow\">\n<p><\/p>\n\n\n\n<p class=\"texto-justificado\">O Centro Acad\u00eamico de Terapia Ocupacional (CATO) configura-se uma entidade de representa\u00e7\u00e3o discente, sem fins lucrativos, dos estudantes do curso de Terapia Ocupacional da Universidade do Estado do Par\u00e1.<\/p>\n<\/div>\n\n\n\n<div class=\"wp-block-column is-layout-flow wp-block-column-is-layout-flow\">\n<p><\/p>\n\n\n\n<p class=\"texto-justificado\">Para isso, prop\u00f5e-se contribuir com a melhora da forma\u00e7\u00e3o acad\u00eamico-profissional, al\u00e9m de incitar e mobilizar os discentes no engajamento da luta em defesa da organiza\u00e7\u00e3o e representa\u00e7\u00e3o estudantil, promovendo o desenvolvimento moral, cr\u00edtico, cultural e intelectual dos discentes. <\/p>\n<\/div>\n<\/div>\n\n\n\n<p class=\"texto-justificado\">O CATO \u00e9 um \u00f3rg\u00e3o suprapartid\u00e1rio, o qual possui sua mudan\u00e7a de gest\u00e3o anualmente, realizada a partir de elei\u00e7\u00e3o democr\u00e1tica entre os (as) discentes regularmente matriculados no curso. \u00c9 constitu\u00eddo pelas seguintes coordena\u00e7\u00f5es:<\/p>\n\n\n\n<ul><li>Coordena\u00e7\u00e3o Geral<\/li><li>Secretaria<\/li><li>Coordena\u00e7\u00e3o de Assist\u00eancia Estudantil<\/li><li>Coordena\u00e7\u00e3o de Combate \u00e0s Opress\u00f5es<\/li><li>Coordena\u00e7\u00e3o de Comunica\u00e7\u00e3o<\/li><li>Coordena\u00e7\u00e3o de Ensino, Pesquisa e Extens\u00e3o<\/li><li>Coordena\u00e7\u00e3o de Esporte, Cultura e Lazer<\/li><li>Coordena\u00e7\u00e3o de Finan\u00e7as<\/li><\/ul>\n\n\n\n<p class=\"texto-justificado\">Atualmente, o CATO est\u00e1 na gest\u00e3o SUStenTO (20\/21), a qual possui como lema: &#8220;Por uma Terapia Ocupacional Pol\u00edtica&#8221;. Sendo composta pelos (as) discentes: <\/p>\n\n\n\n<ul><li>Coordena\u00e7\u00e3o Geral: Let\u00edcia Alves e Monise Soares. <\/li><li>Secretaria: Giovanna Sodr\u00e9 e Grazielli Pires. <\/li><li>Coordena\u00e7\u00e3o de Assist\u00eancia Estudantil: Jennifer Barros, Elton Caio e Harumy Yamamoto.<\/li><li>Coordena\u00e7\u00e3o de Combate \u00e0s Opress\u00f5es: Ra\u00edra Rodrigues e Fab\u00edola Costa.<\/li><li>Coordena\u00e7\u00e3o de Comunica\u00e7\u00e3o: Ana Carolina, Luana Oliveira, Emilli Holanda e Thays Melo.<\/li><li>Coordena\u00e7\u00e3o de Ensino, Pesquisa e Extens\u00e3o: Ana Clara, Gabriela Cardoso, Karina Azevedo e Ewerling Cristina. <\/li><li>Coordena\u00e7\u00e3o de Esporte, Cultura e Lazer: Danielly Alamar e Ana Paula Ribeiro.<\/li><li>Coordena\u00e7\u00e3o de Finan\u00e7as: Camila Laun\u00e9 e Lana Valente.<\/li><\/ul>\n\n\n\n<div class=\"wp-block-columns alignfull has-text-color has-background is-layout-flex wp-container-core-columns-is-layout-2 wp-block-columns-is-layout-flex\" style=\"background-color:#ffffff;color:#000000\">\n<div class=\"wp-block-column is-layout-flow wp-block-column-is-layout-flow\">\n<h3 class=\"wp-block-heading\" style=\"font-size:24px;line-height:1.3\"><strong><a href=\"https:\/\/instagram.com\/catouepa?utm_medium=copy_link\" data-type=\"URL\" data-id=\"https:\/\/instagram.com\/catouepa?utm_medium=copy_link\"> @catouepa\u2197<\/a><\/strong><\/h3>\n\n\n\n<p>Instagram Oficial<\/p>\n<\/div>\n<\/div>\n","protected":false},"excerpt":{"rendered":"<p>O Centro Acad\u00eamico de Terapia Ocupacional (CATO) configura-se uma entidade de representa\u00e7\u00e3o discente, sem fins lucrativos, dos estudantes do curso de Terapia Ocupacional da Universidade do Estado do Par\u00e1. Para isso, prop\u00f5e-se contribuir com a melhora da forma\u00e7\u00e3o acad\u00eamico-profissional, al\u00e9m de incitar e mobilizar os discentes no engajamento da luta em defesa da organiza\u00e7\u00e3o e &hellip;<\/p>\n<p class=\"read-more\"> <a class=\"\" href=\"https:\/\/paginas.uepa.br\/terapiaocupacional\/index.php\/representacao-estudantil\/centro-academico\/\"> <span class=\"screen-reader-text\">CENTRO ACAD\u00caMICO (CATO)<\/span> Leia mais &raquo;<\/a><\/p>\n","protected":false},"author":1,"featured_media":0,"parent":359,"menu_order":1,"comment_status":"closed","ping_status":"closed","template":"","meta":{"_uag_custom_page_level_css":"","site-sidebar-layout":"left-sidebar","site-content-layout":"boxed-container","ast-site-content-layout":"","site-content-style":"default","site-sidebar-style":"default","ast-global-header-display":"","ast-banner-title-visibility":"","ast-main-header-display":"","ast-hfb-above-header-display":"","ast-hfb-below-header-display":"","ast-hfb-mobile-header-display":"","site-post-title":"","ast-breadcrumbs-content":"","ast-featured-img":"","footer-sml-layout":"","theme-transparent-header-meta":"disabled","adv-header-id-meta":"","stick-header-meta":"","header-above-stick-meta":"","header-main-stick-meta":"","header-below-stick-meta":"","astra-migrate-meta-layouts":"","ast-page-background-enabled":"default","ast-page-background-meta":{"desktop":{"background-color":"","background-image":"","background-repeat":"repeat","background-position":"center center","background-size":"auto","background-attachment":"scroll","background-type":"","background-media":"","overlay-type":"","overlay-color":"","overlay-gradient":""},"tablet":{"background-color":"","background-image":"","background-repeat":"repeat","background-position":"center center","background-size":"auto","background-attachment":"scroll","background-type":"","background-media":"","overlay-type":"","overlay-color":"","overlay-gradient":""},"mobile":{"background-color":"","background-image":"","background-repeat":"repeat","background-position":"center center","background-size":"auto","background-attachment":"scroll","background-type":"","background-media":"","overlay-type":"","overlay-color":"","overlay-gradient":""}},"ast-content-background-meta":{"desktop":{"background-color":"var(--ast-global-color-5)","background-image":"","background-repeat":"repeat","background-position":"center center","background-size":"auto","background-attachment":"scroll","background-type":"","background-media":"","overlay-type":"","overlay-color":"","overlay-gradient":""},"tablet":{"background-color":"var(--ast-global-color-5)","background-image":"","background-repeat":"repeat","background-position":"center center","background-size":"auto","background-attachment":"scroll","background-type":"","background-media":"","overlay-type":"","overlay-color":"","overlay-gradient":""},"mobile":{"background-color":"var(--ast-global-color-5)","background-image":"","background-repeat":"repeat","background-position":"center center","background-size":"auto","background-attachment":"scroll","background-type":"","background-media":"","overlay-type":"","overlay-color":"","overlay-gradient":""}},"footnotes":""},"uagb_featured_image_src":{"full":false,"thumbnail":false,"medium":false,"medium_large":false,"large":false,"1536x1536":false,"2048x2048":false},"uagb_author_info":{"display_name":"admin@uepa.br","author_link":"https:\/\/paginas.uepa.br\/terapiaocupacional\/index.php\/author\/adminuepa-br\/"},"uagb_comment_info":0,"uagb_excerpt":"O Centro Acad\u00eamico de Terapia Ocupacional (CATO) configura-se uma entidade de representa\u00e7\u00e3o discente, sem fins lucrativos, dos estudantes do curso de Terapia Ocupacional da Universidade do Estado do Par\u00e1. Para isso, prop\u00f5e-se contribuir com a melhora da forma\u00e7\u00e3o acad\u00eamico-profissional, al\u00e9m de incitar e mobilizar os discentes no engajamento da luta em defesa da organiza\u00e7\u00e3o e&hellip;","_links":{"self":[{"href":"https:\/\/paginas.uepa.br\/terapiaocupacional\/index.php\/wp-json\/wp\/v2\/pages\/30"}],"collection":[{"href":"https:\/\/paginas.uepa.br\/terapiaocupacional\/index.php\/wp-json\/wp\/v2\/pages"}],"about":[{"href":"https:\/\/paginas.uepa.br\/terapiaocupacional\/index.php\/wp-json\/wp\/v2\/types\/page"}],"author":[{"embeddable":true,"href":"https:\/\/paginas.uepa.br\/terapiaocupacional\/index.php\/wp-json\/wp\/v2\/users\/1"}],"replies":[{"embeddable":true,"href":"https:\/\/paginas.uepa.br\/terapiaocupacional\/index.php\/wp-json\/wp\/v2\/comments?post=30"}],"version-history":[{"count":5,"href":"https:\/\/paginas.uepa.br\/terapiaocupacional\/index.php\/wp-json\/wp\/v2\/pages\/30\/revisions"}],"predecessor-version":[{"id":358,"href":"https:\/\/paginas.uepa.br\/terapiaocupacional\/index.php\/wp-json\/wp\/v2\/pages\/30\/revisions\/358"}],"up":[{"embeddable":true,"href":"https:\/\/paginas.uepa.br\/terapiaocupacional\/index.php\/wp-json\/wp\/v2\/pages\/359"}],"wp:attachment":[{"href":"https:\/\/paginas.uepa.br\/terapiaocupacional\/index.php\/wp-json\/wp\/v2\/media?parent=30"}],"curies":[{"name":"wp","href":"https:\/\/api.w.org\/{rel}","templated":true}]}}