{"id":263,"date":"2021-06-16T15:19:50","date_gmt":"2021-06-16T18:19:50","guid":{"rendered":"https:\/\/paginas.uepa.br\/terapiaocupacional\/?page_id=263"},"modified":"2024-02-22T11:51:13","modified_gmt":"2024-02-22T14:51:13","slug":"fale-conosco","status":"publish","type":"page","link":"https:\/\/paginas.uepa.br\/terapiaocupacional\/index.php\/fale-conosco\/","title":{"rendered":"FALE CONOSCO"},"content":{"rendered":"\n<p><strong>Coordena\u00e7\u00e3o do Curso de Terapia Ocupacional <\/strong><\/p>\n\n\n\n<p>Centro de Ci\u00eancias Biol\u00f3gicas e da Sa\u00fade \u2013 CCBS (reconhecimento portaria ministerial \u2013 MEC n\u00ba 1149 de 04\/07\/1991 \u2013 DOU de 10\/07\/1991).<\/p>\n\n\n\n<p>Travessa Perebebu\u00ed, n. 2623 \u2013 Marco Cep: 66087-662<\/p>\n\n\n\n<p>Bel\u00e9m Par\u00e1 &#8211; Brasil<\/p>\n\n\n\n<p>Contatos: E-mail: <a href=\"mailto:terapiaocupacional@uepa.br\"><u>terapiaocupacional@uepa.br<\/u><\/a>                                     Telefone: +55(91) 3284 9713<\/p>\n\n\n\n<p><strong>Hor\u00e1rio de Atendimento da Secretaria: <\/strong>2<sup>a<\/sup> \u00e0 6<sup>a<\/sup> das 08 -18h<\/p>\n","protected":false},"excerpt":{"rendered":"<p>Coordena\u00e7\u00e3o do Curso de Terapia Ocupacional Centro de Ci\u00eancias Biol\u00f3gicas e da Sa\u00fade \u2013 CCBS (reconhecimento portaria ministerial \u2013 MEC n\u00ba 1149 de 04\/07\/1991 \u2013 DOU de 10\/07\/1991). Travessa Perebebu\u00ed, n. 2623 \u2013 Marco Cep: 66087-662 Bel\u00e9m Par\u00e1 &#8211; Brasil Contatos: E-mail: terapiaocupacional@uepa.br Telefone: +55(91) 3284 9713 Hor\u00e1rio de Atendimento da Secretaria: 2a \u00e0 6a &hellip;<\/p>\n<p class=\"read-more\"> <a class=\"\" href=\"https:\/\/paginas.uepa.br\/terapiaocupacional\/index.php\/fale-conosco\/\"> <span class=\"screen-reader-text\">FALE CONOSCO<\/span> Leia mais &raquo;<\/a><\/p>\n","protected":false},"author":1,"featured_media":0,"parent":0,"menu_order":0,"comment_status":"closed","ping_status":"closed","template":"","meta":{"_uag_custom_page_level_css":"","site-sidebar-layout":"default","site-content-layout":"default","ast-site-content-layout":"default","site-content-style":"default","site-sidebar-style":"default","ast-global-header-display":"","ast-banner-title-visibility":"","ast-main-header-display":"","ast-hfb-above-header-display":"","ast-hfb-below-header-display":"","ast-hfb-mobile-header-display":"","site-post-title":"","ast-breadcrumbs-content":"","ast-featured-img":"","footer-sml-layout":"","theme-transparent-header-meta":"default","adv-header-id-meta":"","stick-header-meta":"","header-above-stick-meta":"","header-main-stick-meta":"","header-below-stick-meta":"","astra-migrate-meta-layouts":"set","ast-page-background-enabled":"default","ast-page-background-meta":{"desktop":{"background-color":"","background-image":"","background-repeat":"repeat","background-position":"center center","background-size":"auto","background-attachment":"scroll","background-type":"","background-media":"","overlay-type":"","overlay-color":"","overlay-gradient":""},"tablet":{"background-color":"","background-image":"","background-repeat":"repeat","background-position":"center center","background-size":"auto","background-attachment":"scroll","background-type":"","background-media":"","overlay-type":"","overlay-color":"","overlay-gradient":""},"mobile":{"background-color":"","background-image":"","background-repeat":"repeat","background-position":"center center","background-size":"auto","background-attachment":"scroll","background-type":"","background-media":"","overlay-type":"","overlay-color":"","overlay-gradient":""}},"ast-content-background-meta":{"desktop":{"background-color":"var(--ast-global-color-5)","background-image":"","background-repeat":"repeat","background-position":"center center","background-size":"auto","background-attachment":"scroll","background-type":"","background-media":"","overlay-type":"","overlay-color":"","overlay-gradient":""},"tablet":{"background-color":"var(--ast-global-color-5)","background-image":"","background-repeat":"repeat","background-position":"center center","background-size":"auto","background-attachment":"scroll","background-type":"","background-media":"","overlay-type":"","overlay-color":"","overlay-gradient":""},"mobile":{"background-color":"var(--ast-global-color-5)","background-image":"","background-repeat":"repeat","background-position":"center center","background-size":"auto","background-attachment":"scroll","background-type":"","background-media":"","overlay-type":"","overlay-color":"","overlay-gradient":""}},"footnotes":""},"uagb_featured_image_src":{"full":false,"thumbnail":false,"medium":false,"medium_large":false,"large":false,"1536x1536":false,"2048x2048":false},"uagb_author_info":{"display_name":"admin@uepa.br","author_link":"https:\/\/paginas.uepa.br\/terapiaocupacional\/index.php\/author\/adminuepa-br\/"},"uagb_comment_info":0,"uagb_excerpt":"Coordena\u00e7\u00e3o do Curso de Terapia Ocupacional Centro de Ci\u00eancias Biol\u00f3gicas e da Sa\u00fade \u2013 CCBS (reconhecimento portaria ministerial \u2013 MEC n\u00ba 1149 de 04\/07\/1991 \u2013 DOU de 10\/07\/1991). Travessa Perebebu\u00ed, n. 2623 \u2013 Marco Cep: 66087-662 Bel\u00e9m Par\u00e1 &#8211; Brasil Contatos: E-mail: terapiaocupacional@uepa.br Telefone: +55(91) 3284 9713 Hor\u00e1rio de Atendimento da Secretaria: 2a \u00e0 6a&hellip;","_links":{"self":[{"href":"https:\/\/paginas.uepa.br\/terapiaocupacional\/index.php\/wp-json\/wp\/v2\/pages\/263"}],"collection":[{"href":"https:\/\/paginas.uepa.br\/terapiaocupacional\/index.php\/wp-json\/wp\/v2\/pages"}],"about":[{"href":"https:\/\/paginas.uepa.br\/terapiaocupacional\/index.php\/wp-json\/wp\/v2\/types\/page"}],"author":[{"embeddable":true,"href":"https:\/\/paginas.uepa.br\/terapiaocupacional\/index.php\/wp-json\/wp\/v2\/users\/1"}],"replies":[{"embeddable":true,"href":"https:\/\/paginas.uepa.br\/terapiaocupacional\/index.php\/wp-json\/wp\/v2\/comments?post=263"}],"version-history":[{"count":3,"href":"https:\/\/paginas.uepa.br\/terapiaocupacional\/index.php\/wp-json\/wp\/v2\/pages\/263\/revisions"}],"predecessor-version":[{"id":473,"href":"https:\/\/paginas.uepa.br\/terapiaocupacional\/index.php\/wp-json\/wp\/v2\/pages\/263\/revisions\/473"}],"wp:attachment":[{"href":"https:\/\/paginas.uepa.br\/terapiaocupacional\/index.php\/wp-json\/wp\/v2\/media?parent=263"}],"curies":[{"name":"wp","href":"https:\/\/api.w.org\/{rel}","templated":true}]}}