{"id":25,"date":"2021-06-14T11:16:58","date_gmt":"2021-06-14T14:16:58","guid":{"rendered":"https:\/\/177.74.2.66\/terapiaocupacional\/?page_id=25"},"modified":"2024-02-21T09:36:31","modified_gmt":"2024-02-21T12:36:31","slug":"corpo-docente","status":"publish","type":"page","link":"https:\/\/paginas.uepa.br\/terapiaocupacional\/index.php\/corpo-docente\/","title":{"rendered":"CORPO DOCENTE"},"content":{"rendered":"\n<ol>\n<li>Prof. Me. <strong>ANA CL\u00c1UDIA MARTINS E MARTINS <\/strong><a href=\"http:\/\/lattes.cnpq.br\/3242270414212251\">http:\/\/lattes.cnpq.br\/3242270414212251<\/a><\/li>\n\n\n\n<li>Prof. Dr. <strong>ANA IRENE ALVES DE OLIVEIRA <\/strong><a rel=\"noreferrer noopener\" href=\"http:\/\/lattes.cnpq.br\/8839751954613395\" target=\"_blank\">http:\/\/lattes.cnpq.br\/8839751954613395<\/a><\/li>\n\n\n\n<li>Prof. Esp. <strong>ANDR\u00c9 MAIA PANTOJA<\/strong> <a rel=\"noreferrer noopener\" href=\"http:\/\/lattes.cnpq.br\/0755002972797042\" target=\"_blank\">http:\/\/lattes.cnpq.br\/0755002972797042<\/a><\/li>\n\n\n\n<li>Prof. Me. <strong>ANNE ABREU DE LIMA (SUBST.)<\/strong> <a rel=\"noreferrer noopener\" href=\"http:\/\/lattes.cnpq.br\/2898867544310054\" target=\"_blank\">http:\/\/lattes.cnpq.br\/2898867544310054<\/a><\/li>\n\n\n\n<li>Prof. Me.<strong> CL\u00c1UDIA M\u00c1RCIA LIMA DA COSTA<\/strong> <a rel=\"noreferrer noopener\" href=\"http:\/\/lattes.cnpq.br\/1184665907787676\" target=\"_blank\">http:\/\/lattes.cnpq.br\/1184665907787676<\/a><\/li>\n\n\n\n<li>Prof. Dr.<strong> D\u00c9BORA RIBEIRO DA SILVA CAMPOS FOLHA <\/strong><a rel=\"noreferrer noopener\" href=\"http:\/\/lattes.cnpq.br\/9888013532351574\" target=\"_blank\">http:\/\/lattes.cnpq.br\/9888013532351574<\/a><\/li>\n\n\n\n<li>Prof. Dr. <strong>ERICA NAZAR\u00c9 M. ELMESCANY<\/strong> <a rel=\"noreferrer noopener\" href=\"http:\/\/lattes.cnpq.br\/6289042550314319\" target=\"_blank\">http:\/\/lattes.cnpq.br\/6289042550314319<\/a><\/li>\n\n\n\n<li>Prof. Dr. <strong>ELSON FERREIRA COSTA<\/strong> <a rel=\"noreferrer noopener\" href=\"http:\/\/lattes.cnpq.br\/1942489785908185\" target=\"_blank\">http:\/\/lattes.cnpq.br\/1942489785908185<\/a><\/li>\n\n\n\n<li>Prof. Me. <strong>GABRIELA RIBEIRO BARROS DE FARIAS<\/strong> <a rel=\"noreferrer noopener\" href=\"http:\/\/lattes.cnpq.br\/4536777756717053\" target=\"_blank\">http:\/\/lattes.cnpq.br\/4536777756717053<\/a><\/li>\n\n\n\n<li>Prof. Dr.<strong> INGRID BERGMA DA SILVA OLIVEIRA<\/strong> <a rel=\"noreferrer noopener\" href=\"http:\/\/lattes.cnpq.br\/1474974503465827\" target=\"_blank\">http:\/\/lattes.cnpq.br\/1474974503465827<\/a><\/li>\n\n\n\n<li>Prof. Me. <strong>JOUBERT MARINHO DA SILVA BENTES (SUBST.) <\/strong><a href=\"http:\/\/lattes.cnpq.br\/2577940048208789\">http:\/\/lattes.cnpq.br\/2577940048208789<\/a><\/li>\n\n\n\n<li>Prof. Dr. <strong>JORGE LOPES RODRIGUES J\u00daNIOR <\/strong><a rel=\"noreferrer noopener\" href=\"http:\/\/lattes.cnpq.br\/9719591895028261\" target=\"_blank\">http:\/\/lattes.cnpq.br\/9719591895028261<\/a><\/li>\n\n\n\n<li>Prof. Me. <strong>JOSIANNE DE ALMEIDA DIAS<\/strong> <a rel=\"noreferrer noopener\" href=\"http:\/\/lattes.cnpq.br\/3441592553796171\" target=\"_blank\">http:\/\/lattes.cnpq.br\/3441592553796171<\/a><\/li>\n\n\n\n<li>Prof. Dr.<strong> LUCIVALDO DA SILVA AR\u00c1UJO<\/strong> <a rel=\"noreferrer noopener\" href=\"http:\/\/lattes.cnpq.br\/1913486630666649\" target=\"_blank\">http:\/\/lattes.cnpq.br\/1913486630666649<\/a><\/li>\n\n\n\n<li>Prof. Me. <strong>LUANA APARECIDA SILVA GOMES (SUBST.)<\/strong> <a rel=\"noreferrer noopener\" href=\"http:\/\/lattes.cnpq.br\/6047961723239111\" target=\"_blank\">http:\/\/lattes.cnpq.br\/6047961723239111<\/a><\/li>\n\n\n\n<li>Prof. Me.<strong> KARLA MARIA SIQUEIRA COELHO AITA <\/strong><a rel=\"noreferrer noopener\" href=\"http:\/\/lattes.cnpq.br\/2713153144291542\" target=\"_blank\">http:\/\/lattes.cnpq.br\/2713153144291542<\/a><\/li>\n\n\n\n<li>Prof. Esp. <strong>MARIA SEVERA DE VASCONCELOS ALCANTARA<\/strong> <a rel=\"noreferrer noopener\" href=\"http:\/\/lattes.cnpq.br\/6624030480349562\" target=\"_blank\">http:\/\/lattes.cnpq.br\/6624030480349562<\/a><\/li>\n\n\n\n<li>Prof. Dr.<strong> MARIZETE LOPES<\/strong> <strong>ANDRADE<\/strong> <a rel=\"noreferrer noopener\" href=\"http:\/\/lattes.cnpq.br\/5928971307094684\" target=\"_blank\">http:\/\/lattes.cnpq.br\/5928971307094684<\/a><\/li>\n\n\n\n<li>Prof. Me.<strong> MEIBIA MARTINS SENA<\/strong> <a rel=\"noreferrer noopener\" href=\"http:\/\/lattes.cnpq.br\/3936426928808356\" target=\"_blank\">http:\/\/lattes.cnpq.br\/3936426928808356<\/a><\/li>\n\n\n\n<li>Prof. Dr.<strong> NONATO M\u00c1RCIO CUST\u00d3DIO MAIA S\u00c1<\/strong> <a rel=\"noreferrer noopener\" href=\"http:\/\/lattes.cnpq.br\/2048334346538984\" target=\"_blank\">http:\/\/lattes.cnpq.br\/2048334346538984<\/a><\/li>\n\n\n\n<li>Prof. Dr.<strong> RAFAEL LUIZ MORAIS DA SILVA <\/strong><a href=\"http:\/\/lattes.cnpq.br\/4734037084490029\" target=\"_blank\" rel=\"noreferrer noopener\">http:\/\/lattes.cnpq.br\/4734037084490029<\/a><\/li>\n\n\n\n<li>Prof. Me. <strong>RITA DE C\u00c1SSIA GASPAR DA SILVA<\/strong> <a rel=\"noreferrer noopener\" href=\"http:\/\/lattes.cnpq.br\/9879168157157123\" target=\"_blank\">http:\/\/lattes.cnpq.br\/9879168157157123<\/a><\/li>\n\n\n\n<li>Prof. Dr.<strong> ROG\u00c9RIA PIMENTEL DE ARA\u00daJO MONTEIRO <\/strong><a rel=\"noreferrer noopener\" href=\"http:\/\/lattes.cnpq.br\/3727751172171074\" target=\"_blank\">http:\/\/lattes.cnpq.br\/3727751172171074<\/a><\/li>\n\n\n\n<li>Profa. Me. <strong>SABRINA DE SOUSA QUEIROZ<\/strong> <a href=\"http:\/\/lattes.cnpq.br\/1676697734818519\" data-type=\"URL\" data-id=\"http:\/\/lattes.cnpq.br\/1676697734818519\">http:\/\/lattes.cnpq.br\/1676697734818519<\/a><\/li>\n\n\n\n<li>Prof. Me.<strong> ROSANE MARIA CARNEIRO DOS SANTOS <\/strong><a rel=\"noreferrer noopener\" href=\"http:\/\/lattes.cnpq.br\/5524778185228327\" target=\"_blank\">http:\/\/lattes.cnpq.br\/5524778185228327<\/a><\/li>\n\n\n\n<li>Prof. Me.<strong> SANDRA MARIA CARDOSO DE ALMEIDA <\/strong><a rel=\"noreferrer noopener\" href=\"http:\/\/lattes.cnpq.br\/9045677344025479\" target=\"_blank\">http:\/\/lattes.cnpq.br\/9045677344025479<\/a><\/li>\n\n\n\n<li>Prof. Me.<strong> SANDRA SUELY DA VEIGA BA\u00cdA <\/strong><a rel=\"noreferrer noopener\" href=\"http:\/\/lattes.cnpq.br\/7754252892479317\" target=\"_blank\">http:\/\/lattes.cnpq.br\/7754252892479317<\/a><\/li>\n\n\n\n<li>Prof. Dr. <strong>S\u00d4NIA CL\u00c1UDIA ALMEIDA PINTO <\/strong><a href=\"http:\/\/lattes.cnpq.br\/4288507104359316\" target=\"_blank\" rel=\"noreferrer noopener\">http:\/\/lattes.cnpq.br\/4288507104359316<\/a><\/li>\n<\/ol>\n","protected":false},"excerpt":{"rendered":"","protected":false},"author":1,"featured_media":0,"parent":0,"menu_order":0,"comment_status":"closed","ping_status":"closed","template":"","meta":{"_uag_custom_page_level_css":"","site-sidebar-layout":"default","site-content-layout":"default","ast-site-content-layout":"default","site-content-style":"default","site-sidebar-style":"default","ast-global-header-display":"","ast-banner-title-visibility":"","ast-main-header-display":"","ast-hfb-above-header-display":"","ast-hfb-below-header-display":"","ast-hfb-mobile-header-display":"","site-post-title":"","ast-breadcrumbs-content":"","ast-featured-img":"","footer-sml-layout":"","theme-transparent-header-meta":"default","adv-header-id-meta":"","stick-header-meta":"","header-above-stick-meta":"","header-main-stick-meta":"","header-below-stick-meta":"","astra-migrate-meta-layouts":"set","ast-page-background-enabled":"default","ast-page-background-meta":{"desktop":{"background-color":"","background-image":"","background-repeat":"repeat","background-position":"center center","background-size":"auto","background-attachment":"scroll","background-type":"","background-media":"","overlay-type":"","overlay-color":"","overlay-gradient":""},"tablet":{"background-color":"","background-image":"","background-repeat":"repeat","background-position":"center center","background-size":"auto","background-attachment":"scroll","background-type":"","background-media":"","overlay-type":"","overlay-color":"","overlay-gradient":""},"mobile":{"background-color":"","background-image":"","background-repeat":"repeat","background-position":"center center","background-size":"auto","background-attachment":"scroll","background-type":"","background-media":"","overlay-type":"","overlay-color":"","overlay-gradient":""}},"ast-content-background-meta":{"desktop":{"background-color":"var(--ast-global-color-5)","background-image":"","background-repeat":"repeat","background-position":"center center","background-size":"auto","background-attachment":"scroll","background-type":"","background-media":"","overlay-type":"","overlay-color":"","overlay-gradient":""},"tablet":{"background-color":"var(--ast-global-color-5)","background-image":"","background-repeat":"repeat","background-position":"center center","background-size":"auto","background-attachment":"scroll","background-type":"","background-media":"","overlay-type":"","overlay-color":"","overlay-gradient":""},"mobile":{"background-color":"var(--ast-global-color-5)","background-image":"","background-repeat":"repeat","background-position":"center center","background-size":"auto","background-attachment":"scroll","background-type":"","background-media":"","overlay-type":"","overlay-color":"","overlay-gradient":""}},"footnotes":""},"uagb_featured_image_src":{"full":false,"thumbnail":false,"medium":false,"medium_large":false,"large":false,"1536x1536":false,"2048x2048":false},"uagb_author_info":{"display_name":"admin@uepa.br","author_link":"https:\/\/paginas.uepa.br\/terapiaocupacional\/index.php\/author\/adminuepa-br\/"},"uagb_comment_info":0,"uagb_excerpt":null,"_links":{"self":[{"href":"https:\/\/paginas.uepa.br\/terapiaocupacional\/index.php\/wp-json\/wp\/v2\/pages\/25"}],"collection":[{"href":"https:\/\/paginas.uepa.br\/terapiaocupacional\/index.php\/wp-json\/wp\/v2\/pages"}],"about":[{"href":"https:\/\/paginas.uepa.br\/terapiaocupacional\/index.php\/wp-json\/wp\/v2\/types\/page"}],"author":[{"embeddable":true,"href":"https:\/\/paginas.uepa.br\/terapiaocupacional\/index.php\/wp-json\/wp\/v2\/users\/1"}],"replies":[{"embeddable":true,"href":"https:\/\/paginas.uepa.br\/terapiaocupacional\/index.php\/wp-json\/wp\/v2\/comments?post=25"}],"version-history":[{"count":6,"href":"https:\/\/paginas.uepa.br\/terapiaocupacional\/index.php\/wp-json\/wp\/v2\/pages\/25\/revisions"}],"predecessor-version":[{"id":468,"href":"https:\/\/paginas.uepa.br\/terapiaocupacional\/index.php\/wp-json\/wp\/v2\/pages\/25\/revisions\/468"}],"wp:attachment":[{"href":"https:\/\/paginas.uepa.br\/terapiaocupacional\/index.php\/wp-json\/wp\/v2\/media?parent=25"}],"curies":[{"name":"wp","href":"https:\/\/api.w.org\/{rel}","templated":true}]}}