{"id":24,"date":"2021-06-14T11:16:58","date_gmt":"2021-06-14T14:16:58","guid":{"rendered":"https:\/\/177.74.2.66\/terapiaocupacional\/?page_id=24"},"modified":"2021-10-20T15:49:08","modified_gmt":"2021-10-20T18:49:08","slug":"historia-do-curso","status":"publish","type":"page","link":"https:\/\/paginas.uepa.br\/terapiaocupacional\/index.php\/historia-do-curso\/","title":{"rendered":"HIST\u00d3RIA DO CURSO"},"content":{"rendered":"\n<figure class=\"wp-block-image size-large is-resized\"><img decoding=\"async\" src=\"https:\/\/paginas.uepa.br\/terapiaocupacional\/wp-content\/uploads\/2021\/10\/WhatsApp-Image-2021-10-20-at-15.24.15-1024x1024.jpeg\" alt=\"\" class=\"wp-image-377\" width=\"-332\" height=\"-332\" srcset=\"https:\/\/paginas.uepa.br\/terapiaocupacional\/wp-content\/uploads\/2021\/10\/WhatsApp-Image-2021-10-20-at-15.24.15-1024x1024.jpeg 1024w, https:\/\/paginas.uepa.br\/terapiaocupacional\/wp-content\/uploads\/2021\/10\/WhatsApp-Image-2021-10-20-at-15.24.15-300x300.jpeg 300w, https:\/\/paginas.uepa.br\/terapiaocupacional\/wp-content\/uploads\/2021\/10\/WhatsApp-Image-2021-10-20-at-15.24.15-150x150.jpeg 150w, https:\/\/paginas.uepa.br\/terapiaocupacional\/wp-content\/uploads\/2021\/10\/WhatsApp-Image-2021-10-20-at-15.24.15-768x768.jpeg 768w, https:\/\/paginas.uepa.br\/terapiaocupacional\/wp-content\/uploads\/2021\/10\/WhatsApp-Image-2021-10-20-at-15.24.15.jpeg 1080w\" sizes=\"(max-width: 1024px) 100vw, 1024px\" \/><\/figure>\n\n\n\n<p class=\"texto-justificado has-black-color has-text-color has-normal-font-size\">O Curso de Terapia Ocupacional surgiu na Universidade do Estado do Par\u00e1 no ano de 1985, a fim de contribuir com a forma\u00e7\u00e3o de profissionais que pudessem atuar na assist\u00eancia de pessoas com defici\u00eancia e sofrimento ps\u00edquico, a partir de uma demanda regional. No decorrer dos anos, foram pensados projetos pol\u00edticos pedag\u00f3gicos que aprimoraram a proposta de forma\u00e7\u00e3o para o campo de sa\u00fade e para a pr\u00e1tica na assist\u00eancia social e na educa\u00e7\u00e3o. O principal objetivo do curso de Terapia Ocupacional da UEPA \u00e9 proporcionar ao estudante uma forma\u00e7\u00e3o na perspectiva interdisciplinar, centrada nas rela\u00e7\u00f5es e no desenvolvimento profissional, com foco no contexto regional e nacional, alinhados aos princ\u00edpios de educa\u00e7\u00e3o interprofissional e permanente. <\/p>\n\n\n\n<p class=\"texto-justificado has-black-color has-text-color has-normal-font-size\">Atrav\u00e9s da Resolu\u00e7\u00e3o n.\u00ba 04\/83, de 28 de fevereiro de 1983 do Conselho Federal de Educa\u00e7\u00e3o, a qual regulamentou um curr\u00edculo m\u00ednimo do curso. No projeto inicial do curso de Terapia Ocupacional, n\u00e3o foi enfatizada uma articula\u00e7\u00e3o clara e consistente com a realidade regional. Tal fato favoreceu para que as propostas dos cursos de Terapia Ocupacional, j\u00e1 existentes no pa\u00eds, fossem aproveitadas de modo pouco cr\u00edtico, ressentindo-se de uma an\u00e1lise mais fundamentada quanto \u00e0s especificidades sociais, culturais e pol\u00edticas do contexto.<br><\/p>\n\n\n\n<p class=\"texto-justificado has-black-color has-text-color has-normal-font-size\">Com essa proposta foi criado o Curso de Terapia Ocupacional pela Resolu\u00e7\u00e3o n\u00ba. 02\/84, de 12 de janeiro de 1984, do Conselho Diretor da Funda\u00e7\u00e3o Educacional do Estado do Par\u00e1 e homologado pelo Decreto n.\u00ba 3197, de 10 de fevereiro de 1984, do Governador do Estado, publicado no Di\u00e1rio Oficial do Estado de 13 de fevereiro de 1984, e autorizado a funcionar na Faculdade Estadual de Medicina do Estado do Par\u00e1 \u2013 FEMP, pelo Decreto n.\u00ba 91.166, de 20 de mar\u00e7o de 1985, do Presidente da Rep\u00fablica, tendo em vista a Resolu\u00e7\u00e3o n.\u00ba 369, de 01 de mar\u00e7o de 1985, do Conselho Estadual de Educa\u00e7\u00e3o. A problem\u00e1tica que envolveu a cria\u00e7\u00e3o e implanta\u00e7\u00e3o do curso refletiu na din\u00e2mica institucional, seja nos aspectos infraestruturais, seja nos aspectos acad\u00eamicos.<\/p>\n\n\n\n<p class=\"texto-justificado has-black-color has-text-color has-normal-font-size\"><br>A primeira turma iniciou suas atividades no dia 15 de abril de 1985, somente com os docentes do quadro da Institui\u00e7\u00e3o, estes sem forma\u00e7\u00e3o espec\u00edfica na \u00e1rea da Terapia Ocupacional. A contrata\u00e7\u00e3o de terapeutas ocupacionais para atuarem como docentes do curso ocorreu durante seu desenvolvimento e implanta\u00e7\u00e3o.<\/p>\n\n\n\n<p class=\"texto-justificado has-black-color has-text-color has-normal-font-size\">O curso de Terapia Ocupacional da UEPA conta com uma rede estruturada de campos de pr\u00e1tica que envolvem hospitais gerais e especializados de grande e m\u00e9dio porte, centros de refer\u00eancia em assist\u00eancia social, reabilita\u00e7\u00e3o f\u00edsica, sa\u00fade mental, escolas etc. O corpo docente \u00e9 qualificado e experiente nas mais diversas \u00e1reas de atua\u00e7\u00e3o da profiss\u00e3o. Dos 32 docentes que atualmente comp\u00f5em o Departamento de Terapia Ocupacional (DETO), 10 s\u00e3o doutores, 18 s\u00e3o mestres e 4 s\u00e3o especialistas.<\/p>\n\n\n\n<p class=\"texto-justificado has-black-color has-text-color has-normal-font-size\">As atividades de pesquisa e extens\u00e3o s\u00e3o valorizadas n\u00e3o s\u00f3 pelos discentes e docentes, como tamb\u00e9m pela Universidade que financia pesquisas de alcance regional por meio de editais anuais com previs\u00e3o de bolsas de inicia\u00e7\u00e3o cient\u00edfica para os discentes envolvidos. O curso tamb\u00e9m conta com cl\u00ednica-escola pr\u00f3pria onde possui parceria com o Sistema \u00danico de Sa\u00fade (SUS) e com t\u00e9cnicos preceptores Terapeutas Ocupacionais que colaboram para a amplia\u00e7\u00e3o do leque de possibilidades interventivas dos alunos em forma\u00e7\u00e3o.<\/p>\n\n\n\n<p class=\"texto-justificado has-black-color has-text-color has-normal-font-size\">Atualmente o curso passa pelo processo de implanta\u00e7\u00e3o do terceiro Projeto Pol\u00edtico Pedag\u00f3gico de sua hist\u00f3ria. Trata-se de um modelo pedag\u00f3gico cuja Matriz Curricular \u00e9 integradora, flex\u00edvel e din\u00e2mica. Fundamenta-se no paradigma da integralidade, \u00e9 centrado no aluno, e \u00e9 orientado para a comunidade, utilizando v\u00e1rias metodologias ativas, privilegiando a problematiza\u00e7\u00e3o e a aprendizagem baseada em problemas. Destaca-se, ainda, de acordo com resolu\u00e7\u00e3o n. 471 de 23 de agosto de 2018, que promulga a renova\u00e7\u00e3o do reconhecimento do curso pelo Conselho Estadual de Educa\u00e7\u00e3o, a Gradua\u00e7\u00e3o em Terapia Ocupacional da UEPA obteve nota m\u00e1xima.<\/p>\n\n\n\n<p class=\"texto-justificado has-black-color has-text-color has-normal-font-size\">A integraliza\u00e7\u00e3o do curso ocorre em 05 anos e, atualmente, conta com 172 alunos regularmente matriculados. <\/p>\n","protected":false},"excerpt":{"rendered":"<p>O Curso de Terapia Ocupacional surgiu na Universidade do Estado do Par\u00e1 no ano de 1985, a fim de contribuir com a forma\u00e7\u00e3o de profissionais que pudessem atuar na assist\u00eancia de pessoas com defici\u00eancia e sofrimento ps\u00edquico, a partir de uma demanda regional. No decorrer dos anos, foram pensados projetos pol\u00edticos pedag\u00f3gicos que aprimoraram a &hellip;<\/p>\n<p class=\"read-more\"> <a class=\"\" href=\"https:\/\/paginas.uepa.br\/terapiaocupacional\/index.php\/historia-do-curso\/\"> <span class=\"screen-reader-text\">HIST\u00d3RIA DO CURSO<\/span> Leia mais &raquo;<\/a><\/p>\n","protected":false},"author":1,"featured_media":0,"parent":0,"menu_order":0,"comment_status":"closed","ping_status":"closed","template":"","meta":{"_uag_custom_page_level_css":"","site-sidebar-layout":"default","site-content-layout":"default","ast-site-content-layout":"","site-content-style":"default","site-sidebar-style":"default","ast-global-header-display":"","ast-banner-title-visibility":"","ast-main-header-display":"","ast-hfb-above-header-display":"","ast-hfb-below-header-display":"","ast-hfb-mobile-header-display":"","site-post-title":"","ast-breadcrumbs-content":"","ast-featured-img":"","footer-sml-layout":"","theme-transparent-header-meta":"default","adv-header-id-meta":"","stick-header-meta":"","header-above-stick-meta":"","header-main-stick-meta":"","header-below-stick-meta":"","astra-migrate-meta-layouts":"","ast-page-background-enabled":"default","ast-page-background-meta":{"desktop":{"background-color":"","background-image":"","background-repeat":"repeat","background-position":"center center","background-size":"auto","background-attachment":"scroll","background-type":"","background-media":"","overlay-type":"","overlay-color":"","overlay-gradient":""},"tablet":{"background-color":"","background-image":"","background-repeat":"repeat","background-position":"center center","background-size":"auto","background-attachment":"scroll","background-type":"","background-media":"","overlay-type":"","overlay-color":"","overlay-gradient":""},"mobile":{"background-color":"","background-image":"","background-repeat":"repeat","background-position":"center center","background-size":"auto","background-attachment":"scroll","background-type":"","background-media":"","overlay-type":"","overlay-color":"","overlay-gradient":""}},"ast-content-background-meta":{"desktop":{"background-color":"var(--ast-global-color-5)","background-image":"","background-repeat":"repeat","background-position":"center center","background-size":"auto","background-attachment":"scroll","background-type":"","background-media":"","overlay-type":"","overlay-color":"","overlay-gradient":""},"tablet":{"background-color":"var(--ast-global-color-5)","background-image":"","background-repeat":"repeat","background-position":"center center","background-size":"auto","background-attachment":"scroll","background-type":"","background-media":"","overlay-type":"","overlay-color":"","overlay-gradient":""},"mobile":{"background-color":"var(--ast-global-color-5)","background-image":"","background-repeat":"repeat","background-position":"center center","background-size":"auto","background-attachment":"scroll","background-type":"","background-media":"","overlay-type":"","overlay-color":"","overlay-gradient":""}},"footnotes":""},"uagb_featured_image_src":{"full":false,"thumbnail":false,"medium":false,"medium_large":false,"large":false,"1536x1536":false,"2048x2048":false},"uagb_author_info":{"display_name":"admin@uepa.br","author_link":"https:\/\/paginas.uepa.br\/terapiaocupacional\/index.php\/author\/adminuepa-br\/"},"uagb_comment_info":0,"uagb_excerpt":"O Curso de Terapia Ocupacional surgiu na Universidade do Estado do Par\u00e1 no ano de 1985, a fim de contribuir com a forma\u00e7\u00e3o de profissionais que pudessem atuar na assist\u00eancia de pessoas com defici\u00eancia e sofrimento ps\u00edquico, a partir de uma demanda regional. No decorrer dos anos, foram pensados projetos pol\u00edticos pedag\u00f3gicos que aprimoraram a&hellip;","_links":{"self":[{"href":"https:\/\/paginas.uepa.br\/terapiaocupacional\/index.php\/wp-json\/wp\/v2\/pages\/24"}],"collection":[{"href":"https:\/\/paginas.uepa.br\/terapiaocupacional\/index.php\/wp-json\/wp\/v2\/pages"}],"about":[{"href":"https:\/\/paginas.uepa.br\/terapiaocupacional\/index.php\/wp-json\/wp\/v2\/types\/page"}],"author":[{"embeddable":true,"href":"https:\/\/paginas.uepa.br\/terapiaocupacional\/index.php\/wp-json\/wp\/v2\/users\/1"}],"replies":[{"embeddable":true,"href":"https:\/\/paginas.uepa.br\/terapiaocupacional\/index.php\/wp-json\/wp\/v2\/comments?post=24"}],"version-history":[{"count":4,"href":"https:\/\/paginas.uepa.br\/terapiaocupacional\/index.php\/wp-json\/wp\/v2\/pages\/24\/revisions"}],"predecessor-version":[{"id":381,"href":"https:\/\/paginas.uepa.br\/terapiaocupacional\/index.php\/wp-json\/wp\/v2\/pages\/24\/revisions\/381"}],"wp:attachment":[{"href":"https:\/\/paginas.uepa.br\/terapiaocupacional\/index.php\/wp-json\/wp\/v2\/media?parent=24"}],"curies":[{"name":"wp","href":"https:\/\/api.w.org\/{rel}","templated":true}]}}