{"id":23,"date":"2021-06-14T11:16:58","date_gmt":"2021-06-14T14:16:58","guid":{"rendered":"https:\/\/177.74.2.66\/terapiaocupacional\/?page_id=23"},"modified":"2021-07-02T09:50:08","modified_gmt":"2021-07-02T12:50:08","slug":"coffito-crefito","status":"publish","type":"page","link":"https:\/\/paginas.uepa.br\/terapiaocupacional\/index.php\/coffito-crefito\/","title":{"rendered":"COFFITO\/CREFITO"},"content":{"rendered":"\n<div class=\"wp-block-cover has-background-dim\"><img loading=\"lazy\" decoding=\"async\" width=\"500\" height=\"375\" class=\"wp-block-cover__image-background wp-image-329\" alt=\"\" src=\"https:\/\/paginas.uepa.br\/terapiaocupacional\/wp-content\/uploads\/2021\/07\/unnamed.jpg\" data-object-fit=\"cover\" srcset=\"https:\/\/paginas.uepa.br\/terapiaocupacional\/wp-content\/uploads\/2021\/07\/unnamed.jpg 500w, https:\/\/paginas.uepa.br\/terapiaocupacional\/wp-content\/uploads\/2021\/07\/unnamed-300x225.jpg 300w\" sizes=\"(max-width: 500px) 100vw, 500px\" \/><div class=\"wp-block-cover__inner-container is-layout-flow wp-block-cover-is-layout-flow\">\n<p class=\"has-text-align-center has-large-font-size\">CONSELHO FEDERAL DE FISIOTERAPIA E TERAPIA OCUPACIONAL<\/p>\n<\/div><\/div>\n\n\n\n<p class=\"texto-justificado\">O Conselho Federal de Fisioterapia e Terapia Ocupacional (COFFITO), \u00e9 uma autarquia (forma de governo aut\u00f4noma) criada a partir da Lei n\u00ba 6316, de 17 de dezembro de 1975, com o prop\u00f3sito de normatizar e supervisionar os aspectos \u00e9tico, cient\u00edfico e social das profiss\u00f5es da Fisioterapia e da Terapia Ocupacional. Sendo assim, desde o ano de 1995 o Conselho est\u00e1 desvinculado do Minist\u00e9rio do Trabalho, por meio da Lei n\u00ba 9098, o que o tornou \u00f3rg\u00e3o de ultima inst\u00e2ncia recursal. <\/p>\n\n\n\n<p class=\"texto-justificado\">O COFFITO tamb\u00e9m busca defender os interesses corporativos de cada profiss\u00e3o, trabalhando pela defesa da inser\u00e7\u00e3o destes profissionais em diversos \u00e2mbitos no mundo do trabalho, assim como estimula o desenvolvimento de uma boa forma\u00e7\u00e3o t\u00e9cnica e humanista, para que as pessoas da sociedade possam receber atendimentos de qualidade e com resolutividade. <\/p>\n\n\n\n<p>Diante disso, s\u00e3o algumas atribui\u00e7\u00f5es do COFFITO: <\/p>\n\n\n\n<ul class=\"texto-justificado\"><li>Desempenhar fun\u00e7\u00e3o normativa e supervisionar os aspectos \u00e9tico, cient\u00edfico e social da Fisioterapia e Terapia Ocupacional no territ\u00f3rio nacional;<\/li><li>Cumprir todos os atos normativos necess\u00e1rios, respeitando a correta interpreta\u00e7\u00e3o e execu\u00e7\u00e3o da Lei n\u00b0 6.316\/1975 (<a href=\"http:\/\/www.planalto.gov.br\/ccivil_03\/leis\/1970-1979\/l6316.htm\" data-type=\"URL\" data-id=\"http:\/\/www.planalto.gov.br\/ccivil_03\/leis\/1970-1979\/l6316.htm\">http:\/\/www.planalto.gov.br\/ccivil_03\/leis\/1970-1979\/l6316.htm<\/a>);<\/li><li>Supervisionar a fiscaliza\u00e7\u00e3o do exerc\u00edcio profissional em todo o territ\u00f3rio nacional, fomentando e cuidando do prest\u00edgio e bom nome daqueles que a exercem, atrav\u00e9s do estabelecimento de controle, capazes de fundamentar a promo\u00e7\u00e3o de uma assist\u00eancia profissional independente, cient\u00edfica, \u00e9tica e resolutiva. <\/li><li>Operar como Tribunal Superior de \u00c9tica nas quest\u00f5es que envolvam Fisioterapeutas e Terapeutas Ocupacionais.<\/li><\/ul>\n\n\n\n<div class=\"wp-block-cover has-background-dim\"><img loading=\"lazy\" decoding=\"async\" width=\"4608\" height=\"1634\" class=\"wp-block-cover__image-background wp-image-335\" alt=\"\" src=\"https:\/\/paginas.uepa.br\/terapiaocupacional\/wp-content\/uploads\/2021\/07\/LOGO_FINAL-04.png\" style=\"object-position:0% 100%\" data-object-fit=\"cover\" data-object-position=\"0% 100%\" srcset=\"https:\/\/paginas.uepa.br\/terapiaocupacional\/wp-content\/uploads\/2021\/07\/LOGO_FINAL-04.png 4608w, https:\/\/paginas.uepa.br\/terapiaocupacional\/wp-content\/uploads\/2021\/07\/LOGO_FINAL-04-300x106.png 300w, https:\/\/paginas.uepa.br\/terapiaocupacional\/wp-content\/uploads\/2021\/07\/LOGO_FINAL-04-1024x363.png 1024w, https:\/\/paginas.uepa.br\/terapiaocupacional\/wp-content\/uploads\/2021\/07\/LOGO_FINAL-04-768x272.png 768w, https:\/\/paginas.uepa.br\/terapiaocupacional\/wp-content\/uploads\/2021\/07\/LOGO_FINAL-04-1536x545.png 1536w, https:\/\/paginas.uepa.br\/terapiaocupacional\/wp-content\/uploads\/2021\/07\/LOGO_FINAL-04-2048x726.png 2048w\" sizes=\"(max-width: 4608px) 100vw, 4608px\" \/><div class=\"wp-block-cover__inner-container is-layout-flow wp-block-cover-is-layout-flow\">\n<p class=\"has-text-align-center has-large-font-size\">CONSELHO REGIONAL DE FISIOTERAPIA E TERAPIA OCUPACIONAL DA 12\u00aa REGI\u00c3O<\/p>\n<\/div><\/div>\n\n\n\n<p class=\"texto-justificado\">O Conselho Regional de Fisioterapia e Terapia Ocupacional da 12\u00aa Regi\u00e3o (CREFITO-12), \u00e9 respons\u00e1vel por contribuir com a promo\u00e7\u00e3o e garantia do exerc\u00edcio \u00e9tico, com a valoriza\u00e7\u00e3o e dignidade profissional da Fisioterapia e da Terapia Ocupacional, tendo como par\u00e2metro a melhoria das condi\u00e7\u00f5es de vida e sa\u00fade da sociedade. Para isso, o CREFITO-12 vem disciplinar o exerc\u00edcio profissional, a fim de fazer prevalecer a conduta \u00e9tica e t\u00e9cnica, atuando na normatiza\u00e7\u00e3o, fiscaliza\u00e7\u00e3o, defesa e autonomia de fisioterapeutas e terapeutas ocupacionais. <\/p>\n\n\n\n<p>Atualmente, s\u00e3o vinculados ao CREFITO-12: Par\u00e1, Tocantins, Roraima, Amazonas e Amap\u00e1. <\/p>\n\n\n\n<p class=\"texto-justificado has-black-color has-text-color\">Todo e qualquer profissional de Fisioterapia e Terapia Ocupacional precisa estar associado ao CREFITO para exercer sua atividade profissional.<\/p>\n\n\n\n<div class=\"wp-block-columns alignfull has-text-color has-background is-layout-flex wp-container-core-columns-is-layout-1 wp-block-columns-is-layout-flex\" style=\"background-color:#ffffff;color:#000000\">\n<div class=\"wp-block-column is-layout-flow wp-block-column-is-layout-flow\">\n<h3 class=\"wp-block-heading\" style=\"font-size:24px;line-height:1.3\"><strong><a href=\"https:\/\/www.coffito.gov.br\/\" data-type=\"URL\" data-id=\"https:\/\/www.coffito.gov.br\/\">COFFITO \u2197<\/a><\/strong><\/h3>\n\n\n\n<p>Site Oficial<\/p>\n<\/div>\n\n\n\n<div class=\"wp-block-column is-layout-flow wp-block-column-is-layout-flow\">\n<h3 class=\"wp-block-heading\" style=\"font-size:24px;line-height:1.3\"><strong><a href=\"https:\/\/crefito12.org.br\/crefito-12\/\" data-type=\"URL\" data-id=\"https:\/\/crefito12.org.br\/crefito-12\/\">CREFITO-12 \u2197<\/a><\/strong><\/h3>\n\n\n\n<p>Site Oficial <\/p>\n<\/div>\n<\/div>\n","protected":false},"excerpt":{"rendered":"<p>O Conselho Federal de Fisioterapia e Terapia Ocupacional (COFFITO), \u00e9 uma autarquia (forma de governo aut\u00f4noma) criada a partir da Lei n\u00ba 6316, de 17 de dezembro de 1975, com o prop\u00f3sito de normatizar e supervisionar os aspectos \u00e9tico, cient\u00edfico e social das profiss\u00f5es da Fisioterapia e da Terapia Ocupacional. Sendo assim, desde o ano &hellip;<\/p>\n<p class=\"read-more\"> <a class=\"\" href=\"https:\/\/paginas.uepa.br\/terapiaocupacional\/index.php\/coffito-crefito\/\"> <span class=\"screen-reader-text\">COFFITO\/CREFITO<\/span> Leia mais &raquo;<\/a><\/p>\n","protected":false},"author":1,"featured_media":0,"parent":0,"menu_order":0,"comment_status":"closed","ping_status":"closed","template":"","meta":{"_uag_custom_page_level_css":"","site-sidebar-layout":"default","site-content-layout":"default","ast-site-content-layout":"","site-content-style":"default","site-sidebar-style":"default","ast-global-header-display":"","ast-banner-title-visibility":"","ast-main-header-display":"","ast-hfb-above-header-display":"","ast-hfb-below-header-display":"","ast-hfb-mobile-header-display":"","site-post-title":"","ast-breadcrumbs-content":"","ast-featured-img":"","footer-sml-layout":"","theme-transparent-header-meta":"default","adv-header-id-meta":"","stick-header-meta":"","header-above-stick-meta":"","header-main-stick-meta":"","header-below-stick-meta":"","astra-migrate-meta-layouts":"","ast-page-background-enabled":"default","ast-page-background-meta":{"desktop":{"background-color":"","background-image":"","background-repeat":"repeat","background-position":"center center","background-size":"auto","background-attachment":"scroll","background-type":"","background-media":"","overlay-type":"","overlay-color":"","overlay-gradient":""},"tablet":{"background-color":"","background-image":"","background-repeat":"repeat","background-position":"center center","background-size":"auto","background-attachment":"scroll","background-type":"","background-media":"","overlay-type":"","overlay-color":"","overlay-gradient":""},"mobile":{"background-color":"","background-image":"","background-repeat":"repeat","background-position":"center center","background-size":"auto","background-attachment":"scroll","background-type":"","background-media":"","overlay-type":"","overlay-color":"","overlay-gradient":""}},"ast-content-background-meta":{"desktop":{"background-color":"var(--ast-global-color-5)","background-image":"","background-repeat":"repeat","background-position":"center center","background-size":"auto","background-attachment":"scroll","background-type":"","background-media":"","overlay-type":"","overlay-color":"","overlay-gradient":""},"tablet":{"background-color":"var(--ast-global-color-5)","background-image":"","background-repeat":"repeat","background-position":"center center","background-size":"auto","background-attachment":"scroll","background-type":"","background-media":"","overlay-type":"","overlay-color":"","overlay-gradient":""},"mobile":{"background-color":"var(--ast-global-color-5)","background-image":"","background-repeat":"repeat","background-position":"center center","background-size":"auto","background-attachment":"scroll","background-type":"","background-media":"","overlay-type":"","overlay-color":"","overlay-gradient":""}},"footnotes":""},"uagb_featured_image_src":{"full":false,"thumbnail":false,"medium":false,"medium_large":false,"large":false,"1536x1536":false,"2048x2048":false},"uagb_author_info":{"display_name":"admin@uepa.br","author_link":"https:\/\/paginas.uepa.br\/terapiaocupacional\/index.php\/author\/adminuepa-br\/"},"uagb_comment_info":0,"uagb_excerpt":"O Conselho Federal de Fisioterapia e Terapia Ocupacional (COFFITO), \u00e9 uma autarquia (forma de governo aut\u00f4noma) criada a partir da Lei n\u00ba 6316, de 17 de dezembro de 1975, com o prop\u00f3sito de normatizar e supervisionar os aspectos \u00e9tico, cient\u00edfico e social das profiss\u00f5es da Fisioterapia e da Terapia Ocupacional. Sendo assim, desde o ano&hellip;","_links":{"self":[{"href":"https:\/\/paginas.uepa.br\/terapiaocupacional\/index.php\/wp-json\/wp\/v2\/pages\/23"}],"collection":[{"href":"https:\/\/paginas.uepa.br\/terapiaocupacional\/index.php\/wp-json\/wp\/v2\/pages"}],"about":[{"href":"https:\/\/paginas.uepa.br\/terapiaocupacional\/index.php\/wp-json\/wp\/v2\/types\/page"}],"author":[{"embeddable":true,"href":"https:\/\/paginas.uepa.br\/terapiaocupacional\/index.php\/wp-json\/wp\/v2\/users\/1"}],"replies":[{"embeddable":true,"href":"https:\/\/paginas.uepa.br\/terapiaocupacional\/index.php\/wp-json\/wp\/v2\/comments?post=23"}],"version-history":[{"count":5,"href":"https:\/\/paginas.uepa.br\/terapiaocupacional\/index.php\/wp-json\/wp\/v2\/pages\/23\/revisions"}],"predecessor-version":[{"id":339,"href":"https:\/\/paginas.uepa.br\/terapiaocupacional\/index.php\/wp-json\/wp\/v2\/pages\/23\/revisions\/339"}],"wp:attachment":[{"href":"https:\/\/paginas.uepa.br\/terapiaocupacional\/index.php\/wp-json\/wp\/v2\/media?parent=23"}],"curies":[{"name":"wp","href":"https:\/\/api.w.org\/{rel}","templated":true}]}}