{"id":22,"date":"2021-06-14T11:16:58","date_gmt":"2021-06-14T14:16:58","guid":{"rendered":"https:\/\/177.74.2.66\/terapiaocupacional\/?page_id=22"},"modified":"2021-07-02T11:09:19","modified_gmt":"2021-07-02T14:09:19","slug":"wfot","status":"publish","type":"page","link":"https:\/\/paginas.uepa.br\/terapiaocupacional\/index.php\/wfot\/","title":{"rendered":"WFOT"},"content":{"rendered":"\n<div class=\"wp-block-cover has-background-dim\"><img loading=\"lazy\" decoding=\"async\" width=\"1000\" height=\"600\" class=\"wp-block-cover__image-background wp-image-352\" alt=\"\" src=\"https:\/\/paginas.uepa.br\/terapiaocupacional\/wp-content\/uploads\/2021\/07\/wfot.png\" data-object-fit=\"cover\" srcset=\"https:\/\/paginas.uepa.br\/terapiaocupacional\/wp-content\/uploads\/2021\/07\/wfot.png 1000w, https:\/\/paginas.uepa.br\/terapiaocupacional\/wp-content\/uploads\/2021\/07\/wfot-300x180.png 300w, https:\/\/paginas.uepa.br\/terapiaocupacional\/wp-content\/uploads\/2021\/07\/wfot-768x461.png 768w\" sizes=\"(max-width: 1000px) 100vw, 1000px\" \/><div class=\"wp-block-cover__inner-container is-layout-flow wp-block-cover-is-layout-flow\">\n<p class=\"has-text-align-center has-large-font-size\">WORLD FEDERATION OF OCCUPATIONAL THERAPISTS (WFOT)<\/p>\n<\/div><\/div>\n\n\n\n<p class=\"texto-justificado\">A World Federation Of  Occupational Therapists (WFOT) compreende a representa\u00e7\u00e3o mundial da Terapia Ocupacional, contribuindo com a formula\u00e7\u00e3o do padr\u00e3o para a sua pr\u00e1tica profissional. Nesse sentido, auxilia os Conselhos a estruturarem sua governan\u00e7a aos eixos do que compreende como pr\u00e1ticas que ir\u00e3o colaborar para o fortalecimento da Terapia Ocupacional. <\/p>\n\n\n\n<p>A WFOT tem como princ\u00edpios o alcance dos seguintes objetivos:<\/p>\n\n\n\n<ul><li>Atuar como organiza\u00e7\u00e3o oficial internacional para a promo\u00e7\u00e3o da terapia ocupacional;<\/li><li>Promover a coopera\u00e7\u00e3o internacional entre associa\u00e7\u00f5es de terapia ocupacional, terapeutas e outros grupos profissionais aliados; <\/li><li>Fazer avan\u00e7ar a pr\u00e1tica e os padr\u00f5es da terapia ocupacional; <\/li><li>Ajudar a manter a \u00e9tica e promover os interesses da profiss\u00e3o; <\/li><li>Facilitar o interc\u00e2mbio internacional e a coloca\u00e7\u00e3o de terapeutas e estudantes; <\/li><li>Facilitar a troca de informa\u00e7\u00f5es; promover a educa\u00e7\u00e3o e a forma\u00e7\u00e3o de terapeutas; <\/li><li>Realizar congressos internacionais.<\/li><\/ul>\n\n\n\n<p>Nesse sentido, algumas de suas a\u00e7\u00f5es de governan\u00e7a s\u00e3o:<\/p>\n\n\n\n<ul><li>Aconselhar diretores e oficiais sobre as fun\u00e7\u00f5es do diretor e a constitui\u00e7\u00e3o da organiza\u00e7\u00e3o;<\/li><li>Assessorar o Conselho sobre os princ\u00edpios de governan\u00e7a corporativa e a implementa\u00e7\u00e3o de programas de governan\u00e7a e estruturas de gest\u00e3o de risco;<\/li><li>Desenvolver, implementar, comunicar e manter pol\u00edticas, processos e procedimentos de governan\u00e7a, risco e conformidade;<\/li><li>Manter a estrutura corporativa;<\/li><li>Manter e aumentar o quadro associativo. <\/li><\/ul>\n\n\n\n<div class=\"wp-block-columns alignfull has-text-color has-background is-layout-flex wp-container-core-columns-is-layout-1 wp-block-columns-is-layout-flex\" style=\"background-color:#ffffff;color:#000000\">\n<div class=\"wp-block-column is-layout-flow wp-block-column-is-layout-flow\">\n<h3 class=\"wp-block-heading\" style=\"font-size:24px;line-height:1.3\"><strong><a href=\"https:\/\/www.wfot.org\/\" data-type=\"URL\" data-id=\"https:\/\/www.wfot.org\/\">WFOT \u2197<\/a><\/strong><\/h3>\n\n\n\n<p>Site Oficial.<\/p>\n<\/div>\n<\/div>\n","protected":false},"excerpt":{"rendered":"<p>A World Federation Of Occupational Therapists (WFOT) compreende a representa\u00e7\u00e3o mundial da Terapia Ocupacional, contribuindo com a formula\u00e7\u00e3o do padr\u00e3o para a sua pr\u00e1tica profissional. Nesse sentido, auxilia os Conselhos a estruturarem sua governan\u00e7a aos eixos do que compreende como pr\u00e1ticas que ir\u00e3o colaborar para o fortalecimento da Terapia Ocupacional. A WFOT tem como princ\u00edpios &hellip;<\/p>\n<p class=\"read-more\"> <a class=\"\" href=\"https:\/\/paginas.uepa.br\/terapiaocupacional\/index.php\/wfot\/\"> <span class=\"screen-reader-text\">WFOT<\/span> Leia mais &raquo;<\/a><\/p>\n","protected":false},"author":1,"featured_media":0,"parent":0,"menu_order":0,"comment_status":"closed","ping_status":"closed","template":"","meta":{"_uag_custom_page_level_css":"","site-sidebar-layout":"default","site-content-layout":"default","ast-site-content-layout":"","site-content-style":"default","site-sidebar-style":"default","ast-global-header-display":"","ast-banner-title-visibility":"","ast-main-header-display":"","ast-hfb-above-header-display":"","ast-hfb-below-header-display":"","ast-hfb-mobile-header-display":"","site-post-title":"","ast-breadcrumbs-content":"","ast-featured-img":"","footer-sml-layout":"","theme-transparent-header-meta":"default","adv-header-id-meta":"","stick-header-meta":"","header-above-stick-meta":"","header-main-stick-meta":"","header-below-stick-meta":"","astra-migrate-meta-layouts":"","ast-page-background-enabled":"default","ast-page-background-meta":{"desktop":{"background-color":"","background-image":"","background-repeat":"repeat","background-position":"center center","background-size":"auto","background-attachment":"scroll","background-type":"","background-media":"","overlay-type":"","overlay-color":"","overlay-gradient":""},"tablet":{"background-color":"","background-image":"","background-repeat":"repeat","background-position":"center center","background-size":"auto","background-attachment":"scroll","background-type":"","background-media":"","overlay-type":"","overlay-color":"","overlay-gradient":""},"mobile":{"background-color":"","background-image":"","background-repeat":"repeat","background-position":"center center","background-size":"auto","background-attachment":"scroll","background-type":"","background-media":"","overlay-type":"","overlay-color":"","overlay-gradient":""}},"ast-content-background-meta":{"desktop":{"background-color":"var(--ast-global-color-5)","background-image":"","background-repeat":"repeat","background-position":"center center","background-size":"auto","background-attachment":"scroll","background-type":"","background-media":"","overlay-type":"","overlay-color":"","overlay-gradient":""},"tablet":{"background-color":"var(--ast-global-color-5)","background-image":"","background-repeat":"repeat","background-position":"center center","background-size":"auto","background-attachment":"scroll","background-type":"","background-media":"","overlay-type":"","overlay-color":"","overlay-gradient":""},"mobile":{"background-color":"var(--ast-global-color-5)","background-image":"","background-repeat":"repeat","background-position":"center center","background-size":"auto","background-attachment":"scroll","background-type":"","background-media":"","overlay-type":"","overlay-color":"","overlay-gradient":""}},"footnotes":""},"uagb_featured_image_src":{"full":false,"thumbnail":false,"medium":false,"medium_large":false,"large":false,"1536x1536":false,"2048x2048":false},"uagb_author_info":{"display_name":"admin@uepa.br","author_link":"https:\/\/paginas.uepa.br\/terapiaocupacional\/index.php\/author\/adminuepa-br\/"},"uagb_comment_info":0,"uagb_excerpt":"A World Federation Of Occupational Therapists (WFOT) compreende a representa\u00e7\u00e3o mundial da Terapia Ocupacional, contribuindo com a formula\u00e7\u00e3o do padr\u00e3o para a sua pr\u00e1tica profissional. Nesse sentido, auxilia os Conselhos a estruturarem sua governan\u00e7a aos eixos do que compreende como pr\u00e1ticas que ir\u00e3o colaborar para o fortalecimento da Terapia Ocupacional. A WFOT tem como princ\u00edpios&hellip;","_links":{"self":[{"href":"https:\/\/paginas.uepa.br\/terapiaocupacional\/index.php\/wp-json\/wp\/v2\/pages\/22"}],"collection":[{"href":"https:\/\/paginas.uepa.br\/terapiaocupacional\/index.php\/wp-json\/wp\/v2\/pages"}],"about":[{"href":"https:\/\/paginas.uepa.br\/terapiaocupacional\/index.php\/wp-json\/wp\/v2\/types\/page"}],"author":[{"embeddable":true,"href":"https:\/\/paginas.uepa.br\/terapiaocupacional\/index.php\/wp-json\/wp\/v2\/users\/1"}],"replies":[{"embeddable":true,"href":"https:\/\/paginas.uepa.br\/terapiaocupacional\/index.php\/wp-json\/wp\/v2\/comments?post=22"}],"version-history":[{"count":4,"href":"https:\/\/paginas.uepa.br\/terapiaocupacional\/index.php\/wp-json\/wp\/v2\/pages\/22\/revisions"}],"predecessor-version":[{"id":356,"href":"https:\/\/paginas.uepa.br\/terapiaocupacional\/index.php\/wp-json\/wp\/v2\/pages\/22\/revisions\/356"}],"wp:attachment":[{"href":"https:\/\/paginas.uepa.br\/terapiaocupacional\/index.php\/wp-json\/wp\/v2\/media?parent=22"}],"curies":[{"name":"wp","href":"https:\/\/api.w.org\/{rel}","templated":true}]}}