{"id":21,"date":"2021-06-14T11:16:58","date_gmt":"2021-06-14T14:16:58","guid":{"rendered":"https:\/\/177.74.2.66\/terapiaocupacional\/?page_id=21"},"modified":"2021-07-02T10:44:42","modified_gmt":"2021-07-02T13:44:42","slug":"reneto","status":"publish","type":"page","link":"https:\/\/paginas.uepa.br\/terapiaocupacional\/index.php\/reneto\/","title":{"rendered":"Rede Nacional de Ensino e Pesquisa em Terapia Ocupacional (RENETO)"},"content":{"rendered":"\n<figure class=\"wp-block-image size-large is-style-default\"><img loading=\"lazy\" decoding=\"async\" width=\"827\" height=\"483\" src=\"https:\/\/paginas.uepa.br\/terapiaocupacional\/wp-content\/uploads\/2021\/07\/logo_reneto.gif\" alt=\"\" class=\"wp-image-343\"\/><\/figure>\n\n\n\n<p class=\"texto-justificado\">A Rede Nacional de Ensino e Pesquisa em Terapia Ocupacional (RENETO) \u00e9 uma entidade de car\u00e1ter associativo e educacional, de \u00e2mbito nacional, a qual possui como objetivo o desenvolvimento e o aperfei\u00e7oamento do ensino (gradua\u00e7\u00e3o e p\u00f3s-gradua\u00e7\u00e3o) e da pesquisa em Terapia Ocupacional, sendo composta por associados individuais e institucionais. <\/p>\n\n\n\n<p>Diante disso, s\u00e3o alguns objetivos da RENETO: <\/p>\n\n\n\n<ul><li>Fomentar o debate acerca do ensino na gradua\u00e7\u00e3o e p\u00f3s-gradua\u00e7\u00e3o em Terapia Ocupacional;<\/li><li>Fomentar o desenvolvimento de pesquisa no \u00e2mbito da Terapia Ocupacional, seguindo os par\u00e2metros cient\u00edficos e tecnol\u00f3gicos nacionais;<\/li><li>Promover o interc\u00e2mbio com entidades governamentais e n\u00e3o-governamentais;<\/li><li>Promover o interc\u00e2mbio com unidades formadoras de Terapia Ocupacional do Brasil e do exterior;<\/li><li>Promover o interc\u00e2mbio com ag\u00eancias de fomento \u00e0 pesquisa no pa\u00eds e no exterior;<\/li><li>Promover a colabora\u00e7\u00e3o com outras entidades interessadas no programa de ensino de Terapia Ocupacional; <\/li><\/ul>\n\n\n\n<p>Podem ser associados a RENETO:<\/p>\n\n\n\n<ul><li>Os cursos de Terapia Ocupacional das Institui\u00e7\u00f5es de Ensino Superior (IES);<\/li><li>Os programas de p\u00f3s-gradua\u00e7\u00e3o LATO e STRICTO sensu em Terapia Ocupacional;<\/li><li>A Executiva Nacional de Estudantes de Terapia Ocupacional (EXNETO) ou entidade de representa\u00e7\u00e3o nacional dos estudantes de Terapia Ocupacional;<\/li><li>A Associa\u00e7\u00e3o Nacional de Estudantes de P\u00f3s-Gradua\u00e7\u00e3o em Terapia Ocupacional; <\/li><\/ul>\n\n\n\n<div class=\"wp-block-columns alignfull has-text-color has-background is-layout-flex wp-container-core-columns-is-layout-2 wp-block-columns-is-layout-flex\" style=\"background-color:#ffffff;color:#000000\">\n<div class=\"wp-block-column is-layout-flow wp-block-column-is-layout-flow\">\n<div class=\"wp-block-columns alignfull has-text-color has-background is-layout-flex wp-container-core-columns-is-layout-1 wp-block-columns-is-layout-flex\" style=\"background-color:#ffffff;color:#000000\">\n<div class=\"wp-block-column is-layout-flow wp-block-column-is-layout-flow\">\n<h3 class=\"wp-block-heading\" style=\"font-size:24px;line-height:1.3\"><strong><a href=\"http:\/\/reneto.org.br\/\" data-type=\"URL\" data-id=\"http:\/\/reneto.org.br\/\">RENETO \u2197<\/a><\/strong><\/h3>\n\n\n\n<p>Site Oficial.<\/p>\n<\/div>\n\n\n\n<div class=\"wp-block-column is-layout-flow wp-block-column-is-layout-flow\">\n<h3 class=\"wp-block-heading\" style=\"font-size:24px;line-height:1.3\"><strong><a href=\"https:\/\/instagram.com\/renetoterapiaocupacional?utm_medium=copy_link\" data-type=\"URL\" data-id=\"https:\/\/instagram.com\/renetoterapiaocupacional?utm_medium=copy_link\">@renetoterapiaocupacional \u2197<\/a><\/strong><\/h3>\n\n\n\n<p>Instagram Oficial.<\/p>\n<\/div>\n<\/div>\n<\/div>\n<\/div>\n","protected":false},"excerpt":{"rendered":"<p>A Rede Nacional de Ensino e Pesquisa em Terapia Ocupacional (RENETO) \u00e9 uma entidade de car\u00e1ter associativo e educacional, de \u00e2mbito nacional, a qual possui como objetivo o desenvolvimento e o aperfei\u00e7oamento do ensino (gradua\u00e7\u00e3o e p\u00f3s-gradua\u00e7\u00e3o) e da pesquisa em Terapia Ocupacional, sendo composta por associados individuais e institucionais. Diante disso, s\u00e3o alguns objetivos &hellip;<\/p>\n<p class=\"read-more\"> <a class=\"\" href=\"https:\/\/paginas.uepa.br\/terapiaocupacional\/index.php\/reneto\/\"> <span class=\"screen-reader-text\">Rede Nacional de Ensino e Pesquisa em Terapia Ocupacional (RENETO)<\/span> Leia mais &raquo;<\/a><\/p>\n","protected":false},"author":1,"featured_media":0,"parent":0,"menu_order":0,"comment_status":"closed","ping_status":"closed","template":"","meta":{"_uag_custom_page_level_css":"","site-sidebar-layout":"default","site-content-layout":"default","ast-site-content-layout":"","site-content-style":"default","site-sidebar-style":"default","ast-global-header-display":"","ast-banner-title-visibility":"","ast-main-header-display":"","ast-hfb-above-header-display":"","ast-hfb-below-header-display":"","ast-hfb-mobile-header-display":"","site-post-title":"","ast-breadcrumbs-content":"","ast-featured-img":"","footer-sml-layout":"","theme-transparent-header-meta":"default","adv-header-id-meta":"","stick-header-meta":"","header-above-stick-meta":"","header-main-stick-meta":"","header-below-stick-meta":"","astra-migrate-meta-layouts":"","ast-page-background-enabled":"default","ast-page-background-meta":{"desktop":{"background-color":"","background-image":"","background-repeat":"repeat","background-position":"center center","background-size":"auto","background-attachment":"scroll","background-type":"","background-media":"","overlay-type":"","overlay-color":"","overlay-gradient":""},"tablet":{"background-color":"","background-image":"","background-repeat":"repeat","background-position":"center center","background-size":"auto","background-attachment":"scroll","background-type":"","background-media":"","overlay-type":"","overlay-color":"","overlay-gradient":""},"mobile":{"background-color":"","background-image":"","background-repeat":"repeat","background-position":"center center","background-size":"auto","background-attachment":"scroll","background-type":"","background-media":"","overlay-type":"","overlay-color":"","overlay-gradient":""}},"ast-content-background-meta":{"desktop":{"background-color":"var(--ast-global-color-5)","background-image":"","background-repeat":"repeat","background-position":"center center","background-size":"auto","background-attachment":"scroll","background-type":"","background-media":"","overlay-type":"","overlay-color":"","overlay-gradient":""},"tablet":{"background-color":"var(--ast-global-color-5)","background-image":"","background-repeat":"repeat","background-position":"center center","background-size":"auto","background-attachment":"scroll","background-type":"","background-media":"","overlay-type":"","overlay-color":"","overlay-gradient":""},"mobile":{"background-color":"var(--ast-global-color-5)","background-image":"","background-repeat":"repeat","background-position":"center center","background-size":"auto","background-attachment":"scroll","background-type":"","background-media":"","overlay-type":"","overlay-color":"","overlay-gradient":""}},"footnotes":""},"uagb_featured_image_src":{"full":false,"thumbnail":false,"medium":false,"medium_large":false,"large":false,"1536x1536":false,"2048x2048":false},"uagb_author_info":{"display_name":"admin@uepa.br","author_link":"https:\/\/paginas.uepa.br\/terapiaocupacional\/index.php\/author\/adminuepa-br\/"},"uagb_comment_info":0,"uagb_excerpt":"A Rede Nacional de Ensino e Pesquisa em Terapia Ocupacional (RENETO) \u00e9 uma entidade de car\u00e1ter associativo e educacional, de \u00e2mbito nacional, a qual possui como objetivo o desenvolvimento e o aperfei\u00e7oamento do ensino (gradua\u00e7\u00e3o e p\u00f3s-gradua\u00e7\u00e3o) e da pesquisa em Terapia Ocupacional, sendo composta por associados individuais e institucionais. Diante disso, s\u00e3o alguns objetivos&hellip;","_links":{"self":[{"href":"https:\/\/paginas.uepa.br\/terapiaocupacional\/index.php\/wp-json\/wp\/v2\/pages\/21"}],"collection":[{"href":"https:\/\/paginas.uepa.br\/terapiaocupacional\/index.php\/wp-json\/wp\/v2\/pages"}],"about":[{"href":"https:\/\/paginas.uepa.br\/terapiaocupacional\/index.php\/wp-json\/wp\/v2\/types\/page"}],"author":[{"embeddable":true,"href":"https:\/\/paginas.uepa.br\/terapiaocupacional\/index.php\/wp-json\/wp\/v2\/users\/1"}],"replies":[{"embeddable":true,"href":"https:\/\/paginas.uepa.br\/terapiaocupacional\/index.php\/wp-json\/wp\/v2\/comments?post=21"}],"version-history":[{"count":5,"href":"https:\/\/paginas.uepa.br\/terapiaocupacional\/index.php\/wp-json\/wp\/v2\/pages\/21\/revisions"}],"predecessor-version":[{"id":350,"href":"https:\/\/paginas.uepa.br\/terapiaocupacional\/index.php\/wp-json\/wp\/v2\/pages\/21\/revisions\/350"}],"wp:attachment":[{"href":"https:\/\/paginas.uepa.br\/terapiaocupacional\/index.php\/wp-json\/wp\/v2\/media?parent=21"}],"curies":[{"name":"wp","href":"https:\/\/api.w.org\/{rel}","templated":true}]}}