{"id":20,"date":"2021-06-14T11:16:58","date_gmt":"2021-06-14T14:16:58","guid":{"rendered":"https:\/\/177.74.2.66\/terapiaocupacional\/?page_id=20"},"modified":"2021-07-01T10:44:38","modified_gmt":"2021-07-01T13:44:38","slug":"abrato","status":"publish","type":"page","link":"https:\/\/paginas.uepa.br\/terapiaocupacional\/index.php\/abrato\/","title":{"rendered":"Associa\u00e7\u00e3o Brasileira dos Terapeutas Ocupacionais (ABRATO)"},"content":{"rendered":"\n<figure class=\"wp-block-image size-large is-resized is-style-rounded\"><img loading=\"lazy\" decoding=\"async\" src=\"https:\/\/paginas.uepa.br\/terapiaocupacional\/wp-content\/uploads\/2021\/07\/Imagem1-edited.png\" alt=\"Associa\u00e7\u00e3o Brasileira dos Terapeutas Ocupacionais\" class=\"wp-image-285\" width=\"450\" height=\"350\"\/><figcaption>Fonte: www.abratobrasil.com.br<\/figcaption><\/figure>\n\n\n\n<div class=\"wp-block-columns is-layout-flex wp-container-core-columns-is-layout-1 wp-block-columns-is-layout-flex\">\n<div class=\"wp-block-column is-layout-flow wp-block-column-is-layout-flow\">\n<p class=\"texto-justificado\" style=\"font-size:18px\">A Associa\u00e7\u00e3o Brasileira dos Terapeutas Ocupacionais (ABRATO) \u00e9 uma entidade de representa\u00e7\u00e3o profissional, a qual visa aproximar os terapeutas ocupacionais a fim de fortalecer a profiss\u00e3o, para que a partir da reafirma\u00e7\u00e3o e reconhecimento da diversidade da Terapia Ocupacional, possamos apreender a sua identidade.  <\/p>\n<\/div>\n\n\n\n<div class=\"wp-block-column is-layout-flow wp-block-column-is-layout-flow\">\n<p class=\"has-text-align-left texto-justificado\" style=\"font-size:18px\">Para isso, esta entidade se prop\u00f5e a organizar, escutar e promover trocas com a categoria profissional, para represent\u00e1-la demonstrando a import\u00e2ncia organizativa e pol\u00edtica necess\u00e1ria para a defesa da profiss\u00e3o, valoriza\u00e7\u00e3o e reconhecimento de suas a\u00e7\u00f5es e contribui\u00e7\u00f5es para a sociedade. <\/p>\n<\/div>\n<\/div>\n\n\n\n<p class=\"has-small-font-size\"><\/p>\n\n\n\n<div class=\"wp-block-columns alignfull has-text-color has-background is-layout-flex wp-container-core-columns-is-layout-2 wp-block-columns-is-layout-flex\" style=\"background-color:#ffffff;color:#000000\">\n<div class=\"wp-block-column is-layout-flow wp-block-column-is-layout-flow\">\n<h3 class=\"wp-block-heading\" style=\"font-size:24px;line-height:1.3\">ABRATO NACIONAL<strong><a href=\"http:\/\/www.abratobrasil.com.br\" data-type=\"URL\" data-id=\"www.abratobrasil.com.br\"> \u2197<\/a><\/strong><\/h3>\n\n\n\n<p>Site Oficial<\/p>\n<\/div>\n\n\n\n<div class=\"wp-block-column is-layout-flow wp-block-column-is-layout-flow\">\n<h3 class=\"wp-block-heading\" style=\"font-size:24px;line-height:1.3\">@abratonacionalcomunica<a style=\"font-weight: bold;\" href=\"https:\/\/instagram.com\/abratonacionalcomunica?utm_medium=copy_link\" data-type=\"URL\" data-id=\"https:\/\/instagram.com\/abratonacionalcomunica?utm_medium=copy_link\">\u2197<\/a><\/h3>\n\n\n\n<p>Instagram Oficial<\/p>\n<\/div>\n<\/div>\n","protected":false},"excerpt":{"rendered":"<p>A Associa\u00e7\u00e3o Brasileira dos Terapeutas Ocupacionais (ABRATO) \u00e9 uma entidade de representa\u00e7\u00e3o profissional, a qual visa aproximar os terapeutas ocupacionais a fim de fortalecer a profiss\u00e3o, para que a partir da reafirma\u00e7\u00e3o e reconhecimento da diversidade da Terapia Ocupacional, possamos apreender a sua identidade. Para isso, esta entidade se prop\u00f5e a organizar, escutar e promover &hellip;<\/p>\n<p class=\"read-more\"> <a class=\"\" href=\"https:\/\/paginas.uepa.br\/terapiaocupacional\/index.php\/abrato\/\"> <span class=\"screen-reader-text\">Associa\u00e7\u00e3o Brasileira dos Terapeutas Ocupacionais (ABRATO)<\/span> Leia mais &raquo;<\/a><\/p>\n","protected":false},"author":1,"featured_media":0,"parent":0,"menu_order":0,"comment_status":"closed","ping_status":"closed","template":"","meta":{"_uag_custom_page_level_css":"","site-sidebar-layout":"default","site-content-layout":"plain-container","ast-site-content-layout":"","site-content-style":"default","site-sidebar-style":"default","ast-global-header-display":"","ast-banner-title-visibility":"","ast-main-header-display":"","ast-hfb-above-header-display":"","ast-hfb-below-header-display":"","ast-hfb-mobile-header-display":"","site-post-title":"","ast-breadcrumbs-content":"","ast-featured-img":"","footer-sml-layout":"","theme-transparent-header-meta":"disabled","adv-header-id-meta":"","stick-header-meta":"","header-above-stick-meta":"","header-main-stick-meta":"","header-below-stick-meta":"","astra-migrate-meta-layouts":"","ast-page-background-enabled":"default","ast-page-background-meta":{"desktop":{"background-color":"","background-image":"","background-repeat":"repeat","background-position":"center center","background-size":"auto","background-attachment":"scroll","background-type":"","background-media":"","overlay-type":"","overlay-color":"","overlay-gradient":""},"tablet":{"background-color":"","background-image":"","background-repeat":"repeat","background-position":"center center","background-size":"auto","background-attachment":"scroll","background-type":"","background-media":"","overlay-type":"","overlay-color":"","overlay-gradient":""},"mobile":{"background-color":"","background-image":"","background-repeat":"repeat","background-position":"center center","background-size":"auto","background-attachment":"scroll","background-type":"","background-media":"","overlay-type":"","overlay-color":"","overlay-gradient":""}},"ast-content-background-meta":{"desktop":{"background-color":"var(--ast-global-color-5)","background-image":"","background-repeat":"repeat","background-position":"center center","background-size":"auto","background-attachment":"scroll","background-type":"","background-media":"","overlay-type":"","overlay-color":"","overlay-gradient":""},"tablet":{"background-color":"var(--ast-global-color-5)","background-image":"","background-repeat":"repeat","background-position":"center center","background-size":"auto","background-attachment":"scroll","background-type":"","background-media":"","overlay-type":"","overlay-color":"","overlay-gradient":""},"mobile":{"background-color":"var(--ast-global-color-5)","background-image":"","background-repeat":"repeat","background-position":"center center","background-size":"auto","background-attachment":"scroll","background-type":"","background-media":"","overlay-type":"","overlay-color":"","overlay-gradient":""}},"footnotes":""},"uagb_featured_image_src":{"full":false,"thumbnail":false,"medium":false,"medium_large":false,"large":false,"1536x1536":false,"2048x2048":false},"uagb_author_info":{"display_name":"admin@uepa.br","author_link":"https:\/\/paginas.uepa.br\/terapiaocupacional\/index.php\/author\/adminuepa-br\/"},"uagb_comment_info":0,"uagb_excerpt":"A Associa\u00e7\u00e3o Brasileira dos Terapeutas Ocupacionais (ABRATO) \u00e9 uma entidade de representa\u00e7\u00e3o profissional, a qual visa aproximar os terapeutas ocupacionais a fim de fortalecer a profiss\u00e3o, para que a partir da reafirma\u00e7\u00e3o e reconhecimento da diversidade da Terapia Ocupacional, possamos apreender a sua identidade. Para isso, esta entidade se prop\u00f5e a organizar, escutar e promover&hellip;","_links":{"self":[{"href":"https:\/\/paginas.uepa.br\/terapiaocupacional\/index.php\/wp-json\/wp\/v2\/pages\/20"}],"collection":[{"href":"https:\/\/paginas.uepa.br\/terapiaocupacional\/index.php\/wp-json\/wp\/v2\/pages"}],"about":[{"href":"https:\/\/paginas.uepa.br\/terapiaocupacional\/index.php\/wp-json\/wp\/v2\/types\/page"}],"author":[{"embeddable":true,"href":"https:\/\/paginas.uepa.br\/terapiaocupacional\/index.php\/wp-json\/wp\/v2\/users\/1"}],"replies":[{"embeddable":true,"href":"https:\/\/paginas.uepa.br\/terapiaocupacional\/index.php\/wp-json\/wp\/v2\/comments?post=20"}],"version-history":[{"count":5,"href":"https:\/\/paginas.uepa.br\/terapiaocupacional\/index.php\/wp-json\/wp\/v2\/pages\/20\/revisions"}],"predecessor-version":[{"id":406,"href":"https:\/\/paginas.uepa.br\/terapiaocupacional\/index.php\/wp-json\/wp\/v2\/pages\/20\/revisions\/406"}],"wp:attachment":[{"href":"https:\/\/paginas.uepa.br\/terapiaocupacional\/index.php\/wp-json\/wp\/v2\/media?parent=20"}],"curies":[{"name":"wp","href":"https:\/\/api.w.org\/{rel}","templated":true}]}}