{"id":149,"date":"2021-06-15T14:52:24","date_gmt":"2021-06-15T17:52:24","guid":{"rendered":"https:\/\/177.74.2.66\/terapiaocupacional\/?page_id=149"},"modified":"2021-10-20T16:39:56","modified_gmt":"2021-10-20T19:39:56","slug":"semana-academica-do-curso-de-terapia-ocupacional","status":"publish","type":"page","link":"https:\/\/paginas.uepa.br\/terapiaocupacional\/index.php\/semana-academica-do-curso-de-terapia-ocupacional\/","title":{"rendered":"Semana do Calouro do Curso de Terapia Ocupacional"},"content":{"rendered":"\n<p class=\"texto-justificado has-black-color has-text-color has-normal-font-size\">A Semana do Calouro do Curso de Terapia Ocupacional \u00e9 um evento cl\u00e1ssico da Universidade do Estado do Par\u00e1 (UEPA) que visa proporcionar aos alunos ingressantes uma forma\u00e7\u00e3o inicial para a estadia na universidade. O Centro Acad\u00eamico de Terapia Ocupacional (CATO) &#8211; Campus II \u00e9 respons\u00e1vel por receber os discentes do Curso e proporcionar a estes a devida forma\u00e7\u00e3o inicial. O Centro Acad\u00eamico  de Terapia Ocupacional (CATO)  \u00e9 a entidade de representa\u00e7\u00e3o dos estudantes do Curso e compete a ele promover e estimular atividades de car\u00e1ter acad\u00eamico, cient\u00edfico, social, pol\u00edtico, cr\u00edtico e cultural da universidade para os seus discentes.<\/p>\n\n\n\n<p class=\"texto-justificado has-normal-font-size\"><\/p>\n\n\n\n<div class=\"wp-block-columns alignfull has-text-color has-background is-layout-flex wp-container-core-columns-is-layout-1 wp-block-columns-is-layout-flex\" style=\"background-color:#ffffff;color:#000000\">\n<div class=\"wp-block-column is-layout-flow wp-block-column-is-layout-flow\">\n<h3 class=\"wp-block-heading\" style=\"font-size:24px;line-height:1.3\"><strong><a href=\"https:\/\/www.instagram.com\/p\/CT4sYldr8QC\/?utm_medium=copy_link\" data-type=\"URL\" data-id=\"https:\/\/www.instagram.com\/p\/CT4sYldr8QC\/?utm_medium=copy_link\">Semana do Calouro 2021 \u2197<\/a><\/strong><\/h3>\n\n\n\n<p><\/p>\n<\/div>\n\n\n\n<div class=\"wp-block-column is-layout-flow wp-block-column-is-layout-flow\">\n<h3 class=\"wp-block-heading\" style=\"font-size:24px;line-height:1.3\"><\/h3>\n\n\n\n<p><\/p>\n<\/div>\n\n\n\n<div class=\"wp-block-column is-layout-flow wp-block-column-is-layout-flow\">\n<h3 class=\"wp-block-heading\" style=\"font-size:24px;line-height:1.3\"><\/h3>\n\n\n\n<p><\/p>\n<\/div>\n<\/div>\n","protected":false},"excerpt":{"rendered":"<p>A Semana do Calouro do Curso de Terapia Ocupacional \u00e9 um evento cl\u00e1ssico da Universidade do Estado do Par\u00e1 (UEPA) que visa proporcionar aos alunos ingressantes uma forma\u00e7\u00e3o inicial para a estadia na universidade. O Centro Acad\u00eamico de Terapia Ocupacional (CATO) &#8211; Campus II \u00e9 respons\u00e1vel por receber os discentes do Curso e proporcionar a &hellip;<\/p>\n<p class=\"read-more\"> <a class=\"\" href=\"https:\/\/paginas.uepa.br\/terapiaocupacional\/index.php\/semana-academica-do-curso-de-terapia-ocupacional\/\"> <span class=\"screen-reader-text\">Semana do Calouro do Curso de Terapia Ocupacional<\/span> Leia mais &raquo;<\/a><\/p>\n","protected":false},"author":1,"featured_media":0,"parent":0,"menu_order":0,"comment_status":"closed","ping_status":"closed","template":"","meta":{"_uag_custom_page_level_css":"","site-sidebar-layout":"default","site-content-layout":"default","ast-site-content-layout":"","site-content-style":"default","site-sidebar-style":"default","ast-global-header-display":"","ast-banner-title-visibility":"","ast-main-header-display":"","ast-hfb-above-header-display":"","ast-hfb-below-header-display":"","ast-hfb-mobile-header-display":"","site-post-title":"","ast-breadcrumbs-content":"","ast-featured-img":"","footer-sml-layout":"","theme-transparent-header-meta":"default","adv-header-id-meta":"","stick-header-meta":"","header-above-stick-meta":"","header-main-stick-meta":"","header-below-stick-meta":"","astra-migrate-meta-layouts":"","ast-page-background-enabled":"default","ast-page-background-meta":{"desktop":{"background-color":"","background-image":"","background-repeat":"repeat","background-position":"center center","background-size":"auto","background-attachment":"scroll","background-type":"","background-media":"","overlay-type":"","overlay-color":"","overlay-gradient":""},"tablet":{"background-color":"","background-image":"","background-repeat":"repeat","background-position":"center center","background-size":"auto","background-attachment":"scroll","background-type":"","background-media":"","overlay-type":"","overlay-color":"","overlay-gradient":""},"mobile":{"background-color":"","background-image":"","background-repeat":"repeat","background-position":"center center","background-size":"auto","background-attachment":"scroll","background-type":"","background-media":"","overlay-type":"","overlay-color":"","overlay-gradient":""}},"ast-content-background-meta":{"desktop":{"background-color":"var(--ast-global-color-5)","background-image":"","background-repeat":"repeat","background-position":"center center","background-size":"auto","background-attachment":"scroll","background-type":"","background-media":"","overlay-type":"","overlay-color":"","overlay-gradient":""},"tablet":{"background-color":"var(--ast-global-color-5)","background-image":"","background-repeat":"repeat","background-position":"center center","background-size":"auto","background-attachment":"scroll","background-type":"","background-media":"","overlay-type":"","overlay-color":"","overlay-gradient":""},"mobile":{"background-color":"var(--ast-global-color-5)","background-image":"","background-repeat":"repeat","background-position":"center center","background-size":"auto","background-attachment":"scroll","background-type":"","background-media":"","overlay-type":"","overlay-color":"","overlay-gradient":""}},"footnotes":""},"uagb_featured_image_src":{"full":false,"thumbnail":false,"medium":false,"medium_large":false,"large":false,"1536x1536":false,"2048x2048":false},"uagb_author_info":{"display_name":"admin@uepa.br","author_link":"https:\/\/paginas.uepa.br\/terapiaocupacional\/index.php\/author\/adminuepa-br\/"},"uagb_comment_info":0,"uagb_excerpt":"A Semana do Calouro do Curso de Terapia Ocupacional \u00e9 um evento cl\u00e1ssico da Universidade do Estado do Par\u00e1 (UEPA) que visa proporcionar aos alunos ingressantes uma forma\u00e7\u00e3o inicial para a estadia na universidade. O Centro Acad\u00eamico de Terapia Ocupacional (CATO) &#8211; Campus II \u00e9 respons\u00e1vel por receber os discentes do Curso e proporcionar a&hellip;","_links":{"self":[{"href":"https:\/\/paginas.uepa.br\/terapiaocupacional\/index.php\/wp-json\/wp\/v2\/pages\/149"}],"collection":[{"href":"https:\/\/paginas.uepa.br\/terapiaocupacional\/index.php\/wp-json\/wp\/v2\/pages"}],"about":[{"href":"https:\/\/paginas.uepa.br\/terapiaocupacional\/index.php\/wp-json\/wp\/v2\/types\/page"}],"author":[{"embeddable":true,"href":"https:\/\/paginas.uepa.br\/terapiaocupacional\/index.php\/wp-json\/wp\/v2\/users\/1"}],"replies":[{"embeddable":true,"href":"https:\/\/paginas.uepa.br\/terapiaocupacional\/index.php\/wp-json\/wp\/v2\/comments?post=149"}],"version-history":[{"count":4,"href":"https:\/\/paginas.uepa.br\/terapiaocupacional\/index.php\/wp-json\/wp\/v2\/pages\/149\/revisions"}],"predecessor-version":[{"id":396,"href":"https:\/\/paginas.uepa.br\/terapiaocupacional\/index.php\/wp-json\/wp\/v2\/pages\/149\/revisions\/396"}],"wp:attachment":[{"href":"https:\/\/paginas.uepa.br\/terapiaocupacional\/index.php\/wp-json\/wp\/v2\/media?parent=149"}],"curies":[{"name":"wp","href":"https:\/\/api.w.org\/{rel}","templated":true}]}}