{"id":147,"date":"2021-06-15T14:52:24","date_gmt":"2021-06-15T17:52:24","guid":{"rendered":"https:\/\/177.74.2.66\/terapiaocupacional\/?page_id=147"},"modified":"2021-11-12T09:43:29","modified_gmt":"2021-11-12T12:43:29","slug":"projetos-em-andamento","status":"publish","type":"page","link":"https:\/\/paginas.uepa.br\/terapiaocupacional\/index.php\/projetos-em-andamento\/","title":{"rendered":"Projetos em Andamento"},"content":{"rendered":"\n<div class=\"wp-block-columns is-layout-flex wp-container-core-columns-is-layout-1 wp-block-columns-is-layout-flex\">\n<div class=\"wp-block-column is-layout-flow wp-block-column-is-layout-flow\">\n<p class=\"texto-justificado\">REDE RUA: aplicativo facilitador da articula\u00e7\u00e3o de redes de apoio social voltadas \u00e0s pessoas em situa\u00e7\u00e3o de rua \u2013 PSR<\/p>\n\n\n\n<p>Coordenador: Prof. Dr. Lucivaldo da Silva Ara\u00fajo<\/p>\n\n\n\n<p>Financiamento: Edital UEPA 2021 &#8211; PIBIC\/FAPESPA<\/p>\n\n\n\n<p>Per\u00edodo de vig\u00eancia: 08\/2021 \u00e0 07\/2022<\/p>\n\n\n\n<p>Discentes vinculadas: <\/p>\n\n\n\n<ul><li>Let\u00edcia Alves da Silva (Bolsista)<\/li><li>Monise Isabelly Sousa Soares (volunt\u00e1ria)<\/li><\/ul>\n\n\n\n<p>Link do formul\u00e1rio da pesquisa:<\/p>\n<\/div>\n\n\n\n<div class=\"wp-block-column is-layout-flow wp-block-column-is-layout-flow\">\n<p class=\"texto-justificado\">O impacto do contexto pand\u00eamico no desempenho estudantil de graduandos em Terapia Ocupacional e suas reverbera\u00e7\u00f5es ocupacionais<\/p>\n\n\n\n<p>Coordenadora: Profa. Dra. D\u00e9bora Ribeiro da Silva Campos Folha<\/p>\n\n\n\n<p>Financiamento: Edital UEPA 2021 &#8211; PIBIC\/CNPq<\/p>\n\n\n\n<p>Per\u00edodo de vig\u00eancia: 08\/2021 \u00e0 07\/2022<\/p>\n\n\n\n<p>Discentes vinculadas:<\/p>\n\n\n\n<ul><li>Esther Samara da Costa Santos (Bolsista)<\/li><li>Danielly Cristiny de Sousa Alamar Sampaio (Volunt\u00e1ria)<\/li><li>Karina Costa Azevedo (Volunt\u00e1ria)<\/li><\/ul>\n\n\n\n<p>Link do formul\u00e1rio da pesquisa: <a href=\"https:\/\/forms.gle\/2MTmUFLycQodRQWp6\" data-type=\"URL\" data-id=\"https:\/\/forms.gle\/2MTmUFLycQodRQWp6\">https:\/\/forms.gle\/2MTmUFLycQodRQWp6<\/a><\/p>\n<\/div>\n\n\n\n<div class=\"wp-block-column is-layout-flow wp-block-column-is-layout-flow\">\n<p class=\"texto-justificado\">Maus-tratos contra crian\u00e7as no contexto da pandemia de COVID-19: rela\u00e7\u00e3o entre pr\u00e1ticas parentais e as fun\u00e7\u00f5es executivas infantis<\/p>\n\n\n\n<p class=\"texto-justificado\">Coordenador: Prof. Dr. Elson Ferreira Costa<\/p>\n\n\n\n<p>Financiamento:  Edital UEPA 2021 &#8211; PIBIC\/CNPq <\/p>\n\n\n\n<p>Per\u00edodo de vig\u00eancia: 08\/2021 a 08\/2022<\/p>\n\n\n\n<p>Discentes vinculados:<\/p>\n\n\n\n<ul><li>Giovanna Gon\u00e7alves Sodr\u00e9 (Bolsista)<\/li><li>Isabel Cristina Santos Rodrigues (Volunt\u00e1ria)<\/li><li>Jonatha Almeida Barros (Volunt\u00e1rio)<\/li><\/ul>\n<\/div>\n<\/div>\n\n\n\n<p>          <\/p>\n","protected":false},"excerpt":{"rendered":"<p>REDE RUA: aplicativo facilitador da articula\u00e7\u00e3o de redes de apoio social voltadas \u00e0s pessoas em situa\u00e7\u00e3o de rua \u2013 PSR Coordenador: Prof. Dr. Lucivaldo da Silva Ara\u00fajo Financiamento: Edital UEPA 2021 &#8211; PIBIC\/FAPESPA Per\u00edodo de vig\u00eancia: 08\/2021 \u00e0 07\/2022 Discentes vinculadas: Let\u00edcia Alves da Silva (Bolsista) Monise Isabelly Sousa Soares (volunt\u00e1ria) Link do formul\u00e1rio da &hellip;<\/p>\n<p class=\"read-more\"> <a class=\"\" href=\"https:\/\/paginas.uepa.br\/terapiaocupacional\/index.php\/projetos-em-andamento\/\"> <span class=\"screen-reader-text\">Projetos em Andamento<\/span> Leia mais &raquo;<\/a><\/p>\n","protected":false},"author":1,"featured_media":0,"parent":0,"menu_order":0,"comment_status":"closed","ping_status":"closed","template":"","meta":{"_uag_custom_page_level_css":"","site-sidebar-layout":"default","site-content-layout":"default","ast-site-content-layout":"","site-content-style":"default","site-sidebar-style":"default","ast-global-header-display":"","ast-banner-title-visibility":"","ast-main-header-display":"","ast-hfb-above-header-display":"","ast-hfb-below-header-display":"","ast-hfb-mobile-header-display":"","site-post-title":"","ast-breadcrumbs-content":"","ast-featured-img":"","footer-sml-layout":"","theme-transparent-header-meta":"default","adv-header-id-meta":"","stick-header-meta":"","header-above-stick-meta":"","header-main-stick-meta":"","header-below-stick-meta":"","astra-migrate-meta-layouts":"","ast-page-background-enabled":"default","ast-page-background-meta":{"desktop":{"background-color":"","background-image":"","background-repeat":"repeat","background-position":"center center","background-size":"auto","background-attachment":"scroll","background-type":"","background-media":"","overlay-type":"","overlay-color":"","overlay-gradient":""},"tablet":{"background-color":"","background-image":"","background-repeat":"repeat","background-position":"center center","background-size":"auto","background-attachment":"scroll","background-type":"","background-media":"","overlay-type":"","overlay-color":"","overlay-gradient":""},"mobile":{"background-color":"","background-image":"","background-repeat":"repeat","background-position":"center center","background-size":"auto","background-attachment":"scroll","background-type":"","background-media":"","overlay-type":"","overlay-color":"","overlay-gradient":""}},"ast-content-background-meta":{"desktop":{"background-color":"var(--ast-global-color-5)","background-image":"","background-repeat":"repeat","background-position":"center center","background-size":"auto","background-attachment":"scroll","background-type":"","background-media":"","overlay-type":"","overlay-color":"","overlay-gradient":""},"tablet":{"background-color":"var(--ast-global-color-5)","background-image":"","background-repeat":"repeat","background-position":"center center","background-size":"auto","background-attachment":"scroll","background-type":"","background-media":"","overlay-type":"","overlay-color":"","overlay-gradient":""},"mobile":{"background-color":"var(--ast-global-color-5)","background-image":"","background-repeat":"repeat","background-position":"center center","background-size":"auto","background-attachment":"scroll","background-type":"","background-media":"","overlay-type":"","overlay-color":"","overlay-gradient":""}},"footnotes":""},"uagb_featured_image_src":{"full":false,"thumbnail":false,"medium":false,"medium_large":false,"large":false,"1536x1536":false,"2048x2048":false},"uagb_author_info":{"display_name":"admin@uepa.br","author_link":"https:\/\/paginas.uepa.br\/terapiaocupacional\/index.php\/author\/adminuepa-br\/"},"uagb_comment_info":0,"uagb_excerpt":"REDE RUA: aplicativo facilitador da articula\u00e7\u00e3o de redes de apoio social voltadas \u00e0s pessoas em situa\u00e7\u00e3o de rua \u2013 PSR Coordenador: Prof. Dr. Lucivaldo da Silva Ara\u00fajo Financiamento: Edital UEPA 2021 &#8211; PIBIC\/FAPESPA Per\u00edodo de vig\u00eancia: 08\/2021 \u00e0 07\/2022 Discentes vinculadas: Let\u00edcia Alves da Silva (Bolsista) Monise Isabelly Sousa Soares (volunt\u00e1ria) Link do formul\u00e1rio da&hellip;","_links":{"self":[{"href":"https:\/\/paginas.uepa.br\/terapiaocupacional\/index.php\/wp-json\/wp\/v2\/pages\/147"}],"collection":[{"href":"https:\/\/paginas.uepa.br\/terapiaocupacional\/index.php\/wp-json\/wp\/v2\/pages"}],"about":[{"href":"https:\/\/paginas.uepa.br\/terapiaocupacional\/index.php\/wp-json\/wp\/v2\/types\/page"}],"author":[{"embeddable":true,"href":"https:\/\/paginas.uepa.br\/terapiaocupacional\/index.php\/wp-json\/wp\/v2\/users\/1"}],"replies":[{"embeddable":true,"href":"https:\/\/paginas.uepa.br\/terapiaocupacional\/index.php\/wp-json\/wp\/v2\/comments?post=147"}],"version-history":[{"count":4,"href":"https:\/\/paginas.uepa.br\/terapiaocupacional\/index.php\/wp-json\/wp\/v2\/pages\/147\/revisions"}],"predecessor-version":[{"id":411,"href":"https:\/\/paginas.uepa.br\/terapiaocupacional\/index.php\/wp-json\/wp\/v2\/pages\/147\/revisions\/411"}],"wp:attachment":[{"href":"https:\/\/paginas.uepa.br\/terapiaocupacional\/index.php\/wp-json\/wp\/v2\/media?parent=147"}],"curies":[{"name":"wp","href":"https:\/\/api.w.org\/{rel}","templated":true}]}}