{"id":141,"date":"2021-06-15T14:52:24","date_gmt":"2021-06-15T17:52:24","guid":{"rendered":"https:\/\/177.74.2.66\/terapiaocupacional\/?page_id=141"},"modified":"2021-11-30T10:08:06","modified_gmt":"2021-11-30T13:08:06","slug":"practo","status":"publish","type":"page","link":"https:\/\/paginas.uepa.br\/terapiaocupacional\/index.php\/practo\/","title":{"rendered":"Pr\u00e1ticas Cl\u00ednicas em Terapia Ocupacional (PRACTO)"},"content":{"rendered":"\n<figure class=\"wp-block-image size-large\"><img loading=\"lazy\" decoding=\"async\" width=\"500\" height=\"500\" src=\"https:\/\/paginas.uepa.br\/terapiaocupacional\/wp-content\/uploads\/2021\/11\/Logo-PRACTO-sem-fundo.png\" alt=\"\" class=\"wp-image-417\" srcset=\"https:\/\/paginas.uepa.br\/terapiaocupacional\/wp-content\/uploads\/2021\/11\/Logo-PRACTO-sem-fundo.png 500w, https:\/\/paginas.uepa.br\/terapiaocupacional\/wp-content\/uploads\/2021\/11\/Logo-PRACTO-sem-fundo-300x300.png 300w, https:\/\/paginas.uepa.br\/terapiaocupacional\/wp-content\/uploads\/2021\/11\/Logo-PRACTO-sem-fundo-150x150.png 150w\" sizes=\"(max-width: 500px) 100vw, 500px\" \/><\/figure>\n\n\n\n<div class=\"wp-block-columns alignfull has-text-color has-background is-layout-flex wp-container-core-columns-is-layout-1 wp-block-columns-is-layout-flex\" style=\"background-color:#ffffff;color:#000000\">\n<div class=\"wp-block-column is-layout-flow wp-block-column-is-layout-flow\">\n<h3 class=\"wp-block-heading\" style=\"font-size:24px;line-height:1.3\"><strong><a href=\"http:\/\/dgp.cnpq.br\/dgp\/espelhogrupo\/199438#identificacao\" data-type=\"URL\" data-id=\"http:\/\/dgp.cnpq.br\/dgp\/espelhogrupo\/199438#identificacao\">Diret\u00f3rio de Grupos de Pesquisa\u2197<\/a><\/strong><\/h3>\n\n\n\n<p>Identifica\u00e7\u00e3o do Grupo de Pesquisa Pr\u00e1ticas Cl\u00ednicas em Terapia Ocupacional<\/p>\n<\/div>\n\n\n\n<div class=\"wp-block-column is-layout-flow wp-block-column-is-layout-flow\">\n<h3 class=\"wp-block-heading\" style=\"font-size:24px;line-height:1.3\"><strong><a href=\"http:\/\/dgp.cnpq.br\/dgp\/espelhogrupo\/199438#linhaPesquisa\" data-type=\"URL\" data-id=\"http:\/\/dgp.cnpq.br\/dgp\/espelhogrupo\/199438#linhaPesquisa\">Linhas de Pesquisa &#8211; PRACTO \u2197<\/a><\/strong><\/h3>\n\n\n\n<p>Linhas de Pesquisa do Grupo Pr\u00e1ticas Cl\u00ednicas em Terapia Ocupacional<\/p>\n<\/div>\n\n\n\n<div class=\"wp-block-column is-layout-flow wp-block-column-is-layout-flow\">\n<h3 class=\"wp-block-heading\" style=\"font-size:24px;line-height:1.3\"><strong><a href=\"http:\/\/dgp.cnpq.br\/dgp\/espelhogrupo\/199438#recursosHumanos\" data-type=\"URL\" data-id=\"http:\/\/dgp.cnpq.br\/dgp\/espelhogrupo\/199438#recursosHumanos\">Integrantes do Grupo PRACTO\u2197<\/a><\/strong><\/h3>\n\n\n\n<p>Pessoas que comp\u00f5em o Grupo de Pesquisa <\/p>\n<\/div>\n<\/div>\n","protected":false},"excerpt":{"rendered":"<p>Diret\u00f3rio de Grupos de Pesquisa\u2197 Identifica\u00e7\u00e3o do Grupo de Pesquisa Pr\u00e1ticas Cl\u00ednicas em Terapia Ocupacional Linhas de Pesquisa &#8211; PRACTO \u2197 Linhas de Pesquisa do Grupo Pr\u00e1ticas Cl\u00ednicas em Terapia Ocupacional Integrantes do Grupo PRACTO\u2197 Pessoas que comp\u00f5em o Grupo de Pesquisa<\/p>\n","protected":false},"author":1,"featured_media":0,"parent":0,"menu_order":0,"comment_status":"closed","ping_status":"closed","template":"","meta":{"_uag_custom_page_level_css":"","site-sidebar-layout":"default","site-content-layout":"default","ast-site-content-layout":"","site-content-style":"default","site-sidebar-style":"default","ast-global-header-display":"","ast-banner-title-visibility":"","ast-main-header-display":"","ast-hfb-above-header-display":"","ast-hfb-below-header-display":"","ast-hfb-mobile-header-display":"","site-post-title":"","ast-breadcrumbs-content":"","ast-featured-img":"","footer-sml-layout":"","theme-transparent-header-meta":"default","adv-header-id-meta":"","stick-header-meta":"","header-above-stick-meta":"","header-main-stick-meta":"","header-below-stick-meta":"","astra-migrate-meta-layouts":"","ast-page-background-enabled":"default","ast-page-background-meta":{"desktop":{"background-color":"","background-image":"","background-repeat":"repeat","background-position":"center center","background-size":"auto","background-attachment":"scroll","background-type":"","background-media":"","overlay-type":"","overlay-color":"","overlay-gradient":""},"tablet":{"background-color":"","background-image":"","background-repeat":"repeat","background-position":"center center","background-size":"auto","background-attachment":"scroll","background-type":"","background-media":"","overlay-type":"","overlay-color":"","overlay-gradient":""},"mobile":{"background-color":"","background-image":"","background-repeat":"repeat","background-position":"center center","background-size":"auto","background-attachment":"scroll","background-type":"","background-media":"","overlay-type":"","overlay-color":"","overlay-gradient":""}},"ast-content-background-meta":{"desktop":{"background-color":"var(--ast-global-color-5)","background-image":"","background-repeat":"repeat","background-position":"center center","background-size":"auto","background-attachment":"scroll","background-type":"","background-media":"","overlay-type":"","overlay-color":"","overlay-gradient":""},"tablet":{"background-color":"var(--ast-global-color-5)","background-image":"","background-repeat":"repeat","background-position":"center center","background-size":"auto","background-attachment":"scroll","background-type":"","background-media":"","overlay-type":"","overlay-color":"","overlay-gradient":""},"mobile":{"background-color":"var(--ast-global-color-5)","background-image":"","background-repeat":"repeat","background-position":"center center","background-size":"auto","background-attachment":"scroll","background-type":"","background-media":"","overlay-type":"","overlay-color":"","overlay-gradient":""}},"footnotes":""},"uagb_featured_image_src":{"full":false,"thumbnail":false,"medium":false,"medium_large":false,"large":false,"1536x1536":false,"2048x2048":false},"uagb_author_info":{"display_name":"admin@uepa.br","author_link":"https:\/\/paginas.uepa.br\/terapiaocupacional\/index.php\/author\/adminuepa-br\/"},"uagb_comment_info":0,"uagb_excerpt":"Diret\u00f3rio de Grupos de Pesquisa\u2197 Identifica\u00e7\u00e3o do Grupo de Pesquisa Pr\u00e1ticas Cl\u00ednicas em Terapia Ocupacional Linhas de Pesquisa &#8211; PRACTO \u2197 Linhas de Pesquisa do Grupo Pr\u00e1ticas Cl\u00ednicas em Terapia Ocupacional Integrantes do Grupo PRACTO\u2197 Pessoas que comp\u00f5em o Grupo de Pesquisa","_links":{"self":[{"href":"https:\/\/paginas.uepa.br\/terapiaocupacional\/index.php\/wp-json\/wp\/v2\/pages\/141"}],"collection":[{"href":"https:\/\/paginas.uepa.br\/terapiaocupacional\/index.php\/wp-json\/wp\/v2\/pages"}],"about":[{"href":"https:\/\/paginas.uepa.br\/terapiaocupacional\/index.php\/wp-json\/wp\/v2\/types\/page"}],"author":[{"embeddable":true,"href":"https:\/\/paginas.uepa.br\/terapiaocupacional\/index.php\/wp-json\/wp\/v2\/users\/1"}],"replies":[{"embeddable":true,"href":"https:\/\/paginas.uepa.br\/terapiaocupacional\/index.php\/wp-json\/wp\/v2\/comments?post=141"}],"version-history":[{"count":3,"href":"https:\/\/paginas.uepa.br\/terapiaocupacional\/index.php\/wp-json\/wp\/v2\/pages\/141\/revisions"}],"predecessor-version":[{"id":418,"href":"https:\/\/paginas.uepa.br\/terapiaocupacional\/index.php\/wp-json\/wp\/v2\/pages\/141\/revisions\/418"}],"wp:attachment":[{"href":"https:\/\/paginas.uepa.br\/terapiaocupacional\/index.php\/wp-json\/wp\/v2\/media?parent=141"}],"curies":[{"name":"wp","href":"https:\/\/api.w.org\/{rel}","templated":true}]}}