{"id":103,"date":"2021-06-15T14:44:03","date_gmt":"2021-06-15T17:44:03","guid":{"rendered":"https:\/\/177.74.2.66\/terapiaocupacional\/?page_id=103"},"modified":"2021-10-20T16:46:52","modified_gmt":"2021-10-20T19:46:52","slug":"nucleo-docente-estruturante-nde","status":"publish","type":"page","link":"https:\/\/paginas.uepa.br\/terapiaocupacional\/index.php\/nucleo-docente-estruturante-nde\/","title":{"rendered":"N\u00facleo Docente Estruturante &#8211; NDE"},"content":{"rendered":"\n<p class=\"texto-justificado has-black-color has-text-color has-normal-font-size\">O N\u00facleo Docente Estruturante tem fun\u00e7\u00e3o consultiva, propositiva e de assessoramento sobre mat\u00e9ria de natureza acad\u00eamica. O NDE integra a gest\u00e3o acad\u00eamica do curso que \u00e9 respons\u00e1vel pela concep\u00e7\u00e3o do Projeto Pedag\u00f3gico do Curso e tem a finalidade de acompanhar a implanta\u00e7\u00e3o, consolida\u00e7\u00e3o e atualiza\u00e7\u00e3o do mesmo. \u00c9 constitu\u00eddo de cinco professores do quadro efetivo do curso, com mandato de dois anos.<\/p>\n\n\n\n<p>Atualmente, comp\u00f5em o N\u00facleo Docente Estruturante: <\/p>\n\n\n\n<ul><li>Lucivaldo da Silva Ara\u00fajo <a href=\"https:\/\/sigaa.uepa.br\/sigaa\/public\/docente\/portal.jsf?siape=57188464\" data-type=\"URL\" data-id=\"https:\/\/sigaa.uepa.br\/sigaa\/public\/docente\/portal.jsf?siape=57188464\">https:\/\/sigaa.uepa.br\/sigaa\/public\/docente\/portal.jsf?siape=57188464<\/a><\/li><li>Sandra Suely da Veiga Baia <a href=\"https:\/\/sigaa.uepa.br\/sigaa\/public\/docente\/portal.jsf?siape=5041538\" data-type=\"URL\" data-id=\"https:\/\/sigaa.uepa.br\/sigaa\/public\/docente\/portal.jsf?siape=5041538\">https:\/\/sigaa.uepa.br\/sigaa\/public\/docente\/portal.jsf?siape=5041538<\/a><\/li><li>D\u00e9bora Ribeiro da Silva Campos Folha <a href=\"https:\/\/sigaa.uepa.br\/sigaa\/public\/docente\/portal.jsf?siape=57188968\" data-type=\"URL\" data-id=\"https:\/\/sigaa.uepa.br\/sigaa\/public\/docente\/portal.jsf?siape=57188968\">https:\/\/sigaa.uepa.br\/sigaa\/public\/docente\/portal.jsf?siape=57188968<\/a><\/li><li>Karla Maria Siqueira Coelho Aita <a href=\"https:\/\/sigaa.uepa.br\/sigaa\/public\/docente\/portal.jsf?siape=5707331\" data-type=\"URL\" data-id=\"https:\/\/sigaa.uepa.br\/sigaa\/public\/docente\/portal.jsf?siape=5707331\">https:\/\/sigaa.uepa.br\/sigaa\/public\/docente\/portal.jsf?siape=5707331<\/a><\/li><li>Jos\u00e9 Nazareno Cunha Negr\u00e3o <a href=\"https:\/\/sigaa.uepa.br\/sigaa\/public\/docente\/portal.jsf?siape=57193289\" data-type=\"URL\" data-id=\"https:\/\/sigaa.uepa.br\/sigaa\/public\/docente\/portal.jsf?siape=57193289\">https:\/\/sigaa.uepa.br\/sigaa\/public\/docente\/portal.jsf?siape=57193289<\/a><\/li><\/ul>\n","protected":false},"excerpt":{"rendered":"<p>O N\u00facleo Docente Estruturante tem fun\u00e7\u00e3o consultiva, propositiva e de assessoramento sobre mat\u00e9ria de natureza acad\u00eamica. O NDE integra a gest\u00e3o acad\u00eamica do curso que \u00e9 respons\u00e1vel pela concep\u00e7\u00e3o do Projeto Pedag\u00f3gico do Curso e tem a finalidade de acompanhar a implanta\u00e7\u00e3o, consolida\u00e7\u00e3o e atualiza\u00e7\u00e3o do mesmo. \u00c9 constitu\u00eddo de cinco professores do quadro efetivo &hellip;<\/p>\n<p class=\"read-more\"> <a class=\"\" href=\"https:\/\/paginas.uepa.br\/terapiaocupacional\/index.php\/nucleo-docente-estruturante-nde\/\"> <span class=\"screen-reader-text\">N\u00facleo Docente Estruturante &#8211; NDE<\/span> Leia mais &raquo;<\/a><\/p>\n","protected":false},"author":1,"featured_media":0,"parent":0,"menu_order":0,"comment_status":"closed","ping_status":"closed","template":"","meta":{"_uag_custom_page_level_css":"","site-sidebar-layout":"default","site-content-layout":"default","ast-site-content-layout":"","site-content-style":"default","site-sidebar-style":"default","ast-global-header-display":"","ast-banner-title-visibility":"","ast-main-header-display":"","ast-hfb-above-header-display":"","ast-hfb-below-header-display":"","ast-hfb-mobile-header-display":"","site-post-title":"","ast-breadcrumbs-content":"","ast-featured-img":"","footer-sml-layout":"","theme-transparent-header-meta":"default","adv-header-id-meta":"","stick-header-meta":"","header-above-stick-meta":"","header-main-stick-meta":"","header-below-stick-meta":"","astra-migrate-meta-layouts":"","ast-page-background-enabled":"default","ast-page-background-meta":{"desktop":{"background-color":"","background-image":"","background-repeat":"repeat","background-position":"center center","background-size":"auto","background-attachment":"scroll","background-type":"","background-media":"","overlay-type":"","overlay-color":"","overlay-gradient":""},"tablet":{"background-color":"","background-image":"","background-repeat":"repeat","background-position":"center center","background-size":"auto","background-attachment":"scroll","background-type":"","background-media":"","overlay-type":"","overlay-color":"","overlay-gradient":""},"mobile":{"background-color":"","background-image":"","background-repeat":"repeat","background-position":"center center","background-size":"auto","background-attachment":"scroll","background-type":"","background-media":"","overlay-type":"","overlay-color":"","overlay-gradient":""}},"ast-content-background-meta":{"desktop":{"background-color":"var(--ast-global-color-5)","background-image":"","background-repeat":"repeat","background-position":"center center","background-size":"auto","background-attachment":"scroll","background-type":"","background-media":"","overlay-type":"","overlay-color":"","overlay-gradient":""},"tablet":{"background-color":"var(--ast-global-color-5)","background-image":"","background-repeat":"repeat","background-position":"center center","background-size":"auto","background-attachment":"scroll","background-type":"","background-media":"","overlay-type":"","overlay-color":"","overlay-gradient":""},"mobile":{"background-color":"var(--ast-global-color-5)","background-image":"","background-repeat":"repeat","background-position":"center center","background-size":"auto","background-attachment":"scroll","background-type":"","background-media":"","overlay-type":"","overlay-color":"","overlay-gradient":""}},"footnotes":""},"uagb_featured_image_src":{"full":false,"thumbnail":false,"medium":false,"medium_large":false,"large":false,"1536x1536":false,"2048x2048":false},"uagb_author_info":{"display_name":"admin@uepa.br","author_link":"https:\/\/paginas.uepa.br\/terapiaocupacional\/index.php\/author\/adminuepa-br\/"},"uagb_comment_info":0,"uagb_excerpt":"O N\u00facleo Docente Estruturante tem fun\u00e7\u00e3o consultiva, propositiva e de assessoramento sobre mat\u00e9ria de natureza acad\u00eamica. O NDE integra a gest\u00e3o acad\u00eamica do curso que \u00e9 respons\u00e1vel pela concep\u00e7\u00e3o do Projeto Pedag\u00f3gico do Curso e tem a finalidade de acompanhar a implanta\u00e7\u00e3o, consolida\u00e7\u00e3o e atualiza\u00e7\u00e3o do mesmo. \u00c9 constitu\u00eddo de cinco professores do quadro efetivo&hellip;","_links":{"self":[{"href":"https:\/\/paginas.uepa.br\/terapiaocupacional\/index.php\/wp-json\/wp\/v2\/pages\/103"}],"collection":[{"href":"https:\/\/paginas.uepa.br\/terapiaocupacional\/index.php\/wp-json\/wp\/v2\/pages"}],"about":[{"href":"https:\/\/paginas.uepa.br\/terapiaocupacional\/index.php\/wp-json\/wp\/v2\/types\/page"}],"author":[{"embeddable":true,"href":"https:\/\/paginas.uepa.br\/terapiaocupacional\/index.php\/wp-json\/wp\/v2\/users\/1"}],"replies":[{"embeddable":true,"href":"https:\/\/paginas.uepa.br\/terapiaocupacional\/index.php\/wp-json\/wp\/v2\/comments?post=103"}],"version-history":[{"count":3,"href":"https:\/\/paginas.uepa.br\/terapiaocupacional\/index.php\/wp-json\/wp\/v2\/pages\/103\/revisions"}],"predecessor-version":[{"id":398,"href":"https:\/\/paginas.uepa.br\/terapiaocupacional\/index.php\/wp-json\/wp\/v2\/pages\/103\/revisions\/398"}],"wp:attachment":[{"href":"https:\/\/paginas.uepa.br\/terapiaocupacional\/index.php\/wp-json\/wp\/v2\/media?parent=103"}],"curies":[{"name":"wp","href":"https:\/\/api.w.org\/{rel}","templated":true}]}}