{"id":9,"date":"2021-05-10T10:37:44","date_gmt":"2021-05-10T13:37:44","guid":{"rendered":"https:\/\/paginas.uepa.br\/ghemaz\/?page_id=9"},"modified":"2021-10-05T16:00:52","modified_gmt":"2021-10-05T19:00:52","slug":"historia","status":"publish","type":"page","link":"https:\/\/paginas.uepa.br\/ghemaz\/index.php\/historia\/","title":{"rendered":"Hist\u00f3ria"},"content":{"rendered":"<p style=\"text-align: justify;\">Em 06 de maio de 2016, os professores Miguel Chaquiam e Natanael Freitas Cabral, vinculados ao Departamento de Matem\u00e1tica, Estat\u00edstica e Inform\u00e1tica (DMEI), da Universidade do Estado do Par\u00e1 (UEPA), solicitaram \u00e0 Pr\u00f3-reitoria de Pesquisa e P\u00f3s-Gradua\u00e7\u00e3o (PROPESP) da universidade a cria\u00e7\u00e3o do Grupo de Pesquisa em Hist\u00f3ria, Educa\u00e7\u00e3o e Matem\u00e1tica na Amaz\u00f4nia. Em 23 de maio do mesmo ano, de acordo com o constante no Diret\u00f3rio dos Grupos de Pesquisa no Brasil, o GHEMAZ foi reconhecido e certificado pelo Conselho Nacional de Pesquisas (CNPq) como grupo de pesquisa vinculado \u00e0 UEPA.<\/p>\n<p style=\"text-align: justify;\">Vale ressaltar que o GHEMAZ foi reconhecido inicialmente no CNPq com o nome Grupo de Pesquisa em Hist\u00f3ria da Matem\u00e1tica e Educa\u00e7\u00e3o Matem\u00e1tica na Amaz\u00f4nia. A mudan\u00e7a de nomenclatura se deu em vista da amplia\u00e7\u00e3o das possibilidades de pesquisa e da necessidade de se abranger as diversas \u00e1reas de atua\u00e7\u00e3o dos membros grupo. Neste contexto, a logotipo do grupo foi criada como emblema para caracterizar suas vertentes: Hist\u00f3ria, Educa\u00e7\u00e3o e Matem\u00e1tica pela Larissa Rocha Paulo de Oliveira, antiga aluna<br \/>\ndo curso de Licenciatura em Matem\u00e1tica da UEPA.<\/p>\n<p style=\"text-align: justify;\">Inicialmente o grupo foi composto: Miguel Chaquiam e NatanaelFreitas Cabral (coordenadores); Ana Paula Nascimento Pegado Couto, Agnes Rocha de Oliveira, Desirr\u00e8e O\u2019Nassis Canuto Pontes, Lucas Antonio Mendes de Lima, Mayara Gabriella Pereira Granjeiro, Maria Paula Duarte O\u2019 de Almeida (gradua\u00e7\u00e3o); Marconni Augusto Pock de Oliveira e Alailson Silva<br \/>\nde Lira (p\u00f3s-gradua\u00e7\u00e3o \/ mestrado) e Ana Carolina Costa Pereira (membro pesquisadora) da Universidade Estadual do Cear\u00e1 (UECE).<\/p>\n<p style=\"text-align: justify;\">Essa heterogeneidade entre seus componentes continua contribuindo \u00e0s discuss\u00f5es que perpassam desde a forma\u00e7\u00e3o inicial, quanto da continuada. Para ampliar as perspectivas de pesquisas nessas \u00e1reas de atua\u00e7\u00e3o do grupo e o desenvolvimento de a\u00e7\u00f5es de extens\u00e3o e ensino, vislumbrou-se a integra\u00e7\u00e3o entre os grupos GHEMAZ e o Grupo de Pesquisa em Educa\u00e7\u00e3o e Hist\u00f3ria da Matem\u00e1tica (GPEHM), vinculado \u00e0 (UECE), fato que vinha se consolidando por meio do Semin\u00e1rio Cearense de Hist\u00f3ria da Matem\u00e1tica (SCHM) e do Boletim Cearense de Educa\u00e7\u00e3o e Hist\u00f3ria da Matem\u00e1tica (BOCEHM).<\/p>\n<p style=\"text-align: justify;\">Al\u00e9m disso, evidencia-se que as linhas de pesquisas do grupo emergem de trabalhos anteriores desenvolvidos pelos seus coordenadores como apresentado no in\u00edcio do texto. Neste sentido para melhor caracterizar algumas de suas atividades desenvolvidas durante as suas forma\u00e7\u00f5es, descrevemos um breve perfil dos mesmos.<\/p>\n","protected":false},"excerpt":{"rendered":"<p>Em 06 de maio de 2016, os professores Miguel Chaquiam e Natanael Freitas Cabral, vinculados ao Departamento de Matem\u00e1tica, Estat\u00edstica e Inform\u00e1tica (DMEI), da Universidade do Estado do Par\u00e1 (UEPA), solicitaram \u00e0 Pr\u00f3-reitoria de Pesquisa e P\u00f3s-Gradua\u00e7\u00e3o (PROPESP) da universidade a cria\u00e7\u00e3o do Grupo de Pesquisa em Hist\u00f3ria, Educa\u00e7\u00e3o e Matem\u00e1tica na Amaz\u00f4nia. Em 23 &hellip;<\/p>\n<p class=\"read-more\"> <a class=\"\" href=\"https:\/\/paginas.uepa.br\/ghemaz\/index.php\/historia\/\"> <span class=\"screen-reader-text\">Hist\u00f3ria<\/span> Leia mais &raquo;<\/a><\/p>\n","protected":false},"author":1,"featured_media":0,"parent":0,"menu_order":0,"comment_status":"closed","ping_status":"closed","template":"","meta":{"_uag_custom_page_level_css":"","site-sidebar-layout":"default","site-content-layout":"default","ast-site-content-layout":"","site-content-style":"default","site-sidebar-style":"default","ast-global-header-display":"","ast-banner-title-visibility":"","ast-main-header-display":"","ast-hfb-above-header-display":"","ast-hfb-below-header-display":"","ast-hfb-mobile-header-display":"","site-post-title":"","ast-breadcrumbs-content":"","ast-featured-img":"","footer-sml-layout":"","theme-transparent-header-meta":"default","adv-header-id-meta":"","stick-header-meta":"","header-above-stick-meta":"","header-main-stick-meta":"","header-below-stick-meta":"","astra-migrate-meta-layouts":"","ast-page-background-enabled":"default","ast-page-background-meta":{"desktop":{"background-color":"","background-image":"","background-repeat":"repeat","background-position":"center center","background-size":"auto","background-attachment":"scroll","background-type":"","background-media":"","overlay-type":"","overlay-color":"","overlay-gradient":""},"tablet":{"background-color":"","background-image":"","background-repeat":"repeat","background-position":"center center","background-size":"auto","background-attachment":"scroll","background-type":"","background-media":"","overlay-type":"","overlay-color":"","overlay-gradient":""},"mobile":{"background-color":"","background-image":"","background-repeat":"repeat","background-position":"center center","background-size":"auto","background-attachment":"scroll","background-type":"","background-media":"","overlay-type":"","overlay-color":"","overlay-gradient":""}},"ast-content-background-meta":{"desktop":{"background-color":"var(--ast-global-color-5)","background-image":"","background-repeat":"repeat","background-position":"center center","background-size":"auto","background-attachment":"scroll","background-type":"","background-media":"","overlay-type":"","overlay-color":"","overlay-gradient":""},"tablet":{"background-color":"var(--ast-global-color-5)","background-image":"","background-repeat":"repeat","background-position":"center center","background-size":"auto","background-attachment":"scroll","background-type":"","background-media":"","overlay-type":"","overlay-color":"","overlay-gradient":""},"mobile":{"background-color":"var(--ast-global-color-5)","background-image":"","background-repeat":"repeat","background-position":"center center","background-size":"auto","background-attachment":"scroll","background-type":"","background-media":"","overlay-type":"","overlay-color":"","overlay-gradient":""}},"footnotes":""},"uagb_featured_image_src":{"full":false,"thumbnail":false,"medium":false,"medium_large":false,"large":false,"1536x1536":false,"2048x2048":false},"uagb_author_info":{"display_name":"admin@uepa.br","author_link":"https:\/\/paginas.uepa.br\/ghemaz\/index.php\/author\/adminuepa-br\/"},"uagb_comment_info":0,"uagb_excerpt":"Em 06 de maio de 2016, os professores Miguel Chaquiam e Natanael Freitas Cabral, vinculados ao Departamento de Matem\u00e1tica, Estat\u00edstica e Inform\u00e1tica (DMEI), da Universidade do Estado do Par\u00e1 (UEPA), solicitaram \u00e0 Pr\u00f3-reitoria de Pesquisa e P\u00f3s-Gradua\u00e7\u00e3o (PROPESP) da universidade a cria\u00e7\u00e3o do Grupo de Pesquisa em Hist\u00f3ria, Educa\u00e7\u00e3o e Matem\u00e1tica na Amaz\u00f4nia. Em 23&hellip;","_links":{"self":[{"href":"https:\/\/paginas.uepa.br\/ghemaz\/index.php\/wp-json\/wp\/v2\/pages\/9"}],"collection":[{"href":"https:\/\/paginas.uepa.br\/ghemaz\/index.php\/wp-json\/wp\/v2\/pages"}],"about":[{"href":"https:\/\/paginas.uepa.br\/ghemaz\/index.php\/wp-json\/wp\/v2\/types\/page"}],"author":[{"embeddable":true,"href":"https:\/\/paginas.uepa.br\/ghemaz\/index.php\/wp-json\/wp\/v2\/users\/1"}],"replies":[{"embeddable":true,"href":"https:\/\/paginas.uepa.br\/ghemaz\/index.php\/wp-json\/wp\/v2\/comments?post=9"}],"version-history":[{"count":5,"href":"https:\/\/paginas.uepa.br\/ghemaz\/index.php\/wp-json\/wp\/v2\/pages\/9\/revisions"}],"predecessor-version":[{"id":211,"href":"https:\/\/paginas.uepa.br\/ghemaz\/index.php\/wp-json\/wp\/v2\/pages\/9\/revisions\/211"}],"wp:attachment":[{"href":"https:\/\/paginas.uepa.br\/ghemaz\/index.php\/wp-json\/wp\/v2\/media?parent=9"}],"curies":[{"name":"wp","href":"https:\/\/api.w.org\/{rel}","templated":true}]}}