{"id":81,"date":"2021-05-10T11:04:23","date_gmt":"2021-05-10T14:04:23","guid":{"rendered":"https:\/\/paginas.uepa.br\/ghemaz\/?page_id=81"},"modified":"2021-10-05T16:31:23","modified_gmt":"2021-10-05T19:31:23","slug":"links","status":"publish","type":"page","link":"https:\/\/paginas.uepa.br\/ghemaz\/index.php\/links\/","title":{"rendered":"LINKS SUGERIDOS"},"content":{"rendered":"<ul>\n<li><strong>Academia Brasileira de Ci\u00eancias<\/strong><br \/>\nABC \u2013 Site: http:\/\/www.abc.org.br\/<\/li>\n<li><strong>Sociedade Brasileira de Matem\u00e1tica<\/strong><br \/>\nSBM \u2013 Site: www.sbm.org.br\/<\/li>\n<li><strong>International Academy of History of Science<\/strong><br \/>\nIAHS \u2013 Site: http:\/\/www.aihs-iahs.org\/<\/li>\n<li><strong>American Mathematical Society<\/strong><br \/>\nAMS\/USA \u2013 Site: https:\/\/www.ams.org\/home\/page<\/li>\n<li><strong>Sociedade Brasileira de Hist\u00f3ria da Ci\u00eancia<\/strong><br \/>\nSBHC \u2013 Site: www.sbhc.org.br\/<\/li>\n<li><strong>Sociedade Brasileira de Educa\u00e7\u00e3o Matem\u00e1tica<\/strong><br \/>\nSBEM \u2013 Site: www.sbembrasil.org.br\/<\/li>\n<li><strong>Sociedade Brasileira de Hist\u00f3ria da Matem\u00e1tica<\/strong><br \/>\nSBHMat \u2013 Site: www.sbhmat.org\/<\/li>\n<li><strong>Sociedade Brasileira para o Progresso da Ci\u00eancia<\/strong><br \/>\nSBPC \u2013 Site: http:\/\/portal.sbpcnet.org.br\/<\/li>\n<li><strong>Sociedade Brasileira de Matem\u00e1tica Aplicada e Computacional<\/strong><br \/>\nSBMAC \u2013 Site: www.sbmac.org.br\/<\/li>\n<li><strong>Associa\u00e7\u00e3o de Professores de Matem\u00e1tica<br \/>\n<\/strong>APM\/Portugal \u2013 Site: https:\/\/wordpress.apm.pt\/<\/li>\n<li><strong>Associa\u00e7\u00e3o Nacional de P\u00f3s-Gradua\u00e7\u00e3o e Pesquisa em Educa\u00e7\u00e3o<br \/>\n<\/strong>ANPEd \u2013 Site: http:\/\/www.anped.org.br\/<\/li>\n<li><strong>Federaci\u00f3n Iberoamericana de Sociedades de Educaci\u00f3n Matem\u00e1tica<br \/>\n<\/strong>FISEM \u2013 Site: https:\/\/fisem.org\/que-es-la-fisem\/<\/li>\n<li><strong>Federaci\u00f3n Ibero-americana de Sociedades de Educa\u00e7\u00e3o Matem\u00e1tica<br \/>\n<\/strong>FISEM \u2013 Site: www.fisem.org\/<\/li>\n<\/ul>\n","protected":false},"excerpt":{"rendered":"<p>Academia Brasileira de Ci\u00eancias ABC \u2013 Site: http:\/\/www.abc.org.br\/ Sociedade Brasileira de Matem\u00e1tica SBM \u2013 Site: www.sbm.org.br\/ International Academy of History of Science IAHS \u2013 Site: http:\/\/www.aihs-iahs.org\/ American Mathematical Society AMS\/USA \u2013 Site: https:\/\/www.ams.org\/home\/page Sociedade Brasileira de Hist\u00f3ria da Ci\u00eancia SBHC \u2013 Site: www.sbhc.org.br\/ Sociedade Brasileira de Educa\u00e7\u00e3o Matem\u00e1tica SBEM \u2013 Site: www.sbembrasil.org.br\/ Sociedade Brasileira de &hellip;<\/p>\n<p class=\"read-more\"> <a class=\"\" href=\"https:\/\/paginas.uepa.br\/ghemaz\/index.php\/links\/\"> <span class=\"screen-reader-text\">LINKS SUGERIDOS<\/span> Leia mais &raquo;<\/a><\/p>\n","protected":false},"author":1,"featured_media":0,"parent":0,"menu_order":0,"comment_status":"closed","ping_status":"closed","template":"","meta":{"_uag_custom_page_level_css":"","site-sidebar-layout":"default","site-content-layout":"default","ast-site-content-layout":"","site-content-style":"default","site-sidebar-style":"default","ast-global-header-display":"","ast-banner-title-visibility":"","ast-main-header-display":"","ast-hfb-above-header-display":"","ast-hfb-below-header-display":"","ast-hfb-mobile-header-display":"","site-post-title":"","ast-breadcrumbs-content":"","ast-featured-img":"","footer-sml-layout":"","theme-transparent-header-meta":"default","adv-header-id-meta":"","stick-header-meta":"","header-above-stick-meta":"","header-main-stick-meta":"","header-below-stick-meta":"","astra-migrate-meta-layouts":"","ast-page-background-enabled":"default","ast-page-background-meta":{"desktop":{"background-color":"","background-image":"","background-repeat":"repeat","background-position":"center center","background-size":"auto","background-attachment":"scroll","background-type":"","background-media":"","overlay-type":"","overlay-color":"","overlay-gradient":""},"tablet":{"background-color":"","background-image":"","background-repeat":"repeat","background-position":"center center","background-size":"auto","background-attachment":"scroll","background-type":"","background-media":"","overlay-type":"","overlay-color":"","overlay-gradient":""},"mobile":{"background-color":"","background-image":"","background-repeat":"repeat","background-position":"center center","background-size":"auto","background-attachment":"scroll","background-type":"","background-media":"","overlay-type":"","overlay-color":"","overlay-gradient":""}},"ast-content-background-meta":{"desktop":{"background-color":"var(--ast-global-color-5)","background-image":"","background-repeat":"repeat","background-position":"center center","background-size":"auto","background-attachment":"scroll","background-type":"","background-media":"","overlay-type":"","overlay-color":"","overlay-gradient":""},"tablet":{"background-color":"var(--ast-global-color-5)","background-image":"","background-repeat":"repeat","background-position":"center center","background-size":"auto","background-attachment":"scroll","background-type":"","background-media":"","overlay-type":"","overlay-color":"","overlay-gradient":""},"mobile":{"background-color":"var(--ast-global-color-5)","background-image":"","background-repeat":"repeat","background-position":"center center","background-size":"auto","background-attachment":"scroll","background-type":"","background-media":"","overlay-type":"","overlay-color":"","overlay-gradient":""}},"footnotes":""},"uagb_featured_image_src":{"full":false,"thumbnail":false,"medium":false,"medium_large":false,"large":false,"1536x1536":false,"2048x2048":false},"uagb_author_info":{"display_name":"admin@uepa.br","author_link":"https:\/\/paginas.uepa.br\/ghemaz\/index.php\/author\/adminuepa-br\/"},"uagb_comment_info":0,"uagb_excerpt":"Academia Brasileira de Ci\u00eancias ABC \u2013 Site: http:\/\/www.abc.org.br\/ Sociedade Brasileira de Matem\u00e1tica SBM \u2013 Site: www.sbm.org.br\/ International Academy of History of Science IAHS \u2013 Site: http:\/\/www.aihs-iahs.org\/ American Mathematical Society AMS\/USA \u2013 Site: https:\/\/www.ams.org\/home\/page Sociedade Brasileira de Hist\u00f3ria da Ci\u00eancia SBHC \u2013 Site: www.sbhc.org.br\/ Sociedade Brasileira de Educa\u00e7\u00e3o Matem\u00e1tica SBEM \u2013 Site: www.sbembrasil.org.br\/ Sociedade Brasileira de&hellip;","_links":{"self":[{"href":"https:\/\/paginas.uepa.br\/ghemaz\/index.php\/wp-json\/wp\/v2\/pages\/81"}],"collection":[{"href":"https:\/\/paginas.uepa.br\/ghemaz\/index.php\/wp-json\/wp\/v2\/pages"}],"about":[{"href":"https:\/\/paginas.uepa.br\/ghemaz\/index.php\/wp-json\/wp\/v2\/types\/page"}],"author":[{"embeddable":true,"href":"https:\/\/paginas.uepa.br\/ghemaz\/index.php\/wp-json\/wp\/v2\/users\/1"}],"replies":[{"embeddable":true,"href":"https:\/\/paginas.uepa.br\/ghemaz\/index.php\/wp-json\/wp\/v2\/comments?post=81"}],"version-history":[{"count":5,"href":"https:\/\/paginas.uepa.br\/ghemaz\/index.php\/wp-json\/wp\/v2\/pages\/81\/revisions"}],"predecessor-version":[{"id":221,"href":"https:\/\/paginas.uepa.br\/ghemaz\/index.php\/wp-json\/wp\/v2\/pages\/81\/revisions\/221"}],"wp:attachment":[{"href":"https:\/\/paginas.uepa.br\/ghemaz\/index.php\/wp-json\/wp\/v2\/media?parent=81"}],"curies":[{"name":"wp","href":"https:\/\/api.w.org\/{rel}","templated":true}]}}