{"id":8,"date":"2021-05-10T10:37:44","date_gmt":"2021-05-10T13:37:44","guid":{"rendered":"https:\/\/paginas.uepa.br\/ghemaz\/?page_id=8"},"modified":"2021-10-21T11:00:59","modified_gmt":"2021-10-21T14:00:59","slug":"home","status":"publish","type":"page","link":"https:\/\/paginas.uepa.br\/ghemaz\/","title":{"rendered":"Home"},"content":{"rendered":"\n<div class=\"wp-block-uagb-advanced-heading uagb-block-cde413cb\"><h2 class=\"uagb-heading-text\">GHEMAZ<\/h2><div class=\"uagb-separator-wrap\"><div class=\"uagb-separator\"><\/div><\/div><p class=\"uagb-desc-text\">\u00a0<\/p><\/div>\n\n\n<p><\/p>\n<p style=\"text-align: justify;\">Em 06 de maio de 2016, os professores Miguel Chaquiam e Natanael Freitas Cabral solicitam \u00e0 Pr\u00f3-reitora de Pesquisa e P\u00f3s-Gradua\u00e7\u00e3o (PROPESP) da Universidade do Estado do Par\u00e1 (UEPA) a cria\u00e7\u00e3o do Grupo de Pesquisa em Hist\u00f3ria, Educa\u00e7\u00e3o e Matem\u00e1tica na Amaz\u00f4nia (GHEMAZ). Em 23 de maio de 2016, de acordo com o constante no Diret\u00f3rio dos Grupos de Pesquisa no Brasil, o GHEMAZ \u00e9 certificado pelo CNPq como grupo de pesquisa vinculado \u00e0 UEPA.<\/p>\n<p> <\/p>\n<p class=\"has-normal-font-size\" style=\"text-align: justify;\">Este grupo foi criado com a finalidade de desenvolver estudos e pesquisas sobre Hist\u00f3ria, Educa\u00e7\u00e3o e Matem\u00e1tica, contemplando suas interfaces e, principalmente, foco na regi\u00e3o Amaz\u00f4nica, tendo em vista a constru\u00e7\u00e3o de di\u00e1logos entre as diferentes \u00e1reas do conhecimento; efetuar o resgate da mem\u00f3ria individual, coletiva e institucional e a constitui\u00e7\u00e3o hist\u00f3rica da educa\u00e7\u00e3o de modo a subsidiar a compreens\u00e3o e a an\u00e1lise das concep\u00e7\u00f5es e pr\u00e1ticas educacionais. Al\u00e9m disso, as a\u00e7\u00f5es convergem para a an\u00e1lise e produ\u00e7\u00e3o de estrat\u00e9gias, metodologias e materiais instrucionais com o intuito de contribuir para a melhoria do processo de ensino e aprendizagem da Matem\u00e1tica, em especial, na regi\u00e3o Amaz\u00f4nica.<br \/><br \/>Coordenadores:<\/p>\n<p> <\/p>\n<ul>\n<li>Prof. Dr. Miguel Chaquiam (UEPA)\n<ul>\n<li>E-mail: miguelchaquiam@gmail.com<\/li>\n<li><a href=\"http:\/\/buscatextual.cnpq.br\/buscatextual\/visualizacv.do?id=K4704882T0\">http:\/\/buscatextual.cnpq.br\/buscatextual\/visualizacv.do?id=K4704882T0<\/a><\/li>\n<\/ul>\n<\/li>\n<\/ul>\n<p> <\/p>\n<ul>\n<li>Prof. Dr. Natanael Freitas Cabral (UEPA)\n<ul>\n<li>E-mail: natanfc61@yahoo.com.br<\/li>\n<li><a href=\"http:\/\/buscatextual.cnpq.br\/buscatextual\/visualizacv.do?id=K4559539U1\">http:\/\/buscatextual.cnpq.br\/buscatextual\/visualizacv.do?id=K4559539U1<\/a><\/li>\n<\/ul>\n<\/li>\n<\/ul>\n<p><\/p>\n\n\n<div class=\"wp-block-image\"><figure class=\"aligncenter size-large is-resized\"><img decoding=\"async\" src=\"https:\/\/paginas.uepa.br\/ghemaz\/wp-content\/uploads\/2021\/05\/WhatsApp-Image-2021-05-10-at-12.40.40-300x294.jpeg\" alt=\"\" class=\"wp-image-141\" width=\"-1458\" height=\"-1429\"\/><\/figure><\/div>\n","protected":false},"excerpt":{"rendered":"<p>GHEMAZ \u00a0 Em 06 de maio de 2016, os professores Miguel Chaquiam e Natanael Freitas Cabral solicitam \u00e0 Pr\u00f3-reitora de Pesquisa e P\u00f3s-Gradua\u00e7\u00e3o (PROPESP) da Universidade do Estado do Par\u00e1 (UEPA) a cria\u00e7\u00e3o do Grupo de Pesquisa em Hist\u00f3ria, Educa\u00e7\u00e3o e Matem\u00e1tica na Amaz\u00f4nia (GHEMAZ). Em 23 de maio de 2016, de acordo com o &hellip;<\/p>\n<p class=\"read-more\"> <a class=\"\" href=\"https:\/\/paginas.uepa.br\/ghemaz\/\"> <span class=\"screen-reader-text\">Home<\/span> Leia mais &raquo;<\/a><\/p>\n","protected":false},"author":1,"featured_media":0,"parent":0,"menu_order":0,"comment_status":"closed","ping_status":"closed","template":"","meta":{"_uag_custom_page_level_css":"","site-sidebar-layout":"default","site-content-layout":"default","ast-site-content-layout":"","site-content-style":"default","site-sidebar-style":"default","ast-global-header-display":"","ast-banner-title-visibility":"","ast-main-header-display":"","ast-hfb-above-header-display":"","ast-hfb-below-header-display":"","ast-hfb-mobile-header-display":"","site-post-title":"disabled","ast-breadcrumbs-content":"","ast-featured-img":"","footer-sml-layout":"","theme-transparent-header-meta":"default","adv-header-id-meta":"","stick-header-meta":"","header-above-stick-meta":"","header-main-stick-meta":"","header-below-stick-meta":"","astra-migrate-meta-layouts":"","ast-page-background-enabled":"default","ast-page-background-meta":{"desktop":{"background-color":"","background-image":"","background-repeat":"repeat","background-position":"center center","background-size":"auto","background-attachment":"scroll","background-type":"","background-media":"","overlay-type":"","overlay-color":"","overlay-gradient":""},"tablet":{"background-color":"","background-image":"","background-repeat":"repeat","background-position":"center center","background-size":"auto","background-attachment":"scroll","background-type":"","background-media":"","overlay-type":"","overlay-color":"","overlay-gradient":""},"mobile":{"background-color":"","background-image":"","background-repeat":"repeat","background-position":"center center","background-size":"auto","background-attachment":"scroll","background-type":"","background-media":"","overlay-type":"","overlay-color":"","overlay-gradient":""}},"ast-content-background-meta":{"desktop":{"background-color":"var(--ast-global-color-5)","background-image":"","background-repeat":"repeat","background-position":"center center","background-size":"auto","background-attachment":"scroll","background-type":"","background-media":"","overlay-type":"","overlay-color":"","overlay-gradient":""},"tablet":{"background-color":"var(--ast-global-color-5)","background-image":"","background-repeat":"repeat","background-position":"center center","background-size":"auto","background-attachment":"scroll","background-type":"","background-media":"","overlay-type":"","overlay-color":"","overlay-gradient":""},"mobile":{"background-color":"var(--ast-global-color-5)","background-image":"","background-repeat":"repeat","background-position":"center center","background-size":"auto","background-attachment":"scroll","background-type":"","background-media":"","overlay-type":"","overlay-color":"","overlay-gradient":""}},"footnotes":""},"uagb_featured_image_src":{"full":false,"thumbnail":false,"medium":false,"medium_large":false,"large":false,"1536x1536":false,"2048x2048":false},"uagb_author_info":{"display_name":"admin@uepa.br","author_link":"https:\/\/paginas.uepa.br\/ghemaz\/index.php\/author\/adminuepa-br\/"},"uagb_comment_info":0,"uagb_excerpt":"GHEMAZ \u00a0 Em 06 de maio de 2016, os professores Miguel Chaquiam e Natanael Freitas Cabral solicitam \u00e0 Pr\u00f3-reitora de Pesquisa e P\u00f3s-Gradua\u00e7\u00e3o (PROPESP) da Universidade do Estado do Par\u00e1 (UEPA) a cria\u00e7\u00e3o do Grupo de Pesquisa em Hist\u00f3ria, Educa\u00e7\u00e3o e Matem\u00e1tica na Amaz\u00f4nia (GHEMAZ). Em 23 de maio de 2016, de acordo com o&hellip;","_links":{"self":[{"href":"https:\/\/paginas.uepa.br\/ghemaz\/index.php\/wp-json\/wp\/v2\/pages\/8"}],"collection":[{"href":"https:\/\/paginas.uepa.br\/ghemaz\/index.php\/wp-json\/wp\/v2\/pages"}],"about":[{"href":"https:\/\/paginas.uepa.br\/ghemaz\/index.php\/wp-json\/wp\/v2\/types\/page"}],"author":[{"embeddable":true,"href":"https:\/\/paginas.uepa.br\/ghemaz\/index.php\/wp-json\/wp\/v2\/users\/1"}],"replies":[{"embeddable":true,"href":"https:\/\/paginas.uepa.br\/ghemaz\/index.php\/wp-json\/wp\/v2\/comments?post=8"}],"version-history":[{"count":5,"href":"https:\/\/paginas.uepa.br\/ghemaz\/index.php\/wp-json\/wp\/v2\/pages\/8\/revisions"}],"predecessor-version":[{"id":321,"href":"https:\/\/paginas.uepa.br\/ghemaz\/index.php\/wp-json\/wp\/v2\/pages\/8\/revisions\/321"}],"wp:attachment":[{"href":"https:\/\/paginas.uepa.br\/ghemaz\/index.php\/wp-json\/wp\/v2\/media?parent=8"}],"curies":[{"name":"wp","href":"https:\/\/api.w.org\/{rel}","templated":true}]}}