{"id":76,"date":"2021-05-10T11:03:04","date_gmt":"2021-05-10T14:03:04","guid":{"rendered":"https:\/\/paginas.uepa.br\/ghemaz\/?page_id=76"},"modified":"2021-10-05T16:28:56","modified_gmt":"2021-10-05T19:28:56","slug":"grupos-de-pesquisa","status":"publish","type":"page","link":"https:\/\/paginas.uepa.br\/ghemaz\/index.php\/grupos-de-pesquisa\/","title":{"rendered":"GRUPOS DE PESQUISA E REPOSIT\u00d3RIOS"},"content":{"rendered":"<ul>\n<li><strong>Portal de Peri\u00f3dicos CAPES\/MEC<\/strong><br \/>\nSite: https:\/\/www-periodicos-capes-gov-br.ezl.periodicos.capes.gov.br\/index.php?<\/li>\n<li><strong>Reposit\u00f3rio de Conte\u00fado Digital \u2013 UFSC\/GHEMAT-Brasil<\/strong><br \/>\nRCD\/UFSC \u2013 Site: https:\/\/repositorio.ufsc.br\/handle\/123456789\/1769<\/li>\n<li><strong>Centro Brasileiro de Refer\u00eancia em Pesquisa sobre Hist\u00f3ria da Matem\u00e1tica<\/strong><br \/>\nCREPHIMat \u2013 Site: http:\/\/www.crephimat.com\/centro<\/li>\n<li><strong>Grupo de Pesquisa em Hist\u00f3ria da Matem\u00e1tica<\/strong><br \/>\nGPHM \u2013 Site: http:\/\/www.rc.unesp.br\/igce\/matematica\/gphm\/<\/li>\n<li><strong>Grupo de Hist\u00f3ria Oral e Educa\u00e7\u00e3o Matem\u00e1tica<\/strong><br \/>\nGHOEM \u2013 Site: http:\/\/www2.fc.unesp.br\/ghoem\/index.php<\/li>\n<li><strong>Grupo Associado de Estudos e Pesquisas sobre Hist\u00f3ria da Educa\u00e7\u00e3o Matem\u00e1tica<\/strong><br \/>\nGHEMAT-BRASIL \u2013 Site: http:\/\/ghemat-brasil.com.br\/home\/<\/li>\n<li><strong>Grupo de Pesquisa Pr\u00e1ticas Socioculturais e Educa\u00e7\u00e3o Matem\u00e1tica<\/strong><br \/>\nGPSEM \u2013 Site: http:\/\/gpsem.online\/home<\/li>\n<li><strong>Grupo Pesquisa de Hist\u00f3ria da Educa\u00e7\u00e3o Matem\u00e1tica no Brasil<\/strong><br \/>\nGEHMAT-SP \u2013 Site: https:\/\/www.ghemat.com.br\/<\/li>\n<li><strong>Grupo de Estudo e Pesquisa em Etnomatem\u00e1tica<\/strong><br \/>\nGEPEm \u2013 Site: http:\/\/www2.fe.usp.br\/~etnomat\/<\/li>\n<li><strong>Grupo de Estudos e Pesquisa em Hist\u00f3ria e Ensino da Matem\u00e1tica<\/strong><br \/>\nGEHEM \u2013 Site: http:\/\/gpehm.blogspot.com\/<\/li>\n<li><strong>Grupo de Pesquisas em Ensino da Matem\u00e1tica e Tecnologias<\/strong><br \/>\nGPEMT \u2013 Site: https:\/\/sites.google.com\/uepa.br\/gpemt<\/li>\n<li><strong>Grupo de Pesquisa em Hist\u00f3ria da Matem\u00e1tica e\/ou suas Rela\u00e7\u00f5es com a Educa\u00e7\u00e3o Matem\u00e1tica<\/strong><br \/>\nGPHMAT \u2013 Site: https:\/\/sites.google.com\/site\/gphmat\/<\/li>\n<\/ul>\n","protected":false},"excerpt":{"rendered":"<p>Portal de Peri\u00f3dicos CAPES\/MEC Site: https:\/\/www-periodicos-capes-gov-br.ezl.periodicos.capes.gov.br\/index.php? Reposit\u00f3rio de Conte\u00fado Digital \u2013 UFSC\/GHEMAT-Brasil RCD\/UFSC \u2013 Site: https:\/\/repositorio.ufsc.br\/handle\/123456789\/1769 Centro Brasileiro de Refer\u00eancia em Pesquisa sobre Hist\u00f3ria da Matem\u00e1tica CREPHIMat \u2013 Site: http:\/\/www.crephimat.com\/centro Grupo de Pesquisa em Hist\u00f3ria da Matem\u00e1tica GPHM \u2013 Site: http:\/\/www.rc.unesp.br\/igce\/matematica\/gphm\/ Grupo de Hist\u00f3ria Oral e Educa\u00e7\u00e3o Matem\u00e1tica GHOEM \u2013 Site: http:\/\/www2.fc.unesp.br\/ghoem\/index.php Grupo Associado de &hellip;<\/p>\n<p class=\"read-more\"> <a class=\"\" href=\"https:\/\/paginas.uepa.br\/ghemaz\/index.php\/grupos-de-pesquisa\/\"> <span class=\"screen-reader-text\">GRUPOS DE PESQUISA E REPOSIT\u00d3RIOS<\/span> Leia mais &raquo;<\/a><\/p>\n","protected":false},"author":1,"featured_media":0,"parent":0,"menu_order":0,"comment_status":"closed","ping_status":"closed","template":"","meta":{"_uag_custom_page_level_css":"","site-sidebar-layout":"default","site-content-layout":"default","ast-site-content-layout":"","site-content-style":"default","site-sidebar-style":"default","ast-global-header-display":"","ast-banner-title-visibility":"","ast-main-header-display":"","ast-hfb-above-header-display":"","ast-hfb-below-header-display":"","ast-hfb-mobile-header-display":"","site-post-title":"","ast-breadcrumbs-content":"","ast-featured-img":"","footer-sml-layout":"","theme-transparent-header-meta":"default","adv-header-id-meta":"","stick-header-meta":"","header-above-stick-meta":"","header-main-stick-meta":"","header-below-stick-meta":"","astra-migrate-meta-layouts":"","ast-page-background-enabled":"default","ast-page-background-meta":{"desktop":{"background-color":"","background-image":"","background-repeat":"repeat","background-position":"center center","background-size":"auto","background-attachment":"scroll","background-type":"","background-media":"","overlay-type":"","overlay-color":"","overlay-gradient":""},"tablet":{"background-color":"","background-image":"","background-repeat":"repeat","background-position":"center center","background-size":"auto","background-attachment":"scroll","background-type":"","background-media":"","overlay-type":"","overlay-color":"","overlay-gradient":""},"mobile":{"background-color":"","background-image":"","background-repeat":"repeat","background-position":"center center","background-size":"auto","background-attachment":"scroll","background-type":"","background-media":"","overlay-type":"","overlay-color":"","overlay-gradient":""}},"ast-content-background-meta":{"desktop":{"background-color":"var(--ast-global-color-5)","background-image":"","background-repeat":"repeat","background-position":"center center","background-size":"auto","background-attachment":"scroll","background-type":"","background-media":"","overlay-type":"","overlay-color":"","overlay-gradient":""},"tablet":{"background-color":"var(--ast-global-color-5)","background-image":"","background-repeat":"repeat","background-position":"center center","background-size":"auto","background-attachment":"scroll","background-type":"","background-media":"","overlay-type":"","overlay-color":"","overlay-gradient":""},"mobile":{"background-color":"var(--ast-global-color-5)","background-image":"","background-repeat":"repeat","background-position":"center center","background-size":"auto","background-attachment":"scroll","background-type":"","background-media":"","overlay-type":"","overlay-color":"","overlay-gradient":""}},"footnotes":""},"uagb_featured_image_src":{"full":false,"thumbnail":false,"medium":false,"medium_large":false,"large":false,"1536x1536":false,"2048x2048":false},"uagb_author_info":{"display_name":"admin@uepa.br","author_link":"https:\/\/paginas.uepa.br\/ghemaz\/index.php\/author\/adminuepa-br\/"},"uagb_comment_info":0,"uagb_excerpt":"Portal de Peri\u00f3dicos CAPES\/MEC Site: https:\/\/www-periodicos-capes-gov-br.ezl.periodicos.capes.gov.br\/index.php? Reposit\u00f3rio de Conte\u00fado Digital \u2013 UFSC\/GHEMAT-Brasil RCD\/UFSC \u2013 Site: https:\/\/repositorio.ufsc.br\/handle\/123456789\/1769 Centro Brasileiro de Refer\u00eancia em Pesquisa sobre Hist\u00f3ria da Matem\u00e1tica CREPHIMat \u2013 Site: http:\/\/www.crephimat.com\/centro Grupo de Pesquisa em Hist\u00f3ria da Matem\u00e1tica GPHM \u2013 Site: http:\/\/www.rc.unesp.br\/igce\/matematica\/gphm\/ Grupo de Hist\u00f3ria Oral e Educa\u00e7\u00e3o Matem\u00e1tica GHOEM \u2013 Site: http:\/\/www2.fc.unesp.br\/ghoem\/index.php Grupo Associado de&hellip;","_links":{"self":[{"href":"https:\/\/paginas.uepa.br\/ghemaz\/index.php\/wp-json\/wp\/v2\/pages\/76"}],"collection":[{"href":"https:\/\/paginas.uepa.br\/ghemaz\/index.php\/wp-json\/wp\/v2\/pages"}],"about":[{"href":"https:\/\/paginas.uepa.br\/ghemaz\/index.php\/wp-json\/wp\/v2\/types\/page"}],"author":[{"embeddable":true,"href":"https:\/\/paginas.uepa.br\/ghemaz\/index.php\/wp-json\/wp\/v2\/users\/1"}],"replies":[{"embeddable":true,"href":"https:\/\/paginas.uepa.br\/ghemaz\/index.php\/wp-json\/wp\/v2\/comments?post=76"}],"version-history":[{"count":5,"href":"https:\/\/paginas.uepa.br\/ghemaz\/index.php\/wp-json\/wp\/v2\/pages\/76\/revisions"}],"predecessor-version":[{"id":219,"href":"https:\/\/paginas.uepa.br\/ghemaz\/index.php\/wp-json\/wp\/v2\/pages\/76\/revisions\/219"}],"wp:attachment":[{"href":"https:\/\/paginas.uepa.br\/ghemaz\/index.php\/wp-json\/wp\/v2\/media?parent=76"}],"curies":[{"name":"wp","href":"https:\/\/api.w.org\/{rel}","templated":true}]}}