{"id":286,"date":"2021-10-05T17:47:56","date_gmt":"2021-10-05T20:47:56","guid":{"rendered":"https:\/\/paginas.uepa.br\/ghemaz\/?page_id=286"},"modified":"2021-10-21T11:04:08","modified_gmt":"2021-10-21T14:04:08","slug":"artigos","status":"publish","type":"page","link":"https:\/\/paginas.uepa.br\/ghemaz\/index.php\/artigos\/","title":{"rendered":"Artigos"},"content":{"rendered":"\n<p class=\"has-medium-font-size\"><strong>ANO \u2013 2021<\/strong><\/p>\n\n\n\n<ul><li>Aguardem!<\/li><\/ul>\n\n\n\n<p class=\"has-medium-font-size\"><strong>ANO &#8211; 2020<\/strong><\/p>\n\n\n\n<ul><li><strong>Historia y Matem\u00e1ticas integradas a trav\u00e9s de un diagrama metodol\u00f3gico<\/strong><br>Autor: Miguel Chaquiam<br><\/li><li><strong>As homenagens do cientista paraense Guilherme de La Penha \u00e0 Leonhard Euler<\/strong><br>Autores: Miguel Chaquiam; Iran Abreu Mendes. <br><\/li><li><strong>A \u00c1lgebra Linear no Brasil na d\u00e9cada de 1970: Um estudo esteado em livros did\u00e1ticos<\/strong><br>Autores: Renan Marcelo da Costa Dias; Miguel Chaquiam.<br><\/li><li><strong>O Ensino de juros compostos por meio de sequ\u00eancia did\u00e1tica<\/strong><br>Autores: Luiz Carlos Marques Secco; Natanael Freitas Cabral; Miguel Chaquiam; Gustavo Nogueira Dias; Vanessa Mayara Souza Pamplona; C\u00e1ssio Pinho dos Reis; Edith Gon\u00e7alves Costa.<br><\/li><li><strong>A percep\u00e7\u00e3o de alunos e professores sobre o ensino e aprendizagem do cilindro circular reto<\/strong><br>Autores: Miguel Chaquiam; Daniel de Deus Negr\u00e3o Mau\u00e9s; Natanael Freitas Cabral; Gustavo Nogueira Dias; Alessandra Epifanio Rodrigues; Vanessa Mayara Souza Pamplona.<br><\/li><li><strong>Hist\u00f3ria da Matem\u00e1tica no Ensino de Trigonometria: Revisitando os artigos de LIMA (2019)<\/strong><br>Autores: Jessie Heveny Saraiva Lima; Miguel Chaquiam.<br><\/li><li><strong>S\u00f3lidos Geom\u00e9tricos: Descartes e a homogeneidade <\/strong><br>Autores: Liliane Silva Nascimento Coelho; Edna Machado da Silva; Miguel Chaquiam.<br><\/li><li><strong>Pappus de Alexandria: Contribui\u00e7\u00f5es \u00e0 Matem\u00e1tica<\/strong><br>Autores: Lucicleia Chagas Magno; Ruan Wenderson de Oliveira Sousa; Miguel Chaquiam.<\/li><\/ul>\n\n\n\n<p><\/p>\n\n\n\n<p class=\"has-medium-font-size\"><strong>ANO \u2013 2019<\/strong><\/p>\n\n\n\n<ul><li><strong>A\u00e7\u00f5es e Rea\u00e7\u00f5es de Grupos de Pesquisas na Forma\u00e7\u00e3o de Professores de Matem\u00e1tica<\/strong><br>Autor: Miguel Chaquiam<\/li><\/ul>\n\n\n\n<p><\/p>\n","protected":false},"excerpt":{"rendered":"<p>ANO \u2013 2021 Aguardem! ANO &#8211; 2020 Historia y Matem\u00e1ticas integradas a trav\u00e9s de un diagrama metodol\u00f3gicoAutor: Miguel Chaquiam As homenagens do cientista paraense Guilherme de La Penha \u00e0 Leonhard EulerAutores: Miguel Chaquiam; Iran Abreu Mendes. A \u00c1lgebra Linear no Brasil na d\u00e9cada de 1970: Um estudo esteado em livros did\u00e1ticosAutores: Renan Marcelo da Costa &hellip;<\/p>\n<p class=\"read-more\"> <a class=\"\" href=\"https:\/\/paginas.uepa.br\/ghemaz\/index.php\/artigos\/\"> <span class=\"screen-reader-text\">Artigos<\/span> Leia mais &raquo;<\/a><\/p>\n","protected":false},"author":1,"featured_media":0,"parent":0,"menu_order":0,"comment_status":"closed","ping_status":"closed","template":"","meta":{"_uag_custom_page_level_css":"","site-sidebar-layout":"default","site-content-layout":"default","ast-site-content-layout":"","site-content-style":"default","site-sidebar-style":"default","ast-global-header-display":"","ast-banner-title-visibility":"","ast-main-header-display":"","ast-hfb-above-header-display":"","ast-hfb-below-header-display":"","ast-hfb-mobile-header-display":"","site-post-title":"","ast-breadcrumbs-content":"","ast-featured-img":"","footer-sml-layout":"","theme-transparent-header-meta":"default","adv-header-id-meta":"","stick-header-meta":"","header-above-stick-meta":"","header-main-stick-meta":"","header-below-stick-meta":"","astra-migrate-meta-layouts":"","ast-page-background-enabled":"default","ast-page-background-meta":{"desktop":{"background-color":"","background-image":"","background-repeat":"repeat","background-position":"center center","background-size":"auto","background-attachment":"scroll","background-type":"","background-media":"","overlay-type":"","overlay-color":"","overlay-gradient":""},"tablet":{"background-color":"","background-image":"","background-repeat":"repeat","background-position":"center center","background-size":"auto","background-attachment":"scroll","background-type":"","background-media":"","overlay-type":"","overlay-color":"","overlay-gradient":""},"mobile":{"background-color":"","background-image":"","background-repeat":"repeat","background-position":"center center","background-size":"auto","background-attachment":"scroll","background-type":"","background-media":"","overlay-type":"","overlay-color":"","overlay-gradient":""}},"ast-content-background-meta":{"desktop":{"background-color":"var(--ast-global-color-5)","background-image":"","background-repeat":"repeat","background-position":"center center","background-size":"auto","background-attachment":"scroll","background-type":"","background-media":"","overlay-type":"","overlay-color":"","overlay-gradient":""},"tablet":{"background-color":"var(--ast-global-color-5)","background-image":"","background-repeat":"repeat","background-position":"center center","background-size":"auto","background-attachment":"scroll","background-type":"","background-media":"","overlay-type":"","overlay-color":"","overlay-gradient":""},"mobile":{"background-color":"var(--ast-global-color-5)","background-image":"","background-repeat":"repeat","background-position":"center center","background-size":"auto","background-attachment":"scroll","background-type":"","background-media":"","overlay-type":"","overlay-color":"","overlay-gradient":""}},"footnotes":""},"uagb_featured_image_src":{"full":false,"thumbnail":false,"medium":false,"medium_large":false,"large":false,"1536x1536":false,"2048x2048":false},"uagb_author_info":{"display_name":"admin@uepa.br","author_link":"https:\/\/paginas.uepa.br\/ghemaz\/index.php\/author\/adminuepa-br\/"},"uagb_comment_info":0,"uagb_excerpt":"ANO \u2013 2021 Aguardem! ANO &#8211; 2020 Historia y Matem\u00e1ticas integradas a trav\u00e9s de un diagrama metodol\u00f3gicoAutor: Miguel Chaquiam As homenagens do cientista paraense Guilherme de La Penha \u00e0 Leonhard EulerAutores: Miguel Chaquiam; Iran Abreu Mendes. A \u00c1lgebra Linear no Brasil na d\u00e9cada de 1970: Um estudo esteado em livros did\u00e1ticosAutores: Renan Marcelo da Costa&hellip;","_links":{"self":[{"href":"https:\/\/paginas.uepa.br\/ghemaz\/index.php\/wp-json\/wp\/v2\/pages\/286"}],"collection":[{"href":"https:\/\/paginas.uepa.br\/ghemaz\/index.php\/wp-json\/wp\/v2\/pages"}],"about":[{"href":"https:\/\/paginas.uepa.br\/ghemaz\/index.php\/wp-json\/wp\/v2\/types\/page"}],"author":[{"embeddable":true,"href":"https:\/\/paginas.uepa.br\/ghemaz\/index.php\/wp-json\/wp\/v2\/users\/1"}],"replies":[{"embeddable":true,"href":"https:\/\/paginas.uepa.br\/ghemaz\/index.php\/wp-json\/wp\/v2\/comments?post=286"}],"version-history":[{"count":3,"href":"https:\/\/paginas.uepa.br\/ghemaz\/index.php\/wp-json\/wp\/v2\/pages\/286\/revisions"}],"predecessor-version":[{"id":324,"href":"https:\/\/paginas.uepa.br\/ghemaz\/index.php\/wp-json\/wp\/v2\/pages\/286\/revisions\/324"}],"wp:attachment":[{"href":"https:\/\/paginas.uepa.br\/ghemaz\/index.php\/wp-json\/wp\/v2\/media?parent=286"}],"curies":[{"name":"wp","href":"https:\/\/api.w.org\/{rel}","templated":true}]}}