{"id":264,"date":"2021-10-05T17:25:41","date_gmt":"2021-10-05T20:25:41","guid":{"rendered":"https:\/\/paginas.uepa.br\/ghemaz\/?page_id=264"},"modified":"2021-10-05T18:11:55","modified_gmt":"2021-10-05T21:11:55","slug":"trabalhos-de-conclusao-de-curso","status":"publish","type":"page","link":"https:\/\/paginas.uepa.br\/ghemaz\/index.php\/trabalhos-de-conclusao-de-curso\/","title":{"rendered":"Trabalhos de Conclus\u00e3o de Curso"},"content":{"rendered":"\n<p class=\"has-medium-font-size\"><strong>ANO &#8211; 2019<\/strong><\/p>\n\n\n\n<ul><li><strong>Sobre os livros de \u00c1lgebra Linear do Cientista Paraense Guilherme de La Penha<\/strong><br>Trabalho de Conclus\u00e3o do Curso de Licenciatura em Matem\u00e1tica (UEPA)<br>Autor: Renan Marcelo da Costa Dias<br>Orientador: Prof. Dr. Miguel Chaquiam<br>Link: <a href=\"https:\/\/paginas.uepa.br\/ghemaz\/wp-content\/uploads\/2021\/10\/TCC-Finalizado-Renan-Dias-Maio-2019.pdf\">https:\/\/paginas.uepa.br\/ghemaz\/wp-content\/uploads\/2021\/10\/TCC-Finalizado-Renan-Dias-Maio-2019.pdf<\/a><\/li><\/ul>\n","protected":false},"excerpt":{"rendered":"<p>ANO &#8211; 2019 Sobre os livros de \u00c1lgebra Linear do Cientista Paraense Guilherme de La PenhaTrabalho de Conclus\u00e3o do Curso de Licenciatura em Matem\u00e1tica (UEPA)Autor: Renan Marcelo da Costa DiasOrientador: Prof. Dr. Miguel ChaquiamLink: https:\/\/paginas.uepa.br\/ghemaz\/wp-content\/uploads\/2021\/10\/TCC-Finalizado-Renan-Dias-Maio-2019.pdf<\/p>\n","protected":false},"author":1,"featured_media":0,"parent":0,"menu_order":0,"comment_status":"closed","ping_status":"closed","template":"","meta":{"_uag_custom_page_level_css":"","site-sidebar-layout":"default","site-content-layout":"default","ast-site-content-layout":"","site-content-style":"default","site-sidebar-style":"default","ast-global-header-display":"","ast-banner-title-visibility":"","ast-main-header-display":"","ast-hfb-above-header-display":"","ast-hfb-below-header-display":"","ast-hfb-mobile-header-display":"","site-post-title":"","ast-breadcrumbs-content":"","ast-featured-img":"","footer-sml-layout":"","theme-transparent-header-meta":"default","adv-header-id-meta":"","stick-header-meta":"","header-above-stick-meta":"","header-main-stick-meta":"","header-below-stick-meta":"","astra-migrate-meta-layouts":"","ast-page-background-enabled":"default","ast-page-background-meta":{"desktop":{"background-color":"","background-image":"","background-repeat":"repeat","background-position":"center center","background-size":"auto","background-attachment":"scroll","background-type":"","background-media":"","overlay-type":"","overlay-color":"","overlay-gradient":""},"tablet":{"background-color":"","background-image":"","background-repeat":"repeat","background-position":"center center","background-size":"auto","background-attachment":"scroll","background-type":"","background-media":"","overlay-type":"","overlay-color":"","overlay-gradient":""},"mobile":{"background-color":"","background-image":"","background-repeat":"repeat","background-position":"center center","background-size":"auto","background-attachment":"scroll","background-type":"","background-media":"","overlay-type":"","overlay-color":"","overlay-gradient":""}},"ast-content-background-meta":{"desktop":{"background-color":"var(--ast-global-color-5)","background-image":"","background-repeat":"repeat","background-position":"center center","background-size":"auto","background-attachment":"scroll","background-type":"","background-media":"","overlay-type":"","overlay-color":"","overlay-gradient":""},"tablet":{"background-color":"var(--ast-global-color-5)","background-image":"","background-repeat":"repeat","background-position":"center center","background-size":"auto","background-attachment":"scroll","background-type":"","background-media":"","overlay-type":"","overlay-color":"","overlay-gradient":""},"mobile":{"background-color":"var(--ast-global-color-5)","background-image":"","background-repeat":"repeat","background-position":"center center","background-size":"auto","background-attachment":"scroll","background-type":"","background-media":"","overlay-type":"","overlay-color":"","overlay-gradient":""}},"footnotes":""},"uagb_featured_image_src":{"full":false,"thumbnail":false,"medium":false,"medium_large":false,"large":false,"1536x1536":false,"2048x2048":false},"uagb_author_info":{"display_name":"admin@uepa.br","author_link":"https:\/\/paginas.uepa.br\/ghemaz\/index.php\/author\/adminuepa-br\/"},"uagb_comment_info":0,"uagb_excerpt":"ANO &#8211; 2019 Sobre os livros de \u00c1lgebra Linear do Cientista Paraense Guilherme de La PenhaTrabalho de Conclus\u00e3o do Curso de Licenciatura em Matem\u00e1tica (UEPA)Autor: Renan Marcelo da Costa DiasOrientador: Prof. Dr. Miguel ChaquiamLink: https:\/\/paginas.uepa.br\/ghemaz\/wp-content\/uploads\/2021\/10\/TCC-Finalizado-Renan-Dias-Maio-2019.pdf","_links":{"self":[{"href":"https:\/\/paginas.uepa.br\/ghemaz\/index.php\/wp-json\/wp\/v2\/pages\/264"}],"collection":[{"href":"https:\/\/paginas.uepa.br\/ghemaz\/index.php\/wp-json\/wp\/v2\/pages"}],"about":[{"href":"https:\/\/paginas.uepa.br\/ghemaz\/index.php\/wp-json\/wp\/v2\/types\/page"}],"author":[{"embeddable":true,"href":"https:\/\/paginas.uepa.br\/ghemaz\/index.php\/wp-json\/wp\/v2\/users\/1"}],"replies":[{"embeddable":true,"href":"https:\/\/paginas.uepa.br\/ghemaz\/index.php\/wp-json\/wp\/v2\/comments?post=264"}],"version-history":[{"count":4,"href":"https:\/\/paginas.uepa.br\/ghemaz\/index.php\/wp-json\/wp\/v2\/pages\/264\/revisions"}],"predecessor-version":[{"id":303,"href":"https:\/\/paginas.uepa.br\/ghemaz\/index.php\/wp-json\/wp\/v2\/pages\/264\/revisions\/303"}],"wp:attachment":[{"href":"https:\/\/paginas.uepa.br\/ghemaz\/index.php\/wp-json\/wp\/v2\/media?parent=264"}],"curies":[{"name":"wp","href":"https:\/\/api.w.org\/{rel}","templated":true}]}}