{"id":258,"date":"2021-10-05T17:20:52","date_gmt":"2021-10-05T20:20:52","guid":{"rendered":"https:\/\/paginas.uepa.br\/ghemaz\/?page_id=258"},"modified":"2021-10-05T17:56:07","modified_gmt":"2021-10-05T20:56:07","slug":"palestras","status":"publish","type":"page","link":"https:\/\/paginas.uepa.br\/ghemaz\/index.php\/palestras\/","title":{"rendered":"Palestras"},"content":{"rendered":"\n<p class=\"has-medium-font-size\"><strong>ANO &#8211; 2021<\/strong><\/p>\n\n\n\n<ul><li><strong>O multifacetado cientista paraense Guilherme de La Penha<\/strong><br>Parte durante a programa\u00e7\u00e3o do Museu Paraense Em\u00edlio Goeldi (De Portas Abertas) no M\u00eas Nacional da Ci\u00eancia, Tecnologia e Inova\u00e7\u00e3o<br>Palestrante: Miguel Chaquiam<br>Link: <a href=\"https:\/\/paginas.uepa.br\/ghemaz\/wp-content\/uploads\/2021\/10\/Palestra-2021-01-EEA-2021-Roda-de-Conversa-Miguel-Chaquiam-Mediacao-Marcos-Fabricio.pdf\">https:\/\/paginas.uepa.br\/ghemaz\/wp-content\/uploads\/2021\/10\/Palestra-2021-01-EEA-2021-Roda-de-Conversa-Miguel-Chaquiam-Mediacao-Marcos-Fabricio.pdf<\/a><\/li><\/ul>\n\n\n\n<p class=\"has-medium-font-size\"><strong>ANO &#8211; 2020<\/strong><\/p>\n\n\n\n<ul><li><strong>O multifacetado cientista paraense Guilherme de La Penha<\/strong><br>Parte durante a programa\u00e7\u00e3o do Museu Paraense Em\u00edlio Goeldi (De Portas Abertas) no M\u00eas Nacional da Ci\u00eancia, Tecnologia e Inova\u00e7\u00e3o<br>Palestrante: Miguel Chaquiam<br>Link: <a href=\"https:\/\/paginas.uepa.br\/ghemaz\/wp-content\/uploads\/2021\/10\/Palestra-2020-01-MPEG-O-multifacetPalestra-2020-01-ado-cientista-paraense-Guilherme-de-La-Penha-Miguel-Chaquiam.pdf\"><a href=\"https:\/\/paginas.uepa.br\/ghemaz\/wp-content\/uploads\/2021\/10\/Palestra-2021-01-EEA-2021-Roda-de-Conversa-Miguel-Chaquiam-Mediacao-Marcos-Fabricio.pdf\">https:\/\/paginas.uepa.br\/ghemaz\/wp-content\/uploads\/2021\/10\/Palestra-2020-01-MPEG-O-multifacetPalestra-2020-01-ado-cientista-paraense-Guilherme-de-La-Penha-Miguel-Chaquiam.pdf<\/a><\/a><\/li><\/ul>\n","protected":false},"excerpt":{"rendered":"<p>ANO &#8211; 2021 O multifacetado cientista paraense Guilherme de La PenhaParte durante a programa\u00e7\u00e3o do Museu Paraense Em\u00edlio Goeldi (De Portas Abertas) no M\u00eas Nacional da Ci\u00eancia, Tecnologia e Inova\u00e7\u00e3oPalestrante: Miguel ChaquiamLink: https:\/\/paginas.uepa.br\/ghemaz\/wp-content\/uploads\/2021\/10\/Palestra-2021-01-EEA-2021-Roda-de-Conversa-Miguel-Chaquiam-Mediacao-Marcos-Fabricio.pdf ANO &#8211; 2020 O multifacetado cientista paraense Guilherme de La PenhaParte durante a programa\u00e7\u00e3o do Museu Paraense Em\u00edlio Goeldi (De Portas Abertas) &hellip;<\/p>\n<p class=\"read-more\"> <a class=\"\" href=\"https:\/\/paginas.uepa.br\/ghemaz\/index.php\/palestras\/\"> <span class=\"screen-reader-text\">Palestras<\/span> Leia mais &raquo;<\/a><\/p>\n","protected":false},"author":1,"featured_media":0,"parent":0,"menu_order":0,"comment_status":"closed","ping_status":"closed","template":"","meta":{"_uag_custom_page_level_css":"","site-sidebar-layout":"default","site-content-layout":"default","ast-site-content-layout":"","site-content-style":"default","site-sidebar-style":"default","ast-global-header-display":"","ast-banner-title-visibility":"","ast-main-header-display":"","ast-hfb-above-header-display":"","ast-hfb-below-header-display":"","ast-hfb-mobile-header-display":"","site-post-title":"","ast-breadcrumbs-content":"","ast-featured-img":"","footer-sml-layout":"","theme-transparent-header-meta":"default","adv-header-id-meta":"","stick-header-meta":"","header-above-stick-meta":"","header-main-stick-meta":"","header-below-stick-meta":"","astra-migrate-meta-layouts":"","ast-page-background-enabled":"default","ast-page-background-meta":{"desktop":{"background-color":"","background-image":"","background-repeat":"repeat","background-position":"center center","background-size":"auto","background-attachment":"scroll","background-type":"","background-media":"","overlay-type":"","overlay-color":"","overlay-gradient":""},"tablet":{"background-color":"","background-image":"","background-repeat":"repeat","background-position":"center center","background-size":"auto","background-attachment":"scroll","background-type":"","background-media":"","overlay-type":"","overlay-color":"","overlay-gradient":""},"mobile":{"background-color":"","background-image":"","background-repeat":"repeat","background-position":"center center","background-size":"auto","background-attachment":"scroll","background-type":"","background-media":"","overlay-type":"","overlay-color":"","overlay-gradient":""}},"ast-content-background-meta":{"desktop":{"background-color":"var(--ast-global-color-5)","background-image":"","background-repeat":"repeat","background-position":"center center","background-size":"auto","background-attachment":"scroll","background-type":"","background-media":"","overlay-type":"","overlay-color":"","overlay-gradient":""},"tablet":{"background-color":"var(--ast-global-color-5)","background-image":"","background-repeat":"repeat","background-position":"center center","background-size":"auto","background-attachment":"scroll","background-type":"","background-media":"","overlay-type":"","overlay-color":"","overlay-gradient":""},"mobile":{"background-color":"var(--ast-global-color-5)","background-image":"","background-repeat":"repeat","background-position":"center center","background-size":"auto","background-attachment":"scroll","background-type":"","background-media":"","overlay-type":"","overlay-color":"","overlay-gradient":""}},"footnotes":""},"uagb_featured_image_src":{"full":false,"thumbnail":false,"medium":false,"medium_large":false,"large":false,"1536x1536":false,"2048x2048":false},"uagb_author_info":{"display_name":"admin@uepa.br","author_link":"https:\/\/paginas.uepa.br\/ghemaz\/index.php\/author\/adminuepa-br\/"},"uagb_comment_info":0,"uagb_excerpt":"ANO &#8211; 2021 O multifacetado cientista paraense Guilherme de La PenhaParte durante a programa\u00e7\u00e3o do Museu Paraense Em\u00edlio Goeldi (De Portas Abertas) no M\u00eas Nacional da Ci\u00eancia, Tecnologia e Inova\u00e7\u00e3oPalestrante: Miguel ChaquiamLink: https:\/\/paginas.uepa.br\/ghemaz\/wp-content\/uploads\/2021\/10\/Palestra-2021-01-EEA-2021-Roda-de-Conversa-Miguel-Chaquiam-Mediacao-Marcos-Fabricio.pdf ANO &#8211; 2020 O multifacetado cientista paraense Guilherme de La PenhaParte durante a programa\u00e7\u00e3o do Museu Paraense Em\u00edlio Goeldi (De Portas Abertas)&hellip;","_links":{"self":[{"href":"https:\/\/paginas.uepa.br\/ghemaz\/index.php\/wp-json\/wp\/v2\/pages\/258"}],"collection":[{"href":"https:\/\/paginas.uepa.br\/ghemaz\/index.php\/wp-json\/wp\/v2\/pages"}],"about":[{"href":"https:\/\/paginas.uepa.br\/ghemaz\/index.php\/wp-json\/wp\/v2\/types\/page"}],"author":[{"embeddable":true,"href":"https:\/\/paginas.uepa.br\/ghemaz\/index.php\/wp-json\/wp\/v2\/users\/1"}],"replies":[{"embeddable":true,"href":"https:\/\/paginas.uepa.br\/ghemaz\/index.php\/wp-json\/wp\/v2\/comments?post=258"}],"version-history":[{"count":3,"href":"https:\/\/paginas.uepa.br\/ghemaz\/index.php\/wp-json\/wp\/v2\/pages\/258\/revisions"}],"predecessor-version":[{"id":293,"href":"https:\/\/paginas.uepa.br\/ghemaz\/index.php\/wp-json\/wp\/v2\/pages\/258\/revisions\/293"}],"wp:attachment":[{"href":"https:\/\/paginas.uepa.br\/ghemaz\/index.php\/wp-json\/wp\/v2\/media?parent=258"}],"curies":[{"name":"wp","href":"https:\/\/api.w.org\/{rel}","templated":true}]}}