{"id":252,"date":"2021-10-05T17:01:41","date_gmt":"2021-10-05T20:01:41","guid":{"rendered":"https:\/\/paginas.uepa.br\/ghemaz\/?page_id=252"},"modified":"2021-10-05T18:02:50","modified_gmt":"2021-10-05T21:02:50","slug":"livros","status":"publish","type":"page","link":"https:\/\/paginas.uepa.br\/ghemaz\/index.php\/livros\/","title":{"rendered":"Livros"},"content":{"rendered":"\n<p class=\"has-medium-font-size\"><strong>ANO &#8211; 2021<\/strong><\/p>\n\n\n\n<ul><li><strong>O Olho do Mestre \u2013 Dez Livros-Textos Hist\u00f3ricos<\/strong><br>Organizador: John Andrew Fossa<br>Cap\u00edtulo:<strong> Constitui\u00e7\u00e3o do Conceito de Fun\u00e7\u00e3o e Generalidades por Leonhard Euler em Introductio in Analysis Infinitorum<\/strong><br>Autor: Miguel Chaquiam<br>Link: <a href=\"https:\/\/paginas.uepa.br\/ghemaz\/wp-content\/uploads\/2021\/10\/Livro-2021-01-O-Olho-Mestre-Dez-livros-textos-histo\u0301ricos-Org-John-Fossa-Capitulo-Miguel-Chaquiam.pdf\">https:\/\/paginas.uepa.br\/ghemaz\/wp-content\/uploads\/2021\/10\/Livro-2021-01-O-Olho-Mestre-Dez-livros-textos-histo\u0301ricos-Org-John-Fossa-Capitulo-Miguel-Chaquiam.pdf<\/a><\/li><\/ul>\n\n\n\n<p class=\"has-medium-font-size\"><strong>ANO &#8211; 2020<\/strong><\/p>\n\n\n\n<ul><li><strong>Hist\u00f3ria da Ci\u00eancia no Par\u00e1: t\u00f3picos, propostas e perspectivas<\/strong><br>Organizador: Maria Dulcimar de Brito Silva; Andr\u00e9 Silva dos Reis<br>Cap\u00edtulo: <strong>Facetas da Hist\u00f3ria da Matem\u00e1tica e da Educa\u00e7\u00e3o Matem\u00e1tica na Amaz\u00f4nia<\/strong><br>Autor: Miguel Chaquiam<br>Link: <a href=\"https:\/\/paginas.uepa.br\/ghemaz\/wp-content\/uploads\/2021\/10\/Livro-2020-01-Historia-da-Ciencia-no-Para-UEPA-2020.pdf\">https:\/\/paginas.uepa.br\/ghemaz\/wp-content\/uploads\/2021\/10\/Livro-2020-01-Historia-da-Ciencia-no-Para-UEPA-2020.pdf<\/a><br><\/li><li><strong>Prospec\u00e7\u00e3o de Problemas e Solu\u00e7\u00f5es nas Ci\u00eancias Matem\u00e1ticas<\/strong><br>Organizador: Am\u00e9rico Junior Nunes da Silva, Andr\u00e9 Ricardo Lucas Vieira<br>Cap\u00edtulo: <strong>Hist\u00f3ria e Ensino de Matem\u00e1tica: Resultados do uso de um Diagrama Metodol\u00f3gico na gradua\u00e7\u00e3o<\/strong><br>Autor: Jessie Heveny Saraiva Lima; Miguel Chaquiam<br>Link: <a href=\"https:\/\/paginas.uepa.br\/ghemaz\/wp-content\/uploads\/2021\/10\/Livro-2020-02-Jessie-Miguel.pdf\">https:\/\/paginas.uepa.br\/ghemaz\/wp-content\/uploads\/2021\/10\/Livro-2020-02-Jessie-Miguel.pdf<\/a><br><\/li><li><strong>Investiga\u00e7\u00e3o, constru\u00e7\u00e3o e difus\u00e3o do conhecimento em matem\u00e1tica<\/strong><br>Organizador: Jos\u00e9 Elyton Batista dos Santos<br>Cap\u00edtulo:<strong> O Bicenten\u00e1rio de George Gabriel Stokes (1819 \u2013 1903)<\/strong><br>Autor: Liliane Silva Nascimento Coelho; Ana Paula Nunes Felix; Miguel Chaquiam<br>Link: <a href=\"https:\/\/paginas.uepa.br\/ghemaz\/wp-content\/uploads\/2021\/10\/Livro-2020-03-Capitulo-Liliane-Coelho-Ana-Paulo-Felix-Miguel-Chaquiam.pdf\">https:\/\/paginas.uepa.br\/ghemaz\/wp-content\/uploads\/2021\/10\/Livro-2020-03-Capitulo-Liliane-Coelho-Ana-Paulo-Felix-Miguel-Chaquiam.pdf<\/a><\/li><\/ul>\n\n\n\n<p class=\"has-medium-font-size\"><strong>ANO &#8211; 2019<\/strong><\/p>\n\n\n\n<ul><li><strong>Fun\u00e7\u00f5es: uso desuso e reflexos no ensino<\/strong><br>Autor: Miguel Chaquiam; Natanael Freitas Cabral<br>Link: <a href=\"https:\/\/paginas.uepa.br\/ghemaz\/wp-content\/uploads\/2021\/10\/Livro-2019-01-Funcoes-Uso-Desuso-e-Reflexos-sobre-o-Ensino.pdf\">https:\/\/paginas.uepa.br\/ghemaz\/wp-content\/uploads\/2021\/10\/Livro-2019-01-Funcoes-Uso-Desuso-e-Reflexos-sobre-o-Ensino.pdf<\/a><\/li><\/ul>\n\n\n\n<p class=\"has-medium-font-size\"><strong>ANO &#8211; 2017<\/strong><\/p>\n\n\n\n<ul><li><strong>Ensaios Tem\u00e1ticos: Hist\u00f3ria e Matem\u00e1tica em Sala de Aula<\/strong><br>Autor: Miguel Chaquiam<br>Link: <a href=\"https:\/\/paginas.uepa.br\/ghemaz\/wp-content\/uploads\/2021\/10\/Livro-2017-01-Ensaios-Tematicos-Historia-e-Matematica-em-sala-de-aula.pdf\">https:\/\/paginas.uepa.br\/ghemaz\/wp-content\/uploads\/2021\/10\/Livro-2017-01-Ensaios-Tematicos-Historia-e-Matematica-em-sala-de-aula.pdf<\/a><br><\/li><li><strong>Sequ\u00eancias Did\u00e1ticas: Estrutura e Elabora\u00e7\u00e3o<\/strong><br>Autor: Natanael Freitas Cabral<br>Link: <a href=\"https:\/\/paginas.uepa.br\/ghemaz\/wp-content\/uploads\/2021\/10\/Livro-2017-02-Sequencias-Didaticas-Estrutura-e-Elaboracao.pdf\">https:\/\/paginas.uepa.br\/ghemaz\/wp-content\/uploads\/2021\/10\/Livro-2017-02-Sequencias-Didaticas-Estrutura-e-Elaboracao.pdf<\/a><\/li><\/ul>\n\n\n\n<p class=\"has-medium-font-size\"><strong>ANO &#8211; 2016<\/strong><\/p>\n\n\n\n<ul><li><strong>Hist\u00f3ria nas Aulas de Matem\u00e1tica: Fundamentos e Sugest\u00f5es<\/strong><br>Did\u00e1ticas para Professores<br>Autor: Iran Abreu Mendes; Miguel Chaquiam<br>Link: <a href=\"https:\/\/paginas.uepa.br\/ghemaz\/wp-content\/uploads\/2021\/10\/Livro-2016-01-Historia-nas-aulas-de-Matematica-Fundamentos-e-sugestoes-didaticas-para-professores-1.pdf\">https:\/\/paginas.uepa.br\/ghemaz\/wp-content\/uploads\/2021\/10\/Livro-2016-01-Historia-nas-aulas-de-Matematica-Fundamentos-e-sugestoes-didaticas-para-professores-1.pdf<\/a><\/li><\/ul>\n\n\n\n<p class=\"has-medium-font-size\"><strong>ANO &#8211; 2011<\/strong><\/p>\n\n\n\n<ul><li><strong>O racional, o irracional, o transcendente e o imagin\u00e1rio em<\/strong><br>Autor: Iran Abreu Mendes; Miguel Chaquiam<br>Link: <a href=\"https:\/\/paginas.uepa.br\/ghemaz\/wp-content\/uploads\/2021\/10\/Livro-2011-O-Racional-Irracional-Transcendente-Imaginario-em-e^pi-i-1-0-2011.pdf\">https:\/\/paginas.uepa.br\/ghemaz\/wp-content\/uploads\/2021\/10\/Livro-2011-O-Racional-Irracional-Transcendente-Imaginario-em-e^pi-i-1-0-2011.pdf<\/a><\/li><\/ul>\n","protected":false},"excerpt":{"rendered":"<p>ANO &#8211; 2021 O Olho do Mestre \u2013 Dez Livros-Textos Hist\u00f3ricosOrganizador: John Andrew FossaCap\u00edtulo: Constitui\u00e7\u00e3o do Conceito de Fun\u00e7\u00e3o e Generalidades por Leonhard Euler em Introductio in Analysis InfinitorumAutor: Miguel ChaquiamLink: https:\/\/paginas.uepa.br\/ghemaz\/wp-content\/uploads\/2021\/10\/Livro-2021-01-O-Olho-Mestre-Dez-livros-textos-histo\u0301ricos-Org-John-Fossa-Capitulo-Miguel-Chaquiam.pdf ANO &#8211; 2020 Hist\u00f3ria da Ci\u00eancia no Par\u00e1: t\u00f3picos, propostas e perspectivasOrganizador: Maria Dulcimar de Brito Silva; Andr\u00e9 Silva dos ReisCap\u00edtulo: Facetas da &hellip;<\/p>\n<p class=\"read-more\"> <a class=\"\" href=\"https:\/\/paginas.uepa.br\/ghemaz\/index.php\/livros\/\"> <span class=\"screen-reader-text\">Livros<\/span> Leia mais &raquo;<\/a><\/p>\n","protected":false},"author":1,"featured_media":0,"parent":0,"menu_order":0,"comment_status":"closed","ping_status":"closed","template":"","meta":{"_uag_custom_page_level_css":"","site-sidebar-layout":"default","site-content-layout":"default","ast-site-content-layout":"","site-content-style":"default","site-sidebar-style":"default","ast-global-header-display":"","ast-banner-title-visibility":"","ast-main-header-display":"","ast-hfb-above-header-display":"","ast-hfb-below-header-display":"","ast-hfb-mobile-header-display":"","site-post-title":"","ast-breadcrumbs-content":"","ast-featured-img":"","footer-sml-layout":"","theme-transparent-header-meta":"default","adv-header-id-meta":"","stick-header-meta":"","header-above-stick-meta":"","header-main-stick-meta":"","header-below-stick-meta":"","astra-migrate-meta-layouts":"","ast-page-background-enabled":"default","ast-page-background-meta":{"desktop":{"background-color":"","background-image":"","background-repeat":"repeat","background-position":"center center","background-size":"auto","background-attachment":"scroll","background-type":"","background-media":"","overlay-type":"","overlay-color":"","overlay-gradient":""},"tablet":{"background-color":"","background-image":"","background-repeat":"repeat","background-position":"center center","background-size":"auto","background-attachment":"scroll","background-type":"","background-media":"","overlay-type":"","overlay-color":"","overlay-gradient":""},"mobile":{"background-color":"","background-image":"","background-repeat":"repeat","background-position":"center center","background-size":"auto","background-attachment":"scroll","background-type":"","background-media":"","overlay-type":"","overlay-color":"","overlay-gradient":""}},"ast-content-background-meta":{"desktop":{"background-color":"var(--ast-global-color-5)","background-image":"","background-repeat":"repeat","background-position":"center center","background-size":"auto","background-attachment":"scroll","background-type":"","background-media":"","overlay-type":"","overlay-color":"","overlay-gradient":""},"tablet":{"background-color":"var(--ast-global-color-5)","background-image":"","background-repeat":"repeat","background-position":"center center","background-size":"auto","background-attachment":"scroll","background-type":"","background-media":"","overlay-type":"","overlay-color":"","overlay-gradient":""},"mobile":{"background-color":"var(--ast-global-color-5)","background-image":"","background-repeat":"repeat","background-position":"center center","background-size":"auto","background-attachment":"scroll","background-type":"","background-media":"","overlay-type":"","overlay-color":"","overlay-gradient":""}},"footnotes":""},"uagb_featured_image_src":{"full":false,"thumbnail":false,"medium":false,"medium_large":false,"large":false,"1536x1536":false,"2048x2048":false},"uagb_author_info":{"display_name":"admin@uepa.br","author_link":"https:\/\/paginas.uepa.br\/ghemaz\/index.php\/author\/adminuepa-br\/"},"uagb_comment_info":0,"uagb_excerpt":"ANO &#8211; 2021 O Olho do Mestre \u2013 Dez Livros-Textos Hist\u00f3ricosOrganizador: John Andrew FossaCap\u00edtulo: Constitui\u00e7\u00e3o do Conceito de Fun\u00e7\u00e3o e Generalidades por Leonhard Euler em Introductio in Analysis InfinitorumAutor: Miguel ChaquiamLink: https:\/\/paginas.uepa.br\/ghemaz\/wp-content\/uploads\/2021\/10\/Livro-2021-01-O-Olho-Mestre-Dez-livros-textos-histo\u0301ricos-Org-John-Fossa-Capitulo-Miguel-Chaquiam.pdf ANO &#8211; 2020 Hist\u00f3ria da Ci\u00eancia no Par\u00e1: t\u00f3picos, propostas e perspectivasOrganizador: Maria Dulcimar de Brito Silva; Andr\u00e9 Silva dos ReisCap\u00edtulo: Facetas da&hellip;","_links":{"self":[{"href":"https:\/\/paginas.uepa.br\/ghemaz\/index.php\/wp-json\/wp\/v2\/pages\/252"}],"collection":[{"href":"https:\/\/paginas.uepa.br\/ghemaz\/index.php\/wp-json\/wp\/v2\/pages"}],"about":[{"href":"https:\/\/paginas.uepa.br\/ghemaz\/index.php\/wp-json\/wp\/v2\/types\/page"}],"author":[{"embeddable":true,"href":"https:\/\/paginas.uepa.br\/ghemaz\/index.php\/wp-json\/wp\/v2\/users\/1"}],"replies":[{"embeddable":true,"href":"https:\/\/paginas.uepa.br\/ghemaz\/index.php\/wp-json\/wp\/v2\/comments?post=252"}],"version-history":[{"count":4,"href":"https:\/\/paginas.uepa.br\/ghemaz\/index.php\/wp-json\/wp\/v2\/pages\/252\/revisions"}],"predecessor-version":[{"id":299,"href":"https:\/\/paginas.uepa.br\/ghemaz\/index.php\/wp-json\/wp\/v2\/pages\/252\/revisions\/299"}],"wp:attachment":[{"href":"https:\/\/paginas.uepa.br\/ghemaz\/index.php\/wp-json\/wp\/v2\/media?parent=252"}],"curies":[{"name":"wp","href":"https:\/\/api.w.org\/{rel}","templated":true}]}}