{"id":20,"date":"2021-05-10T10:37:44","date_gmt":"2021-05-10T13:37:44","guid":{"rendered":"https:\/\/paginas.uepa.br\/ghemaz\/?page_id=20"},"modified":"2021-10-21T10:57:24","modified_gmt":"2021-10-21T13:57:24","slug":"contato","status":"publish","type":"page","link":"https:\/\/paginas.uepa.br\/ghemaz\/index.php\/contato\/","title":{"rendered":"Contato"},"content":{"rendered":"<p><strong>Coordenadores:<\/strong><\/p>\n<ul>\n<li>Prof. Dr. Miguel Chaquiam (UEPA)<br \/>\nE-mail: miguelchaquiam@gmail.com<br \/>\n<a href=\"http:\/\/buscatextual.cnpq.br\/buscatextual\/visualizacv.do?id=K4704882T0\">http:\/\/buscatextual.cnpq.br\/buscatextual\/visualizacv.do?id=K4704882T0<\/a><\/li>\n<li>Prof. Dr. Natanael Freitas Cabral (UEPA)<br \/>\nE-mail: natanfc61@yahoo.com.br<br \/>\n<a href=\"http:\/\/buscatextual.cnpq.br\/buscatextual\/visualizacv.do?id=K4559539U1\">http:\/\/buscatextual.cnpq.br\/buscatextual\/visualizacv.do?id=K4559539U1<\/a><\/li>\n<\/ul>\n<p><strong>Endere\u00e7o:<\/strong><br \/>\n<strong>GHEMAZ<br \/>\n<\/strong><strong>GRUPO DE PESQUISA EM HIST\u00d3RIA, EDUCA\u00c7\u00c3O E MATEM\u00c1TICA<\/strong><br \/>\nAvenida R\u00f4mulo Maiorana, 2019.<br \/>\n105 \u2013 A<br \/>\nBairro: Marco<br \/>\nBEL\u00c9M \u2013 PAR\u00c1 \u2013 BRASIL<br \/>\nCEP: 66.093-605<\/p>\n","protected":false},"excerpt":{"rendered":"<p>Coordenadores: Prof. Dr. Miguel Chaquiam (UEPA) E-mail: miguelchaquiam@gmail.com http:\/\/buscatextual.cnpq.br\/buscatextual\/visualizacv.do?id=K4704882T0 Prof. Dr. Natanael Freitas Cabral (UEPA) E-mail: natanfc61@yahoo.com.br http:\/\/buscatextual.cnpq.br\/buscatextual\/visualizacv.do?id=K4559539U1 Endere\u00e7o: GHEMAZ GRUPO DE PESQUISA EM HIST\u00d3RIA, EDUCA\u00c7\u00c3O E MATEM\u00c1TICA Avenida R\u00f4mulo Maiorana, 2019. 105 \u2013 A Bairro: Marco BEL\u00c9M \u2013 PAR\u00c1 \u2013 BRASIL CEP: 66.093-605<\/p>\n","protected":false},"author":1,"featured_media":0,"parent":0,"menu_order":0,"comment_status":"closed","ping_status":"closed","template":"","meta":{"_uag_custom_page_level_css":"","site-sidebar-layout":"default","site-content-layout":"default","ast-site-content-layout":"","site-content-style":"default","site-sidebar-style":"default","ast-global-header-display":"","ast-banner-title-visibility":"","ast-main-header-display":"","ast-hfb-above-header-display":"","ast-hfb-below-header-display":"","ast-hfb-mobile-header-display":"","site-post-title":"","ast-breadcrumbs-content":"","ast-featured-img":"","footer-sml-layout":"","theme-transparent-header-meta":"default","adv-header-id-meta":"","stick-header-meta":"","header-above-stick-meta":"","header-main-stick-meta":"","header-below-stick-meta":"","astra-migrate-meta-layouts":"","ast-page-background-enabled":"default","ast-page-background-meta":{"desktop":{"background-color":"","background-image":"","background-repeat":"repeat","background-position":"center center","background-size":"auto","background-attachment":"scroll","background-type":"","background-media":"","overlay-type":"","overlay-color":"","overlay-gradient":""},"tablet":{"background-color":"","background-image":"","background-repeat":"repeat","background-position":"center center","background-size":"auto","background-attachment":"scroll","background-type":"","background-media":"","overlay-type":"","overlay-color":"","overlay-gradient":""},"mobile":{"background-color":"","background-image":"","background-repeat":"repeat","background-position":"center center","background-size":"auto","background-attachment":"scroll","background-type":"","background-media":"","overlay-type":"","overlay-color":"","overlay-gradient":""}},"ast-content-background-meta":{"desktop":{"background-color":"var(--ast-global-color-5)","background-image":"","background-repeat":"repeat","background-position":"center center","background-size":"auto","background-attachment":"scroll","background-type":"","background-media":"","overlay-type":"","overlay-color":"","overlay-gradient":""},"tablet":{"background-color":"var(--ast-global-color-5)","background-image":"","background-repeat":"repeat","background-position":"center center","background-size":"auto","background-attachment":"scroll","background-type":"","background-media":"","overlay-type":"","overlay-color":"","overlay-gradient":""},"mobile":{"background-color":"var(--ast-global-color-5)","background-image":"","background-repeat":"repeat","background-position":"center center","background-size":"auto","background-attachment":"scroll","background-type":"","background-media":"","overlay-type":"","overlay-color":"","overlay-gradient":""}},"footnotes":""},"uagb_featured_image_src":{"full":false,"thumbnail":false,"medium":false,"medium_large":false,"large":false,"1536x1536":false,"2048x2048":false},"uagb_author_info":{"display_name":"admin@uepa.br","author_link":"https:\/\/paginas.uepa.br\/ghemaz\/index.php\/author\/adminuepa-br\/"},"uagb_comment_info":0,"uagb_excerpt":"Coordenadores: Prof. Dr. Miguel Chaquiam (UEPA) E-mail: miguelchaquiam@gmail.com http:\/\/buscatextual.cnpq.br\/buscatextual\/visualizacv.do?id=K4704882T0 Prof. Dr. Natanael Freitas Cabral (UEPA) E-mail: natanfc61@yahoo.com.br http:\/\/buscatextual.cnpq.br\/buscatextual\/visualizacv.do?id=K4559539U1 Endere\u00e7o: GHEMAZ GRUPO DE PESQUISA EM HIST\u00d3RIA, EDUCA\u00c7\u00c3O E MATEM\u00c1TICA Avenida R\u00f4mulo Maiorana, 2019. 105 \u2013 A Bairro: Marco BEL\u00c9M \u2013 PAR\u00c1 \u2013 BRASIL CEP: 66.093-605","_links":{"self":[{"href":"https:\/\/paginas.uepa.br\/ghemaz\/index.php\/wp-json\/wp\/v2\/pages\/20"}],"collection":[{"href":"https:\/\/paginas.uepa.br\/ghemaz\/index.php\/wp-json\/wp\/v2\/pages"}],"about":[{"href":"https:\/\/paginas.uepa.br\/ghemaz\/index.php\/wp-json\/wp\/v2\/types\/page"}],"author":[{"embeddable":true,"href":"https:\/\/paginas.uepa.br\/ghemaz\/index.php\/wp-json\/wp\/v2\/users\/1"}],"replies":[{"embeddable":true,"href":"https:\/\/paginas.uepa.br\/ghemaz\/index.php\/wp-json\/wp\/v2\/comments?post=20"}],"version-history":[{"count":4,"href":"https:\/\/paginas.uepa.br\/ghemaz\/index.php\/wp-json\/wp\/v2\/pages\/20\/revisions"}],"predecessor-version":[{"id":318,"href":"https:\/\/paginas.uepa.br\/ghemaz\/index.php\/wp-json\/wp\/v2\/pages\/20\/revisions\/318"}],"wp:attachment":[{"href":"https:\/\/paginas.uepa.br\/ghemaz\/index.php\/wp-json\/wp\/v2\/media?parent=20"}],"curies":[{"name":"wp","href":"https:\/\/api.w.org\/{rel}","templated":true}]}}