{"id":19,"date":"2021-05-10T10:37:44","date_gmt":"2021-05-10T13:37:44","guid":{"rendered":"https:\/\/paginas.uepa.br\/ghemaz\/?page_id=19"},"modified":"2021-10-07T10:48:10","modified_gmt":"2021-10-07T13:48:10","slug":"internacional","status":"publish","type":"page","link":"https:\/\/paginas.uepa.br\/ghemaz\/index.php\/internacional\/","title":{"rendered":"Internacional"},"content":{"rendered":"<ul>\n<li>VIII Semin\u00e1rio Internacional de Pesquisa em Educa\u00e7\u00e3o Matem\u00e1tica<br \/>\n(SIPEM)<br \/>\nLocal: Online | Universidade Federal de Uberl\u00e2ndia (MG)<br \/>\nPer\u00edodo: 22 a 27 de novembro de 2021<br \/>\nSite: <a href=\"https:\/\/sites.google.com\/view\/viiisipem\">https:\/\/sites.google.com\/view\/viiisipem<\/a><\/li>\n<li>Encontro Internacional \u201cInova\u00e7\u00e3o no Ensino da Matem\u00e1tica e das<br \/>\nCi\u00eancias 2022 (IEMC 2022)<br \/>\nLocal: Presencial | Escola Superior de Educa\u00e7\u00e3o de Santar\u00e9m (PA)<br \/>\nPer\u00edodo: 1 e 12 de mar\u00e7o de 2022<br \/>\nSite: <a href=\"https:\/\/encontroiemc.wixsite.com\/iemc2022\">https:\/\/encontroiemc.wixsite.com\/iemc2022<\/a><\/li>\n<li>IX Congreso Iberoamericano de Educaci\u00f3n Matem\u00e1tica (IX CIBEM)<br \/>\nLocal: Presencial | PUC-SP<br \/>\nPer\u00edodo: 05 a 098 de dezembro de 2022<br \/>\nSite: <a href=\"https:\/\/www.pucsp.br\/es.cibem2022\/home\">https:\/\/www.pucsp.br\/es.cibem2022\/home<\/a><\/li>\n<\/ul>\n","protected":false},"excerpt":{"rendered":"<p>VIII Semin\u00e1rio Internacional de Pesquisa em Educa\u00e7\u00e3o Matem\u00e1tica (SIPEM) Local: Online | Universidade Federal de Uberl\u00e2ndia (MG) Per\u00edodo: 22 a 27 de novembro de 2021 Site: https:\/\/sites.google.com\/view\/viiisipem Encontro Internacional \u201cInova\u00e7\u00e3o no Ensino da Matem\u00e1tica e das Ci\u00eancias 2022 (IEMC 2022) Local: Presencial | Escola Superior de Educa\u00e7\u00e3o de Santar\u00e9m (PA) Per\u00edodo: 1 e 12 de &hellip;<\/p>\n<p class=\"read-more\"> <a class=\"\" href=\"https:\/\/paginas.uepa.br\/ghemaz\/index.php\/internacional\/\"> <span class=\"screen-reader-text\">Internacional<\/span> Leia mais &raquo;<\/a><\/p>\n","protected":false},"author":1,"featured_media":0,"parent":0,"menu_order":0,"comment_status":"closed","ping_status":"closed","template":"","meta":{"_uag_custom_page_level_css":"","site-sidebar-layout":"default","site-content-layout":"default","ast-site-content-layout":"","site-content-style":"default","site-sidebar-style":"default","ast-global-header-display":"","ast-banner-title-visibility":"","ast-main-header-display":"","ast-hfb-above-header-display":"","ast-hfb-below-header-display":"","ast-hfb-mobile-header-display":"","site-post-title":"","ast-breadcrumbs-content":"","ast-featured-img":"","footer-sml-layout":"","theme-transparent-header-meta":"default","adv-header-id-meta":"","stick-header-meta":"","header-above-stick-meta":"","header-main-stick-meta":"","header-below-stick-meta":"","astra-migrate-meta-layouts":"","ast-page-background-enabled":"default","ast-page-background-meta":{"desktop":{"background-color":"","background-image":"","background-repeat":"repeat","background-position":"center center","background-size":"auto","background-attachment":"scroll","background-type":"","background-media":"","overlay-type":"","overlay-color":"","overlay-gradient":""},"tablet":{"background-color":"","background-image":"","background-repeat":"repeat","background-position":"center center","background-size":"auto","background-attachment":"scroll","background-type":"","background-media":"","overlay-type":"","overlay-color":"","overlay-gradient":""},"mobile":{"background-color":"","background-image":"","background-repeat":"repeat","background-position":"center center","background-size":"auto","background-attachment":"scroll","background-type":"","background-media":"","overlay-type":"","overlay-color":"","overlay-gradient":""}},"ast-content-background-meta":{"desktop":{"background-color":"var(--ast-global-color-5)","background-image":"","background-repeat":"repeat","background-position":"center center","background-size":"auto","background-attachment":"scroll","background-type":"","background-media":"","overlay-type":"","overlay-color":"","overlay-gradient":""},"tablet":{"background-color":"var(--ast-global-color-5)","background-image":"","background-repeat":"repeat","background-position":"center center","background-size":"auto","background-attachment":"scroll","background-type":"","background-media":"","overlay-type":"","overlay-color":"","overlay-gradient":""},"mobile":{"background-color":"var(--ast-global-color-5)","background-image":"","background-repeat":"repeat","background-position":"center center","background-size":"auto","background-attachment":"scroll","background-type":"","background-media":"","overlay-type":"","overlay-color":"","overlay-gradient":""}},"footnotes":""},"uagb_featured_image_src":{"full":false,"thumbnail":false,"medium":false,"medium_large":false,"large":false,"1536x1536":false,"2048x2048":false},"uagb_author_info":{"display_name":"admin@uepa.br","author_link":"https:\/\/paginas.uepa.br\/ghemaz\/index.php\/author\/adminuepa-br\/"},"uagb_comment_info":0,"uagb_excerpt":"VIII Semin\u00e1rio Internacional de Pesquisa em Educa\u00e7\u00e3o Matem\u00e1tica (SIPEM) Local: Online | Universidade Federal de Uberl\u00e2ndia (MG) Per\u00edodo: 22 a 27 de novembro de 2021 Site: https:\/\/sites.google.com\/view\/viiisipem Encontro Internacional \u201cInova\u00e7\u00e3o no Ensino da Matem\u00e1tica e das Ci\u00eancias 2022 (IEMC 2022) Local: Presencial | Escola Superior de Educa\u00e7\u00e3o de Santar\u00e9m (PA) Per\u00edodo: 1 e 12 de&hellip;","_links":{"self":[{"href":"https:\/\/paginas.uepa.br\/ghemaz\/index.php\/wp-json\/wp\/v2\/pages\/19"}],"collection":[{"href":"https:\/\/paginas.uepa.br\/ghemaz\/index.php\/wp-json\/wp\/v2\/pages"}],"about":[{"href":"https:\/\/paginas.uepa.br\/ghemaz\/index.php\/wp-json\/wp\/v2\/types\/page"}],"author":[{"embeddable":true,"href":"https:\/\/paginas.uepa.br\/ghemaz\/index.php\/wp-json\/wp\/v2\/users\/1"}],"replies":[{"embeddable":true,"href":"https:\/\/paginas.uepa.br\/ghemaz\/index.php\/wp-json\/wp\/v2\/comments?post=19"}],"version-history":[{"count":3,"href":"https:\/\/paginas.uepa.br\/ghemaz\/index.php\/wp-json\/wp\/v2\/pages\/19\/revisions"}],"predecessor-version":[{"id":313,"href":"https:\/\/paginas.uepa.br\/ghemaz\/index.php\/wp-json\/wp\/v2\/pages\/19\/revisions\/313"}],"wp:attachment":[{"href":"https:\/\/paginas.uepa.br\/ghemaz\/index.php\/wp-json\/wp\/v2\/media?parent=19"}],"curies":[{"name":"wp","href":"https:\/\/api.w.org\/{rel}","templated":true}]}}