{"id":18,"date":"2021-05-10T10:37:44","date_gmt":"2021-05-10T13:37:44","guid":{"rendered":"https:\/\/paginas.uepa.br\/ghemaz\/?page_id=18"},"modified":"2021-10-07T10:45:04","modified_gmt":"2021-10-07T13:45:04","slug":"nacional","status":"publish","type":"page","link":"https:\/\/paginas.uepa.br\/ghemaz\/index.php\/nacional\/","title":{"rendered":"Nacional"},"content":{"rendered":"<ul>\n<li>XXV Encontro Brasileiro de Estudantes de P\u00f3s-Gradua\u00e7\u00e3o em<br \/>\nEduca\u00e7\u00e3o Matem\u00e1tica (XV EBRAPEM)<br \/>\nLocal: Virtual | Organiza\u00e7\u00e3o UEPB \u2013 Campina Grande (PB)<br \/>\nPer\u00edodo: 16 a 19 de novembro de 2021<br \/>\nSite: <a href=\"https:\/\/www.even3.com.br\/xxvebrapem\/\">https:\/\/www.even3.com.br\/xxvebrapem\/<\/a><\/li>\n<li>XIV Encontro Nacional de Educa\u00e7\u00e3o Matem\u00e1tica (XIV ENEM)<br \/>\nEduca\u00e7\u00e3o Matem\u00e1tica: Escola e Doc\u00eancia: o que nos trouxe Ubiratan D\u2019Ambrosio<br \/>\nLocal: Virtual | Organiza\u00e7\u00e3o SBEM AC, AM, AP, CE e DNE<br \/>\nPer\u00edodo: 11 a 15 de julho de 2022<br \/>\nSite: Aguardem mais informa\u00e7\u00f5es.<\/li>\n<\/ul>\n","protected":false},"excerpt":{"rendered":"<p>XXV Encontro Brasileiro de Estudantes de P\u00f3s-Gradua\u00e7\u00e3o em Educa\u00e7\u00e3o Matem\u00e1tica (XV EBRAPEM) Local: Virtual | Organiza\u00e7\u00e3o UEPB \u2013 Campina Grande (PB) Per\u00edodo: 16 a 19 de novembro de 2021 Site: https:\/\/www.even3.com.br\/xxvebrapem\/ XIV Encontro Nacional de Educa\u00e7\u00e3o Matem\u00e1tica (XIV ENEM) Educa\u00e7\u00e3o Matem\u00e1tica: Escola e Doc\u00eancia: o que nos trouxe Ubiratan D\u2019Ambrosio Local: Virtual | Organiza\u00e7\u00e3o SBEM &hellip;<\/p>\n<p class=\"read-more\"> <a class=\"\" href=\"https:\/\/paginas.uepa.br\/ghemaz\/index.php\/nacional\/\"> <span class=\"screen-reader-text\">Nacional<\/span> Leia mais &raquo;<\/a><\/p>\n","protected":false},"author":1,"featured_media":0,"parent":0,"menu_order":0,"comment_status":"closed","ping_status":"closed","template":"","meta":{"_uag_custom_page_level_css":"","site-sidebar-layout":"default","site-content-layout":"default","ast-site-content-layout":"","site-content-style":"default","site-sidebar-style":"default","ast-global-header-display":"","ast-banner-title-visibility":"","ast-main-header-display":"","ast-hfb-above-header-display":"","ast-hfb-below-header-display":"","ast-hfb-mobile-header-display":"","site-post-title":"","ast-breadcrumbs-content":"","ast-featured-img":"","footer-sml-layout":"","theme-transparent-header-meta":"default","adv-header-id-meta":"","stick-header-meta":"","header-above-stick-meta":"","header-main-stick-meta":"","header-below-stick-meta":"","astra-migrate-meta-layouts":"","ast-page-background-enabled":"default","ast-page-background-meta":{"desktop":{"background-color":"","background-image":"","background-repeat":"repeat","background-position":"center center","background-size":"auto","background-attachment":"scroll","background-type":"","background-media":"","overlay-type":"","overlay-color":"","overlay-gradient":""},"tablet":{"background-color":"","background-image":"","background-repeat":"repeat","background-position":"center center","background-size":"auto","background-attachment":"scroll","background-type":"","background-media":"","overlay-type":"","overlay-color":"","overlay-gradient":""},"mobile":{"background-color":"","background-image":"","background-repeat":"repeat","background-position":"center center","background-size":"auto","background-attachment":"scroll","background-type":"","background-media":"","overlay-type":"","overlay-color":"","overlay-gradient":""}},"ast-content-background-meta":{"desktop":{"background-color":"var(--ast-global-color-5)","background-image":"","background-repeat":"repeat","background-position":"center center","background-size":"auto","background-attachment":"scroll","background-type":"","background-media":"","overlay-type":"","overlay-color":"","overlay-gradient":""},"tablet":{"background-color":"var(--ast-global-color-5)","background-image":"","background-repeat":"repeat","background-position":"center center","background-size":"auto","background-attachment":"scroll","background-type":"","background-media":"","overlay-type":"","overlay-color":"","overlay-gradient":""},"mobile":{"background-color":"var(--ast-global-color-5)","background-image":"","background-repeat":"repeat","background-position":"center center","background-size":"auto","background-attachment":"scroll","background-type":"","background-media":"","overlay-type":"","overlay-color":"","overlay-gradient":""}},"footnotes":""},"uagb_featured_image_src":{"full":false,"thumbnail":false,"medium":false,"medium_large":false,"large":false,"1536x1536":false,"2048x2048":false},"uagb_author_info":{"display_name":"admin@uepa.br","author_link":"https:\/\/paginas.uepa.br\/ghemaz\/index.php\/author\/adminuepa-br\/"},"uagb_comment_info":0,"uagb_excerpt":"XXV Encontro Brasileiro de Estudantes de P\u00f3s-Gradua\u00e7\u00e3o em Educa\u00e7\u00e3o Matem\u00e1tica (XV EBRAPEM) Local: Virtual | Organiza\u00e7\u00e3o UEPB \u2013 Campina Grande (PB) Per\u00edodo: 16 a 19 de novembro de 2021 Site: https:\/\/www.even3.com.br\/xxvebrapem\/ XIV Encontro Nacional de Educa\u00e7\u00e3o Matem\u00e1tica (XIV ENEM) Educa\u00e7\u00e3o Matem\u00e1tica: Escola e Doc\u00eancia: o que nos trouxe Ubiratan D\u2019Ambrosio Local: Virtual | Organiza\u00e7\u00e3o SBEM&hellip;","_links":{"self":[{"href":"https:\/\/paginas.uepa.br\/ghemaz\/index.php\/wp-json\/wp\/v2\/pages\/18"}],"collection":[{"href":"https:\/\/paginas.uepa.br\/ghemaz\/index.php\/wp-json\/wp\/v2\/pages"}],"about":[{"href":"https:\/\/paginas.uepa.br\/ghemaz\/index.php\/wp-json\/wp\/v2\/types\/page"}],"author":[{"embeddable":true,"href":"https:\/\/paginas.uepa.br\/ghemaz\/index.php\/wp-json\/wp\/v2\/users\/1"}],"replies":[{"embeddable":true,"href":"https:\/\/paginas.uepa.br\/ghemaz\/index.php\/wp-json\/wp\/v2\/comments?post=18"}],"version-history":[{"count":3,"href":"https:\/\/paginas.uepa.br\/ghemaz\/index.php\/wp-json\/wp\/v2\/pages\/18\/revisions"}],"predecessor-version":[{"id":311,"href":"https:\/\/paginas.uepa.br\/ghemaz\/index.php\/wp-json\/wp\/v2\/pages\/18\/revisions\/311"}],"wp:attachment":[{"href":"https:\/\/paginas.uepa.br\/ghemaz\/index.php\/wp-json\/wp\/v2\/media?parent=18"}],"curies":[{"name":"wp","href":"https:\/\/api.w.org\/{rel}","templated":true}]}}