{"id":11,"date":"2021-05-10T10:37:44","date_gmt":"2021-05-10T13:37:44","guid":{"rendered":"https:\/\/paginas.uepa.br\/ghemaz\/?page_id=11"},"modified":"2021-10-21T11:02:25","modified_gmt":"2021-10-21T14:02:25","slug":"componentes","status":"publish","type":"page","link":"https:\/\/paginas.uepa.br\/ghemaz\/index.php\/componentes\/","title":{"rendered":"Componentes"},"content":{"rendered":"<p><strong>Ingresso no GHEMAZ<\/strong><\/p>\n<ul>\n<li>Alunos da gradua\u00e7\u00e3o e p\u00f3s-gradua\u00e7\u00e3o devem entrar em contato com os coordenadores do grupo.<\/li>\n<li style=\"text-align: justify;\">Alunos do Programa de P\u00f3s-Gradua\u00e7\u00e3o em Ensino de Matem\u00e1tica, orientandos dos coordenadores ou dos pesquisadores do grupo, ingresso autom\u00e1tico e participa\u00e7\u00e3o obrigat\u00f3ria<\/li>\n<\/ul>\n<p><strong>Atuais:<\/strong><\/p>\n<ul>\n<li>AGNES ROCHA DE OLIVEIRA<\/li>\n<li>ANDR\u00c9A REGINA HENRIQUES DE MEDEIROS<\/li>\n<li>ALAILSON SILVA DE LIRA<\/li>\n<li>ANA CAROLINA COSTA PEREIRA<\/li>\n<li>ANA PAULA NASCIMENTO PEGADO COUTO<\/li>\n<li>ANTONIA NAIARA DE SOUSA BATISTA<\/li>\n<li>EDNA MACHADO DA SILVA<\/li>\n<li>ERNANI SOEIRO DA COSTA<\/li>\n<li>EUGENIANO BRITO MARTINS<\/li>\n<li>FABIO BARROS GON\u00c7ALVES<\/li>\n<li>GUSTAVO NOGUEIRA DIAS<\/li>\n<li>ISABELLE COELHO DA SILVA<\/li>\n<li>JESSIE HEVENY SARAIVA LIMA<\/li>\n<li>LUCAS ANTONIO MENDES DE LIMA<\/li>\n<li>MARCONI AUGUSTO POCK DE OLIVEIRA<\/li>\n<li>MARCOS FABR\u00cdCIO FERREIRA PEREIRA<\/li>\n<li>MARCOS ROBERTO BERREDO DA SILVA<\/li>\n<li>MIGUEL CHAQUIAM<\/li>\n<li>NATANAEL FREITAS CABRAL<\/li>\n<li>PAULO FERREIRA DA GAMA<\/li>\n<li>RENAN MARCELO DA COSTA DIAS<\/li>\n<li>SANDRA REGINA FIGUEIREDO DE MIRANDA<\/li>\n<li>VERACIV BRABO DE VASCONCELOS<\/li>\n<\/ul>\n<p><strong>Egressos:<\/strong><\/p>\n<ul>\n<li>ADREAN BRASIL FORTES<\/li>\n<li>ADRIANO SILVA DE SOUZA<\/li>\n<li>ALUZIMARA NOGUEIRA BEZERRA<\/li>\n<li>CL\u00c1UDIA GON\u00c7ALVES BALBINO<\/li>\n<li>DESIR\u00c8E O NASSIS CANUTO PONTES<\/li>\n<li>ELVIN MATHEUS SOUSA DA SILVA<\/li>\n<li>JESIRREILA MELO SOUZA DO NASCIMENTO<\/li>\n<li>JOYCE DINIZ DE SOUZA<\/li>\n<li>LUIZ HENRIQUE SARAIVA MIRANDA<\/li>\n<li>MARIA PAULA DUARTE O\u2019 DE ALMEIDA<\/li>\n<li>MARLO COSTA DOS SANTOS<\/li>\n<li>MAURICIO FERREIRA TORRES<\/li>\n<li>MAYARA GABRIELLA GRANGEIRO PEREIRA<\/li>\n<li>PAULO RICARDO SANTOS DE MOURA<\/li>\n<li>R\u00d4MULO DUARTE DE SOUZA<\/li>\n<li>THAYS DE SOUZA BORGES<\/li>\n<li>THAIS LORENA MELO FREITAS<\/li>\n<li>VANESSA DA SILVA DAMASCENO<\/li>\n<li>ZENILDA BOTTI FERNANDES<\/li>\n<\/ul>\n","protected":false},"excerpt":{"rendered":"<p>Ingresso no GHEMAZ Alunos da gradua\u00e7\u00e3o e p\u00f3s-gradua\u00e7\u00e3o devem entrar em contato com os coordenadores do grupo. Alunos do Programa de P\u00f3s-Gradua\u00e7\u00e3o em Ensino de Matem\u00e1tica, orientandos dos coordenadores ou dos pesquisadores do grupo, ingresso autom\u00e1tico e participa\u00e7\u00e3o obrigat\u00f3ria Atuais: AGNES ROCHA DE OLIVEIRA ANDR\u00c9A REGINA HENRIQUES DE MEDEIROS ALAILSON SILVA DE LIRA ANA CAROLINA &hellip;<\/p>\n<p class=\"read-more\"> <a class=\"\" href=\"https:\/\/paginas.uepa.br\/ghemaz\/index.php\/componentes\/\"> <span class=\"screen-reader-text\">Componentes<\/span> Leia mais &raquo;<\/a><\/p>\n","protected":false},"author":1,"featured_media":0,"parent":0,"menu_order":0,"comment_status":"closed","ping_status":"closed","template":"","meta":{"_uag_custom_page_level_css":"","site-sidebar-layout":"default","site-content-layout":"default","ast-site-content-layout":"","site-content-style":"default","site-sidebar-style":"default","ast-global-header-display":"","ast-banner-title-visibility":"","ast-main-header-display":"","ast-hfb-above-header-display":"","ast-hfb-below-header-display":"","ast-hfb-mobile-header-display":"","site-post-title":"","ast-breadcrumbs-content":"","ast-featured-img":"","footer-sml-layout":"","theme-transparent-header-meta":"default","adv-header-id-meta":"","stick-header-meta":"","header-above-stick-meta":"","header-main-stick-meta":"","header-below-stick-meta":"","astra-migrate-meta-layouts":"","ast-page-background-enabled":"default","ast-page-background-meta":{"desktop":{"background-color":"","background-image":"","background-repeat":"repeat","background-position":"center center","background-size":"auto","background-attachment":"scroll","background-type":"","background-media":"","overlay-type":"","overlay-color":"","overlay-gradient":""},"tablet":{"background-color":"","background-image":"","background-repeat":"repeat","background-position":"center center","background-size":"auto","background-attachment":"scroll","background-type":"","background-media":"","overlay-type":"","overlay-color":"","overlay-gradient":""},"mobile":{"background-color":"","background-image":"","background-repeat":"repeat","background-position":"center center","background-size":"auto","background-attachment":"scroll","background-type":"","background-media":"","overlay-type":"","overlay-color":"","overlay-gradient":""}},"ast-content-background-meta":{"desktop":{"background-color":"var(--ast-global-color-5)","background-image":"","background-repeat":"repeat","background-position":"center center","background-size":"auto","background-attachment":"scroll","background-type":"","background-media":"","overlay-type":"","overlay-color":"","overlay-gradient":""},"tablet":{"background-color":"var(--ast-global-color-5)","background-image":"","background-repeat":"repeat","background-position":"center center","background-size":"auto","background-attachment":"scroll","background-type":"","background-media":"","overlay-type":"","overlay-color":"","overlay-gradient":""},"mobile":{"background-color":"var(--ast-global-color-5)","background-image":"","background-repeat":"repeat","background-position":"center center","background-size":"auto","background-attachment":"scroll","background-type":"","background-media":"","overlay-type":"","overlay-color":"","overlay-gradient":""}},"footnotes":""},"uagb_featured_image_src":{"full":false,"thumbnail":false,"medium":false,"medium_large":false,"large":false,"1536x1536":false,"2048x2048":false},"uagb_author_info":{"display_name":"admin@uepa.br","author_link":"https:\/\/paginas.uepa.br\/ghemaz\/index.php\/author\/adminuepa-br\/"},"uagb_comment_info":0,"uagb_excerpt":"Ingresso no GHEMAZ Alunos da gradua\u00e7\u00e3o e p\u00f3s-gradua\u00e7\u00e3o devem entrar em contato com os coordenadores do grupo. Alunos do Programa de P\u00f3s-Gradua\u00e7\u00e3o em Ensino de Matem\u00e1tica, orientandos dos coordenadores ou dos pesquisadores do grupo, ingresso autom\u00e1tico e participa\u00e7\u00e3o obrigat\u00f3ria Atuais: AGNES ROCHA DE OLIVEIRA ANDR\u00c9A REGINA HENRIQUES DE MEDEIROS ALAILSON SILVA DE LIRA ANA CAROLINA&hellip;","_links":{"self":[{"href":"https:\/\/paginas.uepa.br\/ghemaz\/index.php\/wp-json\/wp\/v2\/pages\/11"}],"collection":[{"href":"https:\/\/paginas.uepa.br\/ghemaz\/index.php\/wp-json\/wp\/v2\/pages"}],"about":[{"href":"https:\/\/paginas.uepa.br\/ghemaz\/index.php\/wp-json\/wp\/v2\/types\/page"}],"author":[{"embeddable":true,"href":"https:\/\/paginas.uepa.br\/ghemaz\/index.php\/wp-json\/wp\/v2\/users\/1"}],"replies":[{"embeddable":true,"href":"https:\/\/paginas.uepa.br\/ghemaz\/index.php\/wp-json\/wp\/v2\/comments?post=11"}],"version-history":[{"count":3,"href":"https:\/\/paginas.uepa.br\/ghemaz\/index.php\/wp-json\/wp\/v2\/pages\/11\/revisions"}],"predecessor-version":[{"id":323,"href":"https:\/\/paginas.uepa.br\/ghemaz\/index.php\/wp-json\/wp\/v2\/pages\/11\/revisions\/323"}],"wp:attachment":[{"href":"https:\/\/paginas.uepa.br\/ghemaz\/index.php\/wp-json\/wp\/v2\/media?parent=11"}],"curies":[{"name":"wp","href":"https:\/\/api.w.org\/{rel}","templated":true}]}}