{"id":10,"date":"2021-05-10T10:37:44","date_gmt":"2021-05-10T13:37:44","guid":{"rendered":"https:\/\/paginas.uepa.br\/ghemaz\/?page_id=10"},"modified":"2021-10-21T11:01:42","modified_gmt":"2021-10-21T14:01:42","slug":"objetivos","status":"publish","type":"page","link":"https:\/\/paginas.uepa.br\/ghemaz\/index.php\/objetivos\/","title":{"rendered":"Objetivos"},"content":{"rendered":"<p style=\"text-align: justify;\">O Grupo de Pesquisa em Hist\u00f3ria, Educa\u00e7\u00e3o e Matem\u00e1tica na Amaz\u00f4nia (GHEMAZ) foi criado com a finalidade de desenvolver estudos e pesquisas sobre Hist\u00f3ria, Educa\u00e7\u00e3o e Matem\u00e1tica, considerando suas interfaces e a constru\u00e7\u00e3o de di\u00e1logos entre essas diferentes \u00e1reas do conhecimento, al\u00e9m de efetuar o resgate da mem\u00f3ria individual, coletiva e institucional e a constitui\u00e7\u00e3o hist\u00f3rica da educa\u00e7\u00e3o de modo a subsidiar a compreens\u00e3o e a an\u00e1lise das concep\u00e7\u00f5es e pr\u00e1ticas educacionais, particularmente, na regi\u00e3o Amaz\u00f4nica. Complementarmente, as a\u00e7\u00f5es convergem para a an\u00e1lise e produ\u00e7\u00e3o de estrat\u00e9gias, metodologias e materiais instrucionais com o intuito de contribuir para a melhoria do processo de ensino e aprendizagem da Matem\u00e1tica, em especial, na regi\u00e3o Amaz\u00f4nica.<br \/>\n<strong><br \/>\nAtualmente o grupo desenvolve pesquisas em:<\/strong><\/p>\n<ul>\n<li>Hist\u00f3ria da Matem\u00e1tica;<\/li>\n<li>Hist\u00f3ria da Educa\u00e7\u00e3o Matem\u00e1tica, em particular, no Par\u00e1;<\/li>\n<li>Hist\u00f3ria da Matem\u00e1tica em sala de aula;<\/li>\n<li>Hist\u00f3ria das Institui\u00e7\u00f5es de Ensino, em particular, institui\u00e7\u00f5es paraenses;<\/li>\n<li>Hist\u00f3ria de cientistas paraenses;<\/li>\n<li>Hist\u00f3ria de professores que ensinaram Matem\u00e1tica no Par\u00e1;<\/li>\n<li>Identificar, preservar e divulgar fontes hist\u00f3ricas relacionadas \u00e0 Matem\u00e1tica e Educa\u00e7\u00e3o Matem\u00e1tica, em especial, da Amaz\u00f4nia;<\/li>\n<li>An\u00e1lise de fen\u00f4menos did\u00e1ticos ligados ao processo de ensino e aprendizagem de conceitos e estrat\u00e9gias relacionados aos objetos matem\u00e1ticos;<\/li>\n<li>Propostas para forma\u00e7\u00e3o de professores e melhoria do processo de ensino e de aprendizagem da Matem\u00e1tica;<\/li>\n<li>Sequ\u00eancias did\u00e1ticas para o ensino de Matem\u00e1tica;<\/li>\n<li>T\u00f3picos de Matem\u00e1tica e seu ensino.<\/li>\n<\/ul>\n","protected":false},"excerpt":{"rendered":"<p>O Grupo de Pesquisa em Hist\u00f3ria, Educa\u00e7\u00e3o e Matem\u00e1tica na Amaz\u00f4nia (GHEMAZ) foi criado com a finalidade de desenvolver estudos e pesquisas sobre Hist\u00f3ria, Educa\u00e7\u00e3o e Matem\u00e1tica, considerando suas interfaces e a constru\u00e7\u00e3o de di\u00e1logos entre essas diferentes \u00e1reas do conhecimento, al\u00e9m de efetuar o resgate da mem\u00f3ria individual, coletiva e institucional e a constitui\u00e7\u00e3o &hellip;<\/p>\n<p class=\"read-more\"> <a class=\"\" href=\"https:\/\/paginas.uepa.br\/ghemaz\/index.php\/objetivos\/\"> <span class=\"screen-reader-text\">Objetivos<\/span> Leia mais &raquo;<\/a><\/p>\n","protected":false},"author":1,"featured_media":0,"parent":0,"menu_order":0,"comment_status":"closed","ping_status":"closed","template":"","meta":{"_uag_custom_page_level_css":"","site-sidebar-layout":"default","site-content-layout":"default","ast-site-content-layout":"","site-content-style":"default","site-sidebar-style":"default","ast-global-header-display":"","ast-banner-title-visibility":"","ast-main-header-display":"","ast-hfb-above-header-display":"","ast-hfb-below-header-display":"","ast-hfb-mobile-header-display":"","site-post-title":"","ast-breadcrumbs-content":"","ast-featured-img":"","footer-sml-layout":"","theme-transparent-header-meta":"default","adv-header-id-meta":"","stick-header-meta":"","header-above-stick-meta":"","header-main-stick-meta":"","header-below-stick-meta":"","astra-migrate-meta-layouts":"","ast-page-background-enabled":"default","ast-page-background-meta":{"desktop":{"background-color":"","background-image":"","background-repeat":"repeat","background-position":"center center","background-size":"auto","background-attachment":"scroll","background-type":"","background-media":"","overlay-type":"","overlay-color":"","overlay-gradient":""},"tablet":{"background-color":"","background-image":"","background-repeat":"repeat","background-position":"center center","background-size":"auto","background-attachment":"scroll","background-type":"","background-media":"","overlay-type":"","overlay-color":"","overlay-gradient":""},"mobile":{"background-color":"","background-image":"","background-repeat":"repeat","background-position":"center center","background-size":"auto","background-attachment":"scroll","background-type":"","background-media":"","overlay-type":"","overlay-color":"","overlay-gradient":""}},"ast-content-background-meta":{"desktop":{"background-color":"var(--ast-global-color-5)","background-image":"","background-repeat":"repeat","background-position":"center center","background-size":"auto","background-attachment":"scroll","background-type":"","background-media":"","overlay-type":"","overlay-color":"","overlay-gradient":""},"tablet":{"background-color":"var(--ast-global-color-5)","background-image":"","background-repeat":"repeat","background-position":"center center","background-size":"auto","background-attachment":"scroll","background-type":"","background-media":"","overlay-type":"","overlay-color":"","overlay-gradient":""},"mobile":{"background-color":"var(--ast-global-color-5)","background-image":"","background-repeat":"repeat","background-position":"center center","background-size":"auto","background-attachment":"scroll","background-type":"","background-media":"","overlay-type":"","overlay-color":"","overlay-gradient":""}},"footnotes":""},"uagb_featured_image_src":{"full":false,"thumbnail":false,"medium":false,"medium_large":false,"large":false,"1536x1536":false,"2048x2048":false},"uagb_author_info":{"display_name":"admin@uepa.br","author_link":"https:\/\/paginas.uepa.br\/ghemaz\/index.php\/author\/adminuepa-br\/"},"uagb_comment_info":0,"uagb_excerpt":"O Grupo de Pesquisa em Hist\u00f3ria, Educa\u00e7\u00e3o e Matem\u00e1tica na Amaz\u00f4nia (GHEMAZ) foi criado com a finalidade de desenvolver estudos e pesquisas sobre Hist\u00f3ria, Educa\u00e7\u00e3o e Matem\u00e1tica, considerando suas interfaces e a constru\u00e7\u00e3o de di\u00e1logos entre essas diferentes \u00e1reas do conhecimento, al\u00e9m de efetuar o resgate da mem\u00f3ria individual, coletiva e institucional e a constitui\u00e7\u00e3o&hellip;","_links":{"self":[{"href":"https:\/\/paginas.uepa.br\/ghemaz\/index.php\/wp-json\/wp\/v2\/pages\/10"}],"collection":[{"href":"https:\/\/paginas.uepa.br\/ghemaz\/index.php\/wp-json\/wp\/v2\/pages"}],"about":[{"href":"https:\/\/paginas.uepa.br\/ghemaz\/index.php\/wp-json\/wp\/v2\/types\/page"}],"author":[{"embeddable":true,"href":"https:\/\/paginas.uepa.br\/ghemaz\/index.php\/wp-json\/wp\/v2\/users\/1"}],"replies":[{"embeddable":true,"href":"https:\/\/paginas.uepa.br\/ghemaz\/index.php\/wp-json\/wp\/v2\/comments?post=10"}],"version-history":[{"count":4,"href":"https:\/\/paginas.uepa.br\/ghemaz\/index.php\/wp-json\/wp\/v2\/pages\/10\/revisions"}],"predecessor-version":[{"id":322,"href":"https:\/\/paginas.uepa.br\/ghemaz\/index.php\/wp-json\/wp\/v2\/pages\/10\/revisions\/322"}],"wp:attachment":[{"href":"https:\/\/paginas.uepa.br\/ghemaz\/index.php\/wp-json\/wp\/v2\/media?parent=10"}],"curies":[{"name":"wp","href":"https:\/\/api.w.org\/{rel}","templated":true}]}}