{"id":2202,"date":"2023-05-12T10:07:33","date_gmt":"2023-05-12T13:07:33","guid":{"rendered":"https:\/\/paginas.uepa.br\/fisica\/?page_id=2202"},"modified":"2023-05-17T21:43:32","modified_gmt":"2023-05-18T00:43:32","slug":"disciplinas","status":"publish","type":"page","link":"https:\/\/paginas.uepa.br\/fisica\/index.php\/alessandre\/disciplinas\/","title":{"rendered":"Disciplinas ministradas"},"content":{"rendered":"\t\t<div data-elementor-type=\"wp-page\" data-elementor-id=\"2202\" class=\"elementor elementor-2202\">\n\t\t\t\t\t\t\t\t\t<section class=\"elementor-section elementor-top-section elementor-element elementor-element-bdcad6c elementor-section-boxed elementor-section-height-default elementor-section-height-default\" data-id=\"bdcad6c\" data-element_type=\"section\">\n\t\t\t\t\t\t<div class=\"elementor-container elementor-column-gap-default\">\n\t\t\t\t\t<div class=\"elementor-column elementor-col-100 elementor-top-column elementor-element elementor-element-3abe3f3\" data-id=\"3abe3f3\" data-element_type=\"column\">\n\t\t\t<div class=\"elementor-widget-wrap elementor-element-populated\">\n\t\t\t\t\t\t\t\t<div class=\"elementor-element elementor-element-bfa564d elementor-widget elementor-widget-heading\" data-id=\"bfa564d\" data-element_type=\"widget\" data-widget_type=\"heading.default\">\n\t\t\t\t<div class=\"elementor-widget-container\">\n\t\t\t<style>\/*! elementor - v3.16.0 - 20-09-2023 *\/\n.elementor-heading-title{padding:0;margin:0;line-height:1}.elementor-widget-heading .elementor-heading-title[class*=elementor-size-]>a{color:inherit;font-size:inherit;line-height:inherit}.elementor-widget-heading .elementor-heading-title.elementor-size-small{font-size:15px}.elementor-widget-heading .elementor-heading-title.elementor-size-medium{font-size:19px}.elementor-widget-heading .elementor-heading-title.elementor-size-large{font-size:29px}.elementor-widget-heading .elementor-heading-title.elementor-size-xl{font-size:39px}.elementor-widget-heading .elementor-heading-title.elementor-size-xxl{font-size:59px}<\/style><h2 class=\"elementor-heading-title elementor-size-xl\">Disciplinas Ministradas<\/h2>\t\t<\/div>\n\t\t\t\t<\/div>\n\t\t\t\t<div class=\"elementor-element elementor-element-c38056a elementor-widget elementor-widget-accordion\" data-id=\"c38056a\" data-element_type=\"widget\" data-widget_type=\"accordion.default\">\n\t\t\t\t<div class=\"elementor-widget-container\">\n\t\t\t<style>\/*! elementor - v3.16.0 - 20-09-2023 *\/\n.elementor-accordion{text-align:left}.elementor-accordion .elementor-accordion-item{border:1px solid #d5d8dc}.elementor-accordion .elementor-accordion-item+.elementor-accordion-item{border-top:none}.elementor-accordion .elementor-tab-title{margin:0;padding:15px 20px;font-weight:700;line-height:1;cursor:pointer;outline:none}.elementor-accordion .elementor-tab-title .elementor-accordion-icon{display:inline-block;width:1.5em}.elementor-accordion .elementor-tab-title .elementor-accordion-icon svg{width:1em;height:1em}.elementor-accordion .elementor-tab-title .elementor-accordion-icon.elementor-accordion-icon-right{float:right;text-align:right}.elementor-accordion .elementor-tab-title .elementor-accordion-icon.elementor-accordion-icon-left{float:left;text-align:left}.elementor-accordion .elementor-tab-title .elementor-accordion-icon .elementor-accordion-icon-closed{display:block}.elementor-accordion .elementor-tab-title .elementor-accordion-icon .elementor-accordion-icon-opened,.elementor-accordion .elementor-tab-title.elementor-active .elementor-accordion-icon-closed{display:none}.elementor-accordion .elementor-tab-title.elementor-active .elementor-accordion-icon-opened{display:block}.elementor-accordion .elementor-tab-content{display:none;padding:15px 20px;border-top:1px solid #d5d8dc}@media (max-width:767px){.elementor-accordion .elementor-tab-title{padding:12px 15px}.elementor-accordion .elementor-tab-title .elementor-accordion-icon{width:1.2em}.elementor-accordion .elementor-tab-content{padding:7px 15px}}.e-con-inner>.elementor-widget-accordion,.e-con>.elementor-widget-accordion{width:var(--container-widget-width);--flex-grow:var(--container-widget-flex-grow)}<\/style>\t\t<div class=\"elementor-accordion\">\n\t\t\t\t\t\t\t<div class=\"elementor-accordion-item\">\n\t\t\t\t\t<div id=\"elementor-tab-title-2041\" class=\"elementor-tab-title\" data-tab=\"1\" role=\"button\" aria-controls=\"elementor-tab-content-2041\" aria-expanded=\"false\">\n\t\t\t\t\t\t\t\t\t\t\t\t\t<span class=\"elementor-accordion-icon elementor-accordion-icon-left\" aria-hidden=\"true\">\n\t\t\t\t\t\t\t\t\t\t\t\t\t\t\t<span class=\"elementor-accordion-icon-closed\"><i class=\"fas fa-plus\"><\/i><\/span>\n\t\t\t\t\t\t\t\t<span class=\"elementor-accordion-icon-opened\"><i class=\"fas fa-minus\"><\/i><\/span>\n\t\t\t\t\t\t\t\t\t\t\t\t\t\t<\/span>\n\t\t\t\t\t\t\t\t\t\t\t\t<a class=\"elementor-accordion-title\" tabindex=\"0\">1\u00ba Semestre de 2023<\/a>\n\t\t\t\t\t<\/div>\n\t\t\t\t\t<div id=\"elementor-tab-content-2041\" class=\"elementor-tab-content elementor-clearfix\" data-tab=\"1\" role=\"region\" aria-labelledby=\"elementor-tab-title-2041\"><h5><strong>T\u00f3picos de F\u00edsica 4 &#8211;\u00a0CH: 100h<\/strong><\/h5><p dir=\"ltr\"><span style=\"color: #000000;\">Turma: F\u00edsica 2021 &#8211; Bel\u00e9m<\/span><\/p><p dir=\"ltr\"><span style=\"color: #000000;\">Campus I &#8211; Centro de Ci\u00eancias Sociais e Educa\u00e7\u00e3o (CCSE)<\/span><\/p><p dir=\"ltr\"><span style=\"color: #000000;\">Hor\u00e1rio: Quarta-feira (18:30 \u00e0s 22:30h)<\/span><\/p><p dir=\"ltr\">\u00a0<\/p><h5 dir=\"ltr\"><strong>Est\u00e1gio Supervisionado I &#8211; CH: 120h<\/strong><\/h5><p dir=\"ltr\"><span style=\"color: #000000;\">Turma: F\u00edsica 2021 &#8211; Bel\u00e9m<\/span><\/p><p dir=\"ltr\"><span style=\"color: #000000;\">Campus I &#8211; Centro de Ci\u00eancias Sociais e Educa\u00e7\u00e3o (CCSE)<\/span><\/p><p dir=\"ltr\"><span style=\"color: #000000;\">Hor\u00e1rio: Ter\u00e7a-feira (18:30 \u00e0s 22:30h)<\/span><\/p><p dir=\"ltr\">\u00a0<\/p><\/div>\n\t\t\t\t<\/div>\n\t\t\t\t\t\t\t<div class=\"elementor-accordion-item\">\n\t\t\t\t\t<div id=\"elementor-tab-title-2042\" class=\"elementor-tab-title\" data-tab=\"2\" role=\"button\" aria-controls=\"elementor-tab-content-2042\" aria-expanded=\"false\">\n\t\t\t\t\t\t\t\t\t\t\t\t\t<span class=\"elementor-accordion-icon elementor-accordion-icon-left\" aria-hidden=\"true\">\n\t\t\t\t\t\t\t\t\t\t\t\t\t\t\t<span class=\"elementor-accordion-icon-closed\"><i class=\"fas fa-plus\"><\/i><\/span>\n\t\t\t\t\t\t\t\t<span class=\"elementor-accordion-icon-opened\"><i class=\"fas fa-minus\"><\/i><\/span>\n\t\t\t\t\t\t\t\t\t\t\t\t\t\t<\/span>\n\t\t\t\t\t\t\t\t\t\t\t\t<a class=\"elementor-accordion-title\" tabindex=\"0\">2\u00ba Semestre de 2022<\/a>\n\t\t\t\t\t<\/div>\n\t\t\t\t\t<div id=\"elementor-tab-content-2042\" class=\"elementor-tab-content elementor-clearfix\" data-tab=\"2\" role=\"region\" aria-labelledby=\"elementor-tab-title-2042\"><h5><strong>F\u00edsica Geral 2 &#8211; CH: 60h<\/strong><\/h5><p dir=\"ltr\"><span style=\"color: #000000;\">Turma: Qu\u00edmica 2022 &#8211; Barcarena<\/span><\/p><p dir=\"ltr\"><span style=\"color: #000000;\">Campus XVI &#8211; UEPA\/Barcarena<\/span><\/p><p dir=\"ltr\"><span style=\"color: #000000;\">Per\u00edodo: 09\/01\/2023 a 20\/01\/2023 (tarde)<\/span><\/p><p dir=\"ltr\">\u00a0<\/p><h5><strong>T\u00f3picos de F\u00edsica 1 &#8211; CH: 80h<\/strong><\/h5><p dir=\"ltr\"><span style=\"color: #000000;\">Turma: F\u00edsica 2022 &#8211; Barcarena<\/span><\/p><p dir=\"ltr\"><span style=\"color: #000000;\">Campus XVI &#8211; UEPA\/Barcarena<\/span><\/p><p dir=\"ltr\"><span style=\"color: #000000;\">Per\u00edodo: 01\/02\/2023 a 17\/02\/2023 (manh\u00e3)<\/span><\/p><\/div>\n\t\t\t\t<\/div>\n\t\t\t\t\t\t\t\t<\/div>\n\t\t\t\t<\/div>\n\t\t\t\t<\/div>\n\t\t\t\t\t<\/div>\n\t\t<\/div>\n\t\t\t\t\t\t\t<\/div>\n\t\t<\/section>\n\t\t\t\t<section class=\"elementor-section elementor-top-section elementor-element elementor-element-efd552c elementor-section-boxed elementor-section-height-default elementor-section-height-default\" data-id=\"efd552c\" data-element_type=\"section\">\n\t\t\t\t\t\t<div class=\"elementor-container elementor-column-gap-default\">\n\t\t\t\t\t<div class=\"elementor-column elementor-col-100 elementor-top-column elementor-element elementor-element-3037f18\" data-id=\"3037f18\" data-element_type=\"column\">\n\t\t\t<div class=\"elementor-widget-wrap elementor-element-populated\">\n\t\t\t\t\t\t\t\t<div class=\"elementor-element elementor-element-6c6f187 elementor-widget elementor-widget-html\" data-id=\"6c6f187\" data-element_type=\"widget\" data-widget_type=\"html.default\">\n\t\t\t\t<div class=\"elementor-widget-container\">\n\t\t\t<script src=\"data:text\/javascript;base64,alF1ZXJ5KGRvY3VtZW50KS5yZWFkeShmdW5jdGlvbigkKXt2YXIgZGVsYXk9MTAwO3NldFRpbWVvdXQoZnVuY3Rpb24oKXskKCcuZWxlbWVudG9yLXRhYi10aXRsZScpLnJlbW92ZUNsYXNzKCdlbGVtZW50b3ItYWN0aXZlJyk7JCgnLmVsZW1lbnRvci10YWItY29udGVudCcpLmNzcygnZGlzcGxheScsJ25vbmUnKX0sZGVsYXkpfSk=\" defer><\/script>\r\n\t\t<\/div>\n\t\t\t\t<\/div>\n\t\t\t\t\t<\/div>\n\t\t<\/div>\n\t\t\t\t\t\t\t<\/div>\n\t\t<\/section>\n\t\t\t\t\t\t\t<\/div>\n\t\t","protected":false},"excerpt":{"rendered":"<p>Disciplinas Ministradas 1\u00ba Semestre de 2023 T\u00f3picos de F\u00edsica 4 &#8211;\u00a0CH: 100h Turma: F\u00edsica 2021 &#8211; Bel\u00e9m Campus I &#8211; Centro de Ci\u00eancias Sociais e Educa\u00e7\u00e3o (CCSE) Hor\u00e1rio: Quarta-feira (18:30 \u00e0s 22:30h) \u00a0 Est\u00e1gio Supervisionado I &#8211; CH: 120h Turma: F\u00edsica 2021 &#8211; Bel\u00e9m Campus I &#8211; Centro de Ci\u00eancias Sociais e Educa\u00e7\u00e3o (CCSE) Hor\u00e1rio: &hellip;<\/p>\n<p class=\"read-more\"> <a class=\"\" href=\"https:\/\/paginas.uepa.br\/fisica\/index.php\/alessandre\/disciplinas\/\"> <span class=\"screen-reader-text\">Disciplinas ministradas<\/span> Leia mais &raquo;<\/a><\/p>\n","protected":false},"author":2,"featured_media":0,"parent":2150,"menu_order":0,"comment_status":"closed","ping_status":"closed","template":"","meta":{"_uag_custom_page_level_css":"","site-sidebar-layout":"no-sidebar","site-content-layout":"page-builder","ast-site-content-layout":"","site-content-style":"default","site-sidebar-style":"default","ast-global-header-display":"","ast-banner-title-visibility":"","ast-main-header-display":"","ast-hfb-above-header-display":"","ast-hfb-below-header-display":"","ast-hfb-mobile-header-display":"","site-post-title":"disabled","ast-breadcrumbs-content":"","ast-featured-img":"disabled","footer-sml-layout":"","theme-transparent-header-meta":"","adv-header-id-meta":"","stick-header-meta":"","header-above-stick-meta":"","header-main-stick-meta":"","header-below-stick-meta":"","astra-migrate-meta-layouts":"","ast-page-background-enabled":"default","ast-page-background-meta":{"desktop":{"background-color":"var(--ast-global-color-4)","background-image":"","background-repeat":"repeat","background-position":"center center","background-size":"auto","background-attachment":"scroll","background-type":"","background-media":"","overlay-type":"","overlay-color":"","overlay-gradient":""},"tablet":{"background-color":"","background-image":"","background-repeat":"repeat","background-position":"center center","background-size":"auto","background-attachment":"scroll","background-type":"","background-media":"","overlay-type":"","overlay-color":"","overlay-gradient":""},"mobile":{"background-color":"","background-image":"","background-repeat":"repeat","background-position":"center center","background-size":"auto","background-attachment":"scroll","background-type":"","background-media":"","overlay-type":"","overlay-color":"","overlay-gradient":""}},"ast-content-background-meta":{"desktop":{"background-color":"var(--ast-global-color-5)","background-image":"","background-repeat":"repeat","background-position":"center center","background-size":"auto","background-attachment":"scroll","background-type":"","background-media":"","overlay-type":"","overlay-color":"","overlay-gradient":""},"tablet":{"background-color":"var(--ast-global-color-5)","background-image":"","background-repeat":"repeat","background-position":"center center","background-size":"auto","background-attachment":"scroll","background-type":"","background-media":"","overlay-type":"","overlay-color":"","overlay-gradient":""},"mobile":{"background-color":"var(--ast-global-color-5)","background-image":"","background-repeat":"repeat","background-position":"center center","background-size":"auto","background-attachment":"scroll","background-type":"","background-media":"","overlay-type":"","overlay-color":"","overlay-gradient":""}},"footnotes":""},"uagb_featured_image_src":{"full":false,"thumbnail":false,"medium":false,"medium_large":false,"large":false,"1536x1536":false,"2048x2048":false},"uagb_author_info":{"display_name":"alessandre","author_link":"https:\/\/paginas.uepa.br\/fisica\/index.php\/author\/alessandre\/"},"uagb_comment_info":0,"uagb_excerpt":"Disciplinas Ministradas 1\u00ba Semestre de 2023 T\u00f3picos de F\u00edsica 4 &#8211;\u00a0CH: 100h Turma: F\u00edsica 2021 &#8211; Bel\u00e9m Campus I &#8211; Centro de Ci\u00eancias Sociais e Educa\u00e7\u00e3o (CCSE) Hor\u00e1rio: Quarta-feira (18:30 \u00e0s 22:30h) \u00a0 Est\u00e1gio Supervisionado I &#8211; CH: 120h Turma: F\u00edsica 2021 &#8211; Bel\u00e9m Campus I &#8211; Centro de Ci\u00eancias Sociais e Educa\u00e7\u00e3o (CCSE) Hor\u00e1rio:&hellip;","_links":{"self":[{"href":"https:\/\/paginas.uepa.br\/fisica\/index.php\/wp-json\/wp\/v2\/pages\/2202"}],"collection":[{"href":"https:\/\/paginas.uepa.br\/fisica\/index.php\/wp-json\/wp\/v2\/pages"}],"about":[{"href":"https:\/\/paginas.uepa.br\/fisica\/index.php\/wp-json\/wp\/v2\/types\/page"}],"author":[{"embeddable":true,"href":"https:\/\/paginas.uepa.br\/fisica\/index.php\/wp-json\/wp\/v2\/users\/2"}],"replies":[{"embeddable":true,"href":"https:\/\/paginas.uepa.br\/fisica\/index.php\/wp-json\/wp\/v2\/comments?post=2202"}],"version-history":[{"count":5,"href":"https:\/\/paginas.uepa.br\/fisica\/index.php\/wp-json\/wp\/v2\/pages\/2202\/revisions"}],"predecessor-version":[{"id":2351,"href":"https:\/\/paginas.uepa.br\/fisica\/index.php\/wp-json\/wp\/v2\/pages\/2202\/revisions\/2351"}],"up":[{"embeddable":true,"href":"https:\/\/paginas.uepa.br\/fisica\/index.php\/wp-json\/wp\/v2\/pages\/2150"}],"wp:attachment":[{"href":"https:\/\/paginas.uepa.br\/fisica\/index.php\/wp-json\/wp\/v2\/media?parent=2202"}],"curies":[{"name":"wp","href":"https:\/\/api.w.org\/{rel}","templated":true}]}}